{"id":741391,"date":"2025-08-28T00:48:42","date_gmt":"2025-08-27T21:48:42","guid":{"rendered":"https:\/\/roveyayinevi.com.tr\/index.php\/urun\/kucuk-sirlar-3\/"},"modified":"2026-04-16T02:52:38","modified_gmt":"2026-04-15T23:52:38","slug":"kucuk-sirlar-3","status":"publish","type":"product","link":"https:\/\/roveyayinevi.com.tr\/index.php\/urun\/kucuk-sirlar-3\/","title":{"rendered":"K\u00fc\u00e7\u00fck S\u0131rlar"},"content":{"rendered":"<p>Marin\u2019in m\u00fckemmel bir ya\u015fam\u0131 vard\u0131. \u00dcniversite a\u015fk\u0131yla evlenmi\u015fti, kendi l\u00fcks kuaf\u00f6r zincirini kurmu\u015ftu ve e\u015fi Derek de kendi \u015firketini y\u00f6netiyordu. Herkes sevgi dolu aile hayatlar\u0131na g\u0131ptayla bak\u0131yordu. Ta ki g\u00fcn\u00fcn birinde o\u011fullar\u0131 Sebastian\u2019\u0131n ka\u00e7\u0131r\u0131lmas\u0131yla o mutlu tablo parampar\u00e7a olana kadar.O\u011flunun ortadan kaybolmas\u0131n\u0131n \u00fczerinden bir y\u0131l ge\u00e7mi\u015f, Marin sanki kendisinin bir hayaletine d\u00f6n\u00fc\u015fm\u00fc\u015ft\u00fc. FBI soru\u015fturmas\u0131 ask\u0131ya al\u0131nm\u0131\u015f, ilanlar eskide kalm\u0131\u015f, o hari\u00e7 herkes hayat\u0131na devam etmenin yolunu bulmu\u015ftu. Polisin b\u0131rakt\u0131\u011f\u0131 yerden ara\u015ft\u0131rmaya devam etmesi i\u00e7in tuttu\u011fu \u00f6zel dedektifin bulduklar\u0131na bak\u0131l\u0131rsa, gen\u00e7 bir kad\u0131nla aylard\u0131r yasak a\u015fk ya\u015fayan Derek her \u015feyi \u00e7oktan unutmu\u015ftu. Marin\u2019i hayata d\u00f6nd\u00fcren de i\u015fte bu olmu\u015ftu. O\u011flunu kaybetmi\u015fti; kocas\u0131n\u0131 da kaybetmeye hi\u00e7 niyeti yoktu. Kendisinin taban tabana z\u0131dd\u0131 olan Kenzie Li kanl\u0131 canl\u0131 bir d\u00fc\u015fmand\u0131, bu da demekti ki Marin bu sorunu halledebilirdi.Hem de kal\u0131c\u0131 olarak.\u2022 Library Reads \u2022 Parade Magazine \u2022 Criminal Element \u2022 CrimeReads2020\u2019nin En \u0130yi Kitaplar\u0131ndan Biri\u2022 USA Today \u2022 Amazon \u2022 Cosmopolitan \u2022 Entertainment Weekly \u2022 Huffington PostAy\u0131n En \u0130yi Kitab\u0131\u201cCesur ve unutulmaz. K\u00fc\u00e7\u00fck S\u0131rlar\u2019da bir gerilimden bekleyece\u011finiz her \u015fey var \u2013 karma\u015f\u0131k karakterler, insan\u0131n kalbini a\u011fz\u0131na getiren bir gizem ve \u00e7arp\u0131c\u0131 bir son. Jennifer Hillier en sevdi\u011fim yazarlardan biri ve bu da \u015fimdiye kadarki en iyi kitab\u0131.\u201d \u2014Riley Sager\u201cUfak Yang\u0131nlar\u2019\u0131 sevdiyseniz bunu da okuyun.\u201d \u2014SheKnows\u201c\u015eehvete, tak\u0131nt\u0131ya, a\u00e7g\u00f6zl\u00fcl\u00fc\u011fe ve ihanete dair m\u00fcthi\u015f kurgulanm\u0131\u015f bir psikolojik gerilim.\u201d \u2014Publishers Weekly\u201cK\u00f6t\u00fc ama\u00e7lar ve \u00e7arp\u0131k ittifaklar g\u00fcn y\u00fcz\u00fcne \u00e7\u0131kt\u0131k\u00e7a gerilim daha da art\u0131yor.\u201d \u2014Kirkus\u201cU\u00e7urumun kenar\u0131ndaki bir kad\u0131na ve o kad\u0131n\u0131n kendi ba\u011flar\u0131ndan kurtulabilmek i\u00e7in neler yapabilece\u011fine dair \u00fcst d\u00fczey bir psikolojik gerilim.\u201d \u2014Providence Journal\u201cBu kitap okunmas\u0131 gerekenler listenizin en tepesinde yer almal\u0131.\u201d \u2014Suspense Magazine\u201cK\u00fc\u00e7\u00fck S\u0131rlar\u2019\u0131n kapa\u011f\u0131n\u0131 a\u00e7t\u0131m, bir daha da elimden b\u0131rakamad\u0131m. Merak duygusu \u00e7ok y\u00fcksek, \u00f6nemsedi\u011fim karakterlerle dolu ve \u015fimdiye kadar okudu\u011fum en tatmin edici sonlardan birine sahip.\u201d \u2014Jess Lourey\u201cK\u00fc\u00e7\u00fck S\u0131rlar t\u00fcm anne babalar\u0131n k\u00e2busuyla ba\u015fl\u0131yor \u2013 kalabal\u0131k bir yerde bir \u00e7ocu\u011fun kaybolmas\u0131yla. \u0130nsan\u0131n midesine yumruk indiren a\u00e7\u0131l\u0131\u015f sahnesi, travma, keder ve intikam\u0131n i\u00e7 i\u00e7e ge\u00e7ti\u011fi, olay\u0131n b\u00fct\u00fcn taraflar\u0131yla s\u0131rad\u0131\u015f\u0131 bir empati kuraca\u011f\u0131n\u0131z bir hik\u00e2yeye d\u00f6n\u00fc\u015f\u00fcyor.\u201d \u2014Laura Lippman\u201cK\u00fc\u00e7\u00fck S\u0131rlar, okurlar\u0131n a\u011fz\u0131n\u0131 a\u00e7\u0131k b\u0131rakacak. Bu kitab\u0131 sadece okumuyorsunuz, onu i\u00e7inize \u00e7ekiyorsunuz.\u201d \u2014Mary Kubica\u201cS\u00fcr\u00fckleyici ve merak uyand\u0131r\u0131c\u0131 \u2013 Hillier usta bir hik\u00e2ye anlat\u0131c\u0131s\u0131.\u201d \u2014Chevy Stevens\u201cElinizden b\u0131rakamayaca\u011f\u0131n\u0131z bu kitaba bay\u0131lacaks\u0131n\u0131z. Keskin bir \u00fcslup, inand\u0131r\u0131c\u0131 karakterler, duygusal derinlik \u2013 uzun zamand\u0131r okudu\u011fum en iyi kitaplardan biri. Kesinlikle bay\u0131ld\u0131m!\u201d \u2014Liv Constantine\u201cK\u00fc\u00e7\u00fck S\u0131rlar g\u00fc\u00e7l\u00fc, insan\u0131 i\u00e7ine \u00e7eken bir macera. Her g\u00fcn, ak\u015fam olsun da bu \u00e7ok katmanl\u0131 karakterlerle ve Jennifer Hillier\u2019\u0131n s\u00fcr\u00fckleyici anlat\u0131m\u0131yla ba\u015f ba\u015fa kalay\u0131m diye bekledim. Kendinizi ola\u011fan\u00fcst\u00fc bir kitaba haz\u0131rlay\u0131n.\u201d \u2014Alafair Burke\u201cJennifer Hillier, gerilim t\u00fcr\u00fcn\u00fcn dinamosu. K\u00fc\u00e7\u00fck S\u0131rlar sofistike, merak uyand\u0131ran, y\u00fcrek burkan, \u015fa\u015f\u0131rt\u0131c\u0131 ve kesinlikle muhte\u015fem bir kitap. Bu y\u0131l tek bir kitap okuyabilecekseniz, onun bu oldu\u011fundan emin olun.\u201d \u2014Lisa Regan\u201cSayfay\u0131 her \u00e7eviri\u015finizde hararetin artt\u0131\u011f\u0131 s\u0131rad\u0131\u015f\u0131 bir gerilim. Jennifer Hillier \u00f6yle ger\u00e7ek karakterler yaratm\u0131\u015f ki kendinizi onlar\u0131n karanl\u0131k, \u00e7arp\u0131k d\u00fcnyas\u0131n\u0131n bir par\u00e7as\u0131 gibi hissedeceksiniz. K\u00fc\u00e7\u00fck S\u0131rlar bu sene okudu\u011fum en iyi kitaplardan biri.\u201d \u2014Matthew Farrell<\/p>\n","protected":false},"excerpt":{"rendered":"<p>Marin\u2019in m\u00fckemmel bir ya\u015fam\u0131 vard\u0131. \u00dcniversite a\u015fk\u0131yla evlenmi\u015fti, kendi l\u00fcks kuaf\u00f6r zincirini kurmu\u015ftu ve e\u015fi Derek de kendi \u015firketini y\u00f6netiyordu. Herkes sevgi dolu aile hayatlar\u0131na g\u0131ptayla<span class=\"excerpt-hellip\"> [\u2026]<\/span><\/p>\n","protected":false},"featured_media":0,"template":"","meta":{"_monsterinsights_skip_tracking":false,"_monsterinsights_sitenote_active":false,"_monsterinsights_sitenote_note":"","_monsterinsights_sitenote_category":0},"product_brand":[],"product_cat":[12291,17033],"product_tag":[],"class_list":{"0":"post-741391","1":"product","2":"type-product","3":"status-publish","5":"product_cat-edebiyat","6":"product_cat-korku-gerilim","7":"pa_cilt-ciltsiz","8":"pa_tur-kitap","9":"pa_yayinevi-yabanci-yayinevi","10":"pa_yazar-jennifer-hillier","12":"first","13":"instock","14":"sale","15":"shipping-taxable","16":"purchasable","17":"product-type-simple"},"_links":{"self":[{"href":"https:\/\/roveyayinevi.com.tr\/index.php\/wp-json\/wp\/v2\/product\/741391","targetHints":{"allow":["GET"]}}],"collection":[{"href":"https:\/\/roveyayinevi.com.tr\/index.php\/wp-json\/wp\/v2\/product"}],"about":[{"href":"https:\/\/roveyayinevi.com.tr\/index.php\/wp-json\/wp\/v2\/types\/product"}],"wp:attachment":[{"href":"https:\/\/roveyayinevi.com.tr\/index.php\/wp-json\/wp\/v2\/media?parent=741391"}],"wp:term":[{"taxonomy":"product_brand","embeddable":true,"href":"https:\/\/roveyayinevi.com.tr\/index.php\/wp-json\/wp\/v2\/product_brand?post=741391"},{"taxonomy":"product_cat","embeddable":true,"href":"https:\/\/roveyayinevi.com.tr\/index.php\/wp-json\/wp\/v2\/product_cat?post=741391"},{"taxonomy":"product_tag","embeddable":true,"href":"https:\/\/roveyayinevi.com.tr\/index.php\/wp-json\/wp\/v2\/product_tag?post=741391"}],"curies":[{"name":"wp","href":"https:\/\/api.w.org\/{rel}","templated":true}]}}