{"id":741385,"date":"2025-08-28T00:48:35","date_gmt":"2025-08-27T21:48:35","guid":{"rendered":"https:\/\/roveyayinevi.com.tr\/index.php\/urun\/reset-at-video-oyun-sektorundeki-cokus-ve-toparlanmalar\/"},"modified":"2026-04-16T02:52:38","modified_gmt":"2026-04-15T23:52:38","slug":"reset-at-video-oyun-sektorundeki-cokus-ve-toparlanmalar","status":"publish","type":"product","link":"https:\/\/roveyayinevi.com.tr\/index.php\/urun\/reset-at-video-oyun-sektorundeki-cokus-ve-toparlanmalar\/","title":{"rendered":"Reset At: Video Oyun Sekt\u00f6r\u00fcndeki \u00c7\u00f6k\u00fc\u015f ve Toparlanmalar"},"content":{"rendered":"<p>\u201cReset At, sekt\u00f6re girmek isteyenler i\u00e7in vazge\u00e7ilmez bir kaynak. Kendilerini oyunlara adam\u0131\u015f oyuncular i\u00e7inse ellerinden d\u00fc\u015f\u00fcremeyecekleri bir kitap.\u201d \u2013Wall Street Journal\u201cSchreier\u2019\u0131n gazetecili\u011finin bir e\u015fi benzeri yok.\u201d \u2013Forbes\u00c7oksatan Kan, Ter ve Pikseller\u2019in yazar\u0131ndan oyun end\u00fcstrisini mercek alt\u0131na alan yepyeni bir kitap. Jason Schreier\u2019\u0131n sekt\u00f6r\u00fcn i\u00e7indeki onlarca ki\u015fiyle yapt\u0131\u011f\u0131 r\u00f6portajlardan derlenen bu kitap, son y\u0131llar\u0131n en \u00fcnl\u00fc st\u00fcdyolar\u0131n\u0131n nas\u0131l kapand\u0131\u011f\u0131n\u0131 ve sonras\u0131nda ya\u015fananlar\u0131 g\u00f6zler \u00f6n\u00fcne seriyor.Bioshock Infinite, Epic Mickey ve Dead Space gibi piyasan\u0131n mihenk ta\u015flar\u0131ndan say\u0131lan bir\u00e7ok oyunun geli\u015ftirilme s\u00fcrecini ve onlar\u0131 yapan firmalar\u0131n \u015fok edici kapan\u0131\u015f hik\u00e2yelerini ilk a\u011f\u0131zdan r\u00f6portajlarla ele alan Reset At, geli\u015ftiricilerin bu olaylardan nas\u0131l etkilendi\u011fini, kendilerini nas\u0131l toparlad\u0131klar\u0131n\u0131, hayatlar\u0131na nas\u0131l devam ettiklerini ya da bu end\u00fcstriyi nas\u0131l terk ettiklerini anlat\u0131yor.Oyun end\u00fcstrisi hi\u00e7 olmad\u0131\u011f\u0131 kadar g\u00fc\u00e7lenmi\u015fken oyun tasarlayarak d\u00fczg\u00fcn bir hayat kurmak neden bu kadar zorla\u015ft\u0131? Bu d\u00fczeni de\u011fi\u015ftirmek i\u00e7in \u00e7ok mu ge\u00e7 kal\u0131nd\u0131? Bu sorular\u0131n ve \u00e7ok daha fazlas\u0131n\u0131n cevab\u0131 bu sayfalar\u0131n aras\u0131nda.<\/p>\n","protected":false},"excerpt":{"rendered":"<p>\u201cReset At, sekt\u00f6re girmek isteyenler i\u00e7in vazge\u00e7ilmez bir kaynak. Kendilerini oyunlara adam\u0131\u015f oyuncular i\u00e7inse ellerinden d\u00fc\u015f\u00fcremeyecekleri bir kitap.\u201d \u2013Wall Street Journal\u201cSchreier\u2019\u0131n gazetecili\u011finin bir e\u015fi benzeri yok.\u201d<span class=\"excerpt-hellip\"> [\u2026]<\/span><\/p>\n","protected":false},"featured_media":0,"template":"","meta":{"_monsterinsights_skip_tracking":false,"_monsterinsights_sitenote_active":false,"_monsterinsights_sitenote_note":"","_monsterinsights_sitenote_category":0},"product_brand":[],"product_cat":[13005,13006],"product_tag":[],"class_list":{"0":"post-741385","1":"product","2":"type-product","3":"status-publish","5":"product_cat-bilim-muhendislik","6":"product_cat-populer-bilim","7":"pa_cilt-ciltsiz","8":"pa_tur-kitap","9":"pa_yayinevi-ithaki-yayinlari","10":"pa_yazar-jason-schreier","12":"first","13":"instock","14":"sale","15":"shipping-taxable","16":"purchasable","17":"product-type-simple"},"_links":{"self":[{"href":"https:\/\/roveyayinevi.com.tr\/index.php\/wp-json\/wp\/v2\/product\/741385","targetHints":{"allow":["GET"]}}],"collection":[{"href":"https:\/\/roveyayinevi.com.tr\/index.php\/wp-json\/wp\/v2\/product"}],"about":[{"href":"https:\/\/roveyayinevi.com.tr\/index.php\/wp-json\/wp\/v2\/types\/product"}],"wp:attachment":[{"href":"https:\/\/roveyayinevi.com.tr\/index.php\/wp-json\/wp\/v2\/media?parent=741385"}],"wp:term":[{"taxonomy":"product_brand","embeddable":true,"href":"https:\/\/roveyayinevi.com.tr\/index.php\/wp-json\/wp\/v2\/product_brand?post=741385"},{"taxonomy":"product_cat","embeddable":true,"href":"https:\/\/roveyayinevi.com.tr\/index.php\/wp-json\/wp\/v2\/product_cat?post=741385"},{"taxonomy":"product_tag","embeddable":true,"href":"https:\/\/roveyayinevi.com.tr\/index.php\/wp-json\/wp\/v2\/product_tag?post=741385"}],"curies":[{"name":"wp","href":"https:\/\/api.w.org\/{rel}","templated":true}]}}