{"id":741384,"date":"2025-08-28T00:48:33","date_gmt":"2025-08-27T21:48:33","guid":{"rendered":"https:\/\/roveyayinevi.com.tr\/index.php\/urun\/dunya-ati\/"},"modified":"2026-04-12T02:57:02","modified_gmt":"2026-04-11T23:57:02","slug":"dunya-ati","status":"publish","type":"product","link":"https:\/\/roveyayinevi.com.tr\/index.php\/urun\/dunya-ati\/","title":{"rendered":"D\u00fcnya At\u0131"},"content":{"rendered":"<p>D\u00fcnya; okyanusta y\u00fczen bir tahta par\u00e7as\u0131 m\u0131d\u0131r yoksa kelimelerin \u00fczerinde y\u00fczen, harflerin manalara dokunarak ilerledi\u011fi bir hazine sand\u0131\u011f\u0131 m\u0131? Bir g\u00f6\u00e7 katar\u0131 m\u0131? Bir kirli gemi mi? Biz, bir y\u00fcz\u00fc\u015f\u00fc m\u00fc, bir g\u00f6\u00e7 katar\u0131n\u0131 m\u0131 seyrediyoruz, durdu\u011fumuz \u00e7a\u011fdan? Dengemizi kaybetmemek i\u00e7in bir seyre mi tutunuyoruz b\u00f6yle?<\/p>\n","protected":false},"excerpt":{"rendered":"<p>D\u00fcnya; okyanusta y\u00fczen bir tahta par\u00e7as\u0131 m\u0131d\u0131r yoksa kelimelerin \u00fczerinde y\u00fczen, harflerin manalara dokunarak ilerledi\u011fi bir hazine sand\u0131\u011f\u0131 m\u0131? Bir g\u00f6\u00e7 katar\u0131 m\u0131? Bir kirli gemi<span class=\"excerpt-hellip\"> [\u2026]<\/span><\/p>\n","protected":false},"featured_media":0,"template":"","meta":{"_monsterinsights_skip_tracking":false,"_monsterinsights_sitenote_active":false,"_monsterinsights_sitenote_note":"","_monsterinsights_sitenote_category":0},"product_brand":[],"product_cat":[12291,12711],"product_tag":[],"class_list":{"0":"post-741384","1":"product","2":"type-product","3":"status-publish","5":"product_cat-edebiyat","6":"product_cat-roman-oyku","7":"pa_cilt-ciltsiz","8":"pa_tur-kitap","9":"pa_yayinevi-muhit-kitap","10":"pa_yazar-aysegul-genc","12":"first","13":"instock","14":"sale","15":"shipping-taxable","16":"purchasable","17":"product-type-simple"},"_links":{"self":[{"href":"https:\/\/roveyayinevi.com.tr\/index.php\/wp-json\/wp\/v2\/product\/741384","targetHints":{"allow":["GET"]}}],"collection":[{"href":"https:\/\/roveyayinevi.com.tr\/index.php\/wp-json\/wp\/v2\/product"}],"about":[{"href":"https:\/\/roveyayinevi.com.tr\/index.php\/wp-json\/wp\/v2\/types\/product"}],"wp:attachment":[{"href":"https:\/\/roveyayinevi.com.tr\/index.php\/wp-json\/wp\/v2\/media?parent=741384"}],"wp:term":[{"taxonomy":"product_brand","embeddable":true,"href":"https:\/\/roveyayinevi.com.tr\/index.php\/wp-json\/wp\/v2\/product_brand?post=741384"},{"taxonomy":"product_cat","embeddable":true,"href":"https:\/\/roveyayinevi.com.tr\/index.php\/wp-json\/wp\/v2\/product_cat?post=741384"},{"taxonomy":"product_tag","embeddable":true,"href":"https:\/\/roveyayinevi.com.tr\/index.php\/wp-json\/wp\/v2\/product_tag?post=741384"}],"curies":[{"name":"wp","href":"https:\/\/api.w.org\/{rel}","templated":true}]}}