{"id":741377,"date":"2025-08-28T00:48:26","date_gmt":"2025-08-27T21:48:26","guid":{"rendered":"https:\/\/roveyayinevi.com.tr\/index.php\/urun\/rusyanin-batidan-kopusu-dogu-ve-bati-arasinda-rusya\/"},"modified":"2026-04-16T02:52:38","modified_gmt":"2026-04-15T23:52:38","slug":"rusyanin-batidan-kopusu-dogu-ve-bati-arasinda-rusya","status":"publish","type":"product","link":"https:\/\/roveyayinevi.com.tr\/index.php\/urun\/rusyanin-batidan-kopusu-dogu-ve-bati-arasinda-rusya\/","title":{"rendered":"Rusya\u2019n\u0131n Bat\u0131\u2019dan Kopu\u015fu: Do\u011fu ve Bat\u0131 Aras\u0131nda Rusya"},"content":{"rendered":"<p>Rusya\u2019n\u0131n 600 y\u0131ll\u0131k devlet gelene\u011findeki imparatorluk alg\u0131s\u0131, bir yandan Rusya\u2019n\u0131n hegemon g\u00fc\u00e7 olmas\u0131n\u0131 sa\u011flayan k\u00fclt\u00fcrel kodlar\u0131 olu\u015ftururken, di\u011fer yandan tarihin kritik d\u00f6nemlerinde bir matru\u015fka gibi a\u00e7\u0131larak, Rus devletinin k\u00fc\u00e7\u00fclmesine yol a\u00e7m\u0131\u015ft\u0131r. Ancak Rusya, k\u00fc\u00e7\u00fcld\u00fc\u011f\u00fc her d\u00f6nem bu \u0130mparatorluk alg\u0131s\u0131na tutunarak, tekrar aya\u011fa kalkmay\u0131 ba\u015farabilmi\u015ftir. Bunun s\u0131rr\u0131 18. ve 19. y\u00fczy\u0131llarda Rusya\u2019da ya\u015fanan k\u00fclt\u00fcr, sanat ve siyaset alan\u0131ndaki geli\u015fmelerde yatmaktad\u0131r. Rusya\u2019n\u0131n kendisini, Rus\/Slav k\u00fclt\u00fcr\u00fcn\u00fcn, dilinin, Ortodoks H\u0131ristiyanl\u0131\u011f\u0131n\u0131n ve Bizans\u2019\u0131n miras\u00e7\u0131s\u0131 olarak g\u00f6rmesi, yay\u0131lmac\u0131 politikalar\u0131n\u0131n temel me\u015fruiyet noktas\u0131 olmu\u015ftur.Rus \u0130mparatorlu\u011funun yay\u0131ld\u0131\u011f\u0131 iki b\u00fcy\u00fck co\u011frafya bu k\u00fclt\u00fcrel kodlar\u0131n olu\u015fmas\u0131na ve geli\u015fmesine do\u011frudan etki etmi\u015ftir. Rus tarih yaz\u0131m\u0131n\u0131n iki kutsal co\u011frafyas\u0131 olan B\u00fcy\u00fck Novgorod Cumhuriyeti ile Moskova Knezli\u011fi, Rus \u0130mparatorluk alg\u0131s\u0131n\u0131n Bat\u0131 ve Do\u011fu y\u00fcz\u00fcn\u00fc olu\u015fturmaktad\u0131r. Bu co\u011frafyalar aras\u0131ndaki k\u00fclt\u00fcrel, ekonomik ve y\u00f6netimsel farkl\u0131l\u0131klar\u0131 g\u00f6rmezden gelerek ya da Rusya\u2019n\u0131n tarihinde mite d\u00f6n\u00fc\u015fm\u00fc\u015f Bat\u0131-Do\u011fu ikilemini \u00e7\u00f6zmeden Rusya\u2019n\u0131n bug\u00fcn\u00fcn\u00fc anlamak m\u00fcmk\u00fcn de\u011fildir.  Bu kitap, bir yandan Rusya\u2019n\u0131n resmi ve gayriresmi tarihsel anlat\u0131s\u0131nda k\u00fclt\u00fcrel kodlardaki farkl\u0131l\u0131klar\u0131n neler oldu\u011fu ve nas\u0131l \u015fekillendiklerine odaklan\u0131rken, bir yandan da Rus tarih yaz\u0131m\u0131nda \u00e7o\u011fu zaman gizlenmek istenen bir anlat\u0131y\u0131 ele\u015ftirel bir  bak\u0131\u015fla sunmaktad\u0131r.  <\/p>\n","protected":false},"excerpt":{"rendered":"<p>Rusya\u2019n\u0131n 600 y\u0131ll\u0131k devlet gelene\u011findeki imparatorluk alg\u0131s\u0131, bir yandan Rusya\u2019n\u0131n hegemon g\u00fc\u00e7 olmas\u0131n\u0131 sa\u011flayan k\u00fclt\u00fcrel kodlar\u0131 olu\u015ftururken, di\u011fer yandan tarihin kritik d\u00f6nemlerinde bir matru\u015fka gibi a\u00e7\u0131larak,<span class=\"excerpt-hellip\"> [\u2026]<\/span><\/p>\n","protected":false},"featured_media":0,"template":"","meta":{"_monsterinsights_skip_tracking":false,"_monsterinsights_sitenote_active":false,"_monsterinsights_sitenote_note":"","_monsterinsights_sitenote_category":0},"product_brand":[],"product_cat":[13059,12337],"product_tag":[],"class_list":{"0":"post-741377","1":"product","2":"type-product","3":"status-publish","5":"product_cat-diger-politika-siyaset","6":"product_cat-politika-siyaset","7":"pa_cilt-ciltsiz","8":"pa_tur-kitap","9":"pa_yayinevi-nika-yayinevi","10":"pa_yazar-orhan-gafarli","12":"first","13":"instock","14":"sale","15":"shipping-taxable","16":"purchasable","17":"product-type-simple"},"_links":{"self":[{"href":"https:\/\/roveyayinevi.com.tr\/index.php\/wp-json\/wp\/v2\/product\/741377","targetHints":{"allow":["GET"]}}],"collection":[{"href":"https:\/\/roveyayinevi.com.tr\/index.php\/wp-json\/wp\/v2\/product"}],"about":[{"href":"https:\/\/roveyayinevi.com.tr\/index.php\/wp-json\/wp\/v2\/types\/product"}],"wp:attachment":[{"href":"https:\/\/roveyayinevi.com.tr\/index.php\/wp-json\/wp\/v2\/media?parent=741377"}],"wp:term":[{"taxonomy":"product_brand","embeddable":true,"href":"https:\/\/roveyayinevi.com.tr\/index.php\/wp-json\/wp\/v2\/product_brand?post=741377"},{"taxonomy":"product_cat","embeddable":true,"href":"https:\/\/roveyayinevi.com.tr\/index.php\/wp-json\/wp\/v2\/product_cat?post=741377"},{"taxonomy":"product_tag","embeddable":true,"href":"https:\/\/roveyayinevi.com.tr\/index.php\/wp-json\/wp\/v2\/product_tag?post=741377"}],"curies":[{"name":"wp","href":"https:\/\/api.w.org\/{rel}","templated":true}]}}