{"id":741376,"date":"2025-08-28T00:48:25","date_gmt":"2025-08-27T21:48:25","guid":{"rendered":"https:\/\/roveyayinevi.com.tr\/index.php\/urun\/disney-mickey-ile-renkli-klasikler-kucuk-kadinlar\/"},"modified":"2025-11-21T08:02:27","modified_gmt":"2025-11-21T05:02:27","slug":"disney-mickey-ile-renkli-klasikler-kucuk-kadinlar","status":"publish","type":"product","link":"https:\/\/roveyayinevi.com.tr\/index.php\/urun\/disney-mickey-ile-renkli-klasikler-kucuk-kadinlar\/","title":{"rendered":"Disney Mickey \u0130le Renkli Klasikler K\u00fc\u00e7\u00fck Kad\u0131nlar"},"content":{"rendered":"<p>Mickey ile Renkli Klasikler dizisi, t\u00fcm zamanlar\u0131n en sevilen edebiyat klasiklerini Mickey ve arkada\u015flar\u0131n\u0131n ba\u015frol\u00fcnde yeniden anlat\u0131yor! Kuzenler Meg, Jo (Minnie), Beth ve Amy (Daisy) b\u00fcy\u00fckanneleriyle birlikte k\u00fc\u00e7\u00fck bir kasabada ya\u015f\u0131yor ama her birinin b\u00fcy\u00fck hayalleri var! Jo yazar olmay\u0131 umuyor, Amy ise ressam olmak istiyor. K\u0131zlar nihayet hayallerinin pe\u015finden gitmek i\u00e7in evden ayr\u0131l\u0131nca neler ya\u015fayacaklar? Meg kiminle evlenecek? B\u00fcy\u00fckannenin \u00f6nerisiyle Bay Laurence i\u00e7in piyano \u00e7almaya ba\u015flayan Beth\u2019in herkesi \u015fa\u015fk\u0131na \u00e7eviren sorunu ne? Birbirinden yetenekli kuzenlerin e\u011flenceli maceras\u0131nda bu sorular\u0131n yan\u0131tlar\u0131 seni bekliyor! <\/p>\n","protected":false},"excerpt":{"rendered":"<p>Mickey ile Renkli Klasikler dizisi, t\u00fcm zamanlar\u0131n en sevilen edebiyat klasiklerini Mickey ve arkada\u015flar\u0131n\u0131n ba\u015frol\u00fcnde yeniden anlat\u0131yor! Kuzenler Meg, Jo (Minnie), Beth ve Amy (Daisy) b\u00fcy\u00fckanneleriyle<span class=\"excerpt-hellip\"> [\u2026]<\/span><\/p>\n","protected":false},"featured_media":0,"template":"","meta":{"_monsterinsights_skip_tracking":false,"_monsterinsights_sitenote_active":false,"_monsterinsights_sitenote_note":"","_monsterinsights_sitenote_category":0},"product_brand":[],"product_cat":[12274,12284],"product_tag":[],"class_list":{"0":"post-741376","1":"product","2":"type-product","3":"status-publish","5":"product_cat-cocuk-ve-genclik-kitaplari","6":"product_cat-hikayeler","7":"pa_cilt-ciltsiz","8":"pa_tur-kitap","9":"pa_yayinevi-dogan-cocuk","10":"pa_yazar-dogan-cocuk-kolektif","12":"first","13":"instock","14":"sale","15":"shipping-taxable","16":"purchasable","17":"product-type-simple"},"_links":{"self":[{"href":"https:\/\/roveyayinevi.com.tr\/index.php\/wp-json\/wp\/v2\/product\/741376","targetHints":{"allow":["GET"]}}],"collection":[{"href":"https:\/\/roveyayinevi.com.tr\/index.php\/wp-json\/wp\/v2\/product"}],"about":[{"href":"https:\/\/roveyayinevi.com.tr\/index.php\/wp-json\/wp\/v2\/types\/product"}],"wp:attachment":[{"href":"https:\/\/roveyayinevi.com.tr\/index.php\/wp-json\/wp\/v2\/media?parent=741376"}],"wp:term":[{"taxonomy":"product_brand","embeddable":true,"href":"https:\/\/roveyayinevi.com.tr\/index.php\/wp-json\/wp\/v2\/product_brand?post=741376"},{"taxonomy":"product_cat","embeddable":true,"href":"https:\/\/roveyayinevi.com.tr\/index.php\/wp-json\/wp\/v2\/product_cat?post=741376"},{"taxonomy":"product_tag","embeddable":true,"href":"https:\/\/roveyayinevi.com.tr\/index.php\/wp-json\/wp\/v2\/product_tag?post=741376"}],"curies":[{"name":"wp","href":"https:\/\/api.w.org\/{rel}","templated":true}]}}