{"id":741375,"date":"2025-08-28T00:48:24","date_gmt":"2025-08-27T21:48:24","guid":{"rendered":"https:\/\/roveyayinevi.com.tr\/index.php\/urun\/disney-mickey-ile-renkli-klasikler-hamlet\/"},"modified":"2025-08-30T14:08:52","modified_gmt":"2025-08-30T11:08:52","slug":"disney-mickey-ile-renkli-klasikler-hamlet","status":"publish","type":"product","link":"https:\/\/roveyayinevi.com.tr\/index.php\/urun\/disney-mickey-ile-renkli-klasikler-hamlet\/","title":{"rendered":"Disney Mickey \u0130le Renkli Klasikler Hamlet"},"content":{"rendered":"<p>Mickey ile Renkli Klasikler dizisi, t\u00fcm zamanlar\u0131n en sevilen edebiyat klasiklerini Mickey ve arkada\u015flar\u0131n\u0131n ba\u015frol\u00fcnde yeniden anlat\u0131yor! Y\u0131l 1601 ve Londra\u2019da \u00f6zel bir \u015fey olmak \u00fczere: Krali\u00e7e\u2019nin bile izleyece\u011fi Hamlet oyunu ilk kez sahnelenecek! Oyunda, Danimarka prensi Hamlet, Kral Varyemez\u2019in esrarengiz \u015fekilde kaybolu\u015funun gizemini \u00e7\u00f6zmek i\u00e7in kollar\u0131 s\u0131v\u0131yor. Kral\u2019\u0131n kuzeni Claudius\u2019tan \u015f\u00fcphelenen Hamlet, i\u015flenen su\u00e7lar\u0131n ve kral\u0131n kaybolmas\u0131n\u0131n ard\u0131nda ger\u00e7ekte kim oldu\u011funu bulabilecek mi? Yoksa o da sarayda d\u00f6nen sa\u00e7ma entrikalar\u0131n kurban\u0131 m\u0131 olacak? William Shakespeare\u2019in unutulmaz eserini bir de Mickey ve dostlar\u0131ndan oku, \u00e7ok e\u011fleneceksin!   <\/p>\n","protected":false},"excerpt":{"rendered":"<p>Mickey ile Renkli Klasikler dizisi, t\u00fcm zamanlar\u0131n en sevilen edebiyat klasiklerini Mickey ve arkada\u015flar\u0131n\u0131n ba\u015frol\u00fcnde yeniden anlat\u0131yor! Y\u0131l 1601 ve Londra\u2019da \u00f6zel bir \u015fey olmak \u00fczere:<span class=\"excerpt-hellip\"> [\u2026]<\/span><\/p>\n","protected":false},"featured_media":0,"template":"","meta":{"_monsterinsights_skip_tracking":false,"_monsterinsights_sitenote_active":false,"_monsterinsights_sitenote_note":"","_monsterinsights_sitenote_category":0},"product_brand":[],"product_cat":[12274,12284],"product_tag":[],"class_list":{"0":"post-741375","1":"product","2":"type-product","3":"status-publish","5":"product_cat-cocuk-ve-genclik-kitaplari","6":"product_cat-hikayeler","7":"pa_cilt-ciltsiz","8":"pa_tur-kitap","9":"pa_yayinevi-dogan-cocuk","10":"pa_yazar-dogan-cocuk-kolektif","12":"first","13":"instock","14":"sale","15":"shipping-taxable","16":"purchasable","17":"product-type-simple"},"_links":{"self":[{"href":"https:\/\/roveyayinevi.com.tr\/index.php\/wp-json\/wp\/v2\/product\/741375","targetHints":{"allow":["GET"]}}],"collection":[{"href":"https:\/\/roveyayinevi.com.tr\/index.php\/wp-json\/wp\/v2\/product"}],"about":[{"href":"https:\/\/roveyayinevi.com.tr\/index.php\/wp-json\/wp\/v2\/types\/product"}],"wp:attachment":[{"href":"https:\/\/roveyayinevi.com.tr\/index.php\/wp-json\/wp\/v2\/media?parent=741375"}],"wp:term":[{"taxonomy":"product_brand","embeddable":true,"href":"https:\/\/roveyayinevi.com.tr\/index.php\/wp-json\/wp\/v2\/product_brand?post=741375"},{"taxonomy":"product_cat","embeddable":true,"href":"https:\/\/roveyayinevi.com.tr\/index.php\/wp-json\/wp\/v2\/product_cat?post=741375"},{"taxonomy":"product_tag","embeddable":true,"href":"https:\/\/roveyayinevi.com.tr\/index.php\/wp-json\/wp\/v2\/product_tag?post=741375"}],"curies":[{"name":"wp","href":"https:\/\/api.w.org\/{rel}","templated":true}]}}