{"id":741374,"date":"2025-08-28T00:48:22","date_gmt":"2025-08-27T21:48:22","guid":{"rendered":"https:\/\/roveyayinevi.com.tr\/index.php\/urun\/bir-kediyi-terk-etmek-babam-hakkinda\/"},"modified":"2026-04-16T02:52:38","modified_gmt":"2026-04-15T23:52:38","slug":"bir-kediyi-terk-etmek-babam-hakkinda","status":"publish","type":"product","link":"https:\/\/roveyayinevi.com.tr\/index.php\/urun\/bir-kediyi-terk-etmek-babam-hakkinda\/","title":{"rendered":"Bir Kediyi Terk Etmek Babam Hakk\u0131nda"},"content":{"rendered":"<p>Haruki Murakami babas\u0131n\u0131 hat\u0131rl\u0131yor\u2026   S\u0131radan bir an\u0131, sahile beraber b\u0131rak\u0131lan bir kedi, Murakami\u2019nin babas\u0131na dair an\u0131lar\u0131n\u0131n kap\u0131s\u0131n\u0131 aral\u0131yor. Hayat\u0131 ve hayalleri sava\u015fla b\u00f6l\u00fcnen baban\u0131n \u00f6yk\u00fcs\u00fcn\u00fc kurgulamak, ailenin ve \u00fclkenin de ge\u00e7mi\u015fine bakmak anlam\u0131na geliyor. Murakami, yeti\u015fkin hayat\u0131nda uzak oldu\u011fu babas\u0131yla vedala\u015f\u0131rken, onun hem ki\u015fisel tarihindeki yerini g\u00f6steriyor hem de hayatlar\u0131 sava\u015fla bitmi\u015f veya da\u011f\u0131lm\u0131\u015f bir nesle sayg\u0131 duru\u015funda bulunuyor\u2026        Bir Kediyi Terk Etmek, Murakami\u2019nin bug\u00fcne kadarki en ki\u015fisel anlat\u0131s\u0131\u2026.     Yazar Hakk\u0131nda: Haruki Murakami, 1949\u2019da Kyoto\u2019da do\u011fdu. Vaseda \u00dcniversitesi\u2019nde klasik drama e\u011fitimi ald\u0131. 21. y\u00fczy\u0131l edebiyat\u0131n\u0131n en \u00f6nemli isimlerinden olan Murakami\u2019nin kitaplar\u0131 pek \u00e7ok \u00f6d\u00fcl ald\u0131, t\u00fcm d\u00fcnyada ellinin \u00fczerinde dile \u00e7evrildi. Haruki Murakami\u2019nin Yaban Koyununun \u0130zinde, Zemberekku\u015fu\u2019nun G\u00fcncesi, \u0130mk\u00e2ns\u0131z\u0131n \u015eark\u0131s\u0131, S\u0131n\u0131r\u0131n G\u00fcneyinde\u2013G\u00fcne\u015fin Bat\u0131s\u0131nda, Sahilde Kafka, Ha\u015flanm\u0131\u015f Harikalar Diyar\u0131 ve D\u00fcnyan\u0131n Sonu, 1Q84, Renksiz Tsukuru Tazaki\u2019nin Hac Y\u0131llar\u0131, Ko\u015fmasayd\u0131m Yazamazd\u0131m, Uyku, Kad\u0131ns\u0131z Erkekler, Sputnik Sevgilim, Tuhaf K\u00fct\u00fcphane, Karanl\u0131ktan Sonra, F\u0131r\u0131n Sald\u0131r\u0131s\u0131, R\u00fczg\u00e2r\u0131n \u015eark\u0131s\u0131n\u0131 Dinle, Kumandan\u0131 \u00d6ld\u00fcrmek, Do\u011fum G\u00fcn\u00fc K\u0131z\u0131, Mesle\u011fim Yazarl\u0131k, Dans Dans Dans, Pinball 1973, Sadece M\u00fczik ve Birinci Tekil \u015eah\u0131s isimli kitaplar\u0131 Do\u011fan Kitap taraf\u0131ndan yay\u0131mland\u0131. <\/p>\n","protected":false},"excerpt":{"rendered":"<p>Haruki Murakami babas\u0131n\u0131 hat\u0131rl\u0131yor\u2026 S\u0131radan bir an\u0131, sahile beraber b\u0131rak\u0131lan bir kedi, Murakami\u2019nin babas\u0131na dair an\u0131lar\u0131n\u0131n kap\u0131s\u0131n\u0131 aral\u0131yor. Hayat\u0131 ve hayalleri sava\u015fla b\u00f6l\u00fcnen baban\u0131n \u00f6yk\u00fcs\u00fcn\u00fc kurgulamak,<span class=\"excerpt-hellip\"> [\u2026]<\/span><\/p>\n","protected":false},"featured_media":0,"template":"","meta":{"_monsterinsights_skip_tracking":false,"_monsterinsights_sitenote_active":false,"_monsterinsights_sitenote_note":"","_monsterinsights_sitenote_category":0},"product_brand":[],"product_cat":[13701,12291],"product_tag":[],"class_list":{"0":"post-741374","1":"product","2":"type-product","3":"status-publish","5":"product_cat-ani-mektup-gunluk","6":"product_cat-edebiyat","7":"pa_cilt-ciltsiz","8":"pa_tur-kitap","9":"pa_yayinevi-dogan-kitap","10":"pa_yazar-haruki-murakami","12":"first","13":"instock","14":"sale","15":"shipping-taxable","16":"purchasable","17":"product-type-simple"},"_links":{"self":[{"href":"https:\/\/roveyayinevi.com.tr\/index.php\/wp-json\/wp\/v2\/product\/741374","targetHints":{"allow":["GET"]}}],"collection":[{"href":"https:\/\/roveyayinevi.com.tr\/index.php\/wp-json\/wp\/v2\/product"}],"about":[{"href":"https:\/\/roveyayinevi.com.tr\/index.php\/wp-json\/wp\/v2\/types\/product"}],"wp:attachment":[{"href":"https:\/\/roveyayinevi.com.tr\/index.php\/wp-json\/wp\/v2\/media?parent=741374"}],"wp:term":[{"taxonomy":"product_brand","embeddable":true,"href":"https:\/\/roveyayinevi.com.tr\/index.php\/wp-json\/wp\/v2\/product_brand?post=741374"},{"taxonomy":"product_cat","embeddable":true,"href":"https:\/\/roveyayinevi.com.tr\/index.php\/wp-json\/wp\/v2\/product_cat?post=741374"},{"taxonomy":"product_tag","embeddable":true,"href":"https:\/\/roveyayinevi.com.tr\/index.php\/wp-json\/wp\/v2\/product_tag?post=741374"}],"curies":[{"name":"wp","href":"https:\/\/api.w.org\/{rel}","templated":true}]}}