{"id":741373,"date":"2025-08-28T00:48:21","date_gmt":"2025-08-27T21:48:21","guid":{"rendered":"https:\/\/roveyayinevi.com.tr\/index.php\/urun\/panzehir-irkcilik-karsiti-bir-rehber\/"},"modified":"2026-04-16T02:52:38","modified_gmt":"2026-04-15T23:52:38","slug":"panzehir-irkcilik-karsiti-bir-rehber","status":"publish","type":"product","link":"https:\/\/roveyayinevi.com.tr\/index.php\/urun\/panzehir-irkcilik-karsiti-bir-rehber\/","title":{"rendered":"Panzehir Irk\u00e7\u0131l\u0131k Kar\u015f\u0131t\u0131 Bir Rehber"},"content":{"rendered":"<p>\u201cBu kitap nihayetinde hepimizin i\u00e7inde bulundu\u011fu temel m\u00fccadeleyi, tam anlam\u0131yla insan olma ve ba\u015fkalar\u0131n\u0131n da tam anlam\u0131yla insan olduklar\u0131n\u0131 g\u00f6rme m\u00fccadelesini anlat\u0131yor.\u201d   Bol \u00f6d\u00fcll\u00fc, \u00e7oksatar kitaplar\u0131n yazar\u0131 Ibram X Kendi, haftalarca \u00e7oksatar listelerinden inmeyen bu kitab\u0131nda bizi g\u00fcndelik hayattaki \u0131rk\u00e7\u0131l\u0131kla tan\u0131\u015ft\u0131r\u0131yor. Irk\u00e7\u0131l\u0131\u011f\u0131n beden, renk, cinsiyet, k\u00fclt\u00fcr, davran\u0131\u015f gibi bile\u015fenlerini ayr\u0131 ayr\u0131 inceleyip toplumsal tarihin i\u00e7inden ge\u00e7irdi\u011fi bireysel \u00f6yk\u00fcs\u00fcyle fark\u0131nda olmad\u0131\u011f\u0131m\u0131z, \u00f6rtt\u00fc\u011f\u00fcm\u00fcz, ink\u00e2r etti\u011fimiz ayr\u0131mc\u0131l\u0131kla y\u00fczle\u015ftiriyor bizi.   Zihinleri \u00f6nyarg\u0131lardan kurtaracak bir panzehir bu kitap. Metroda kitap okurken, yan\u0131n\u0131za oturan \u201cyabanc\u0131\u201dya hangi g\u00f6zle bakt\u0131\u011f\u0131n\u0131z\u0131 sorgulatacak bir rehber.   Yazar Hakk\u0131nda: Ibram X. Kendi, New York Times\u2019\u0131n \u00e7oksatan yazar\u0131 ve Amerikan \u00dcniversitesi Irk\u00e7\u0131l\u0131k Kar\u015f\u0131t\u0131 Ara\u015ft\u0131rma ve Politika Merkezi\u2019nin kurucusu ve y\u00f6neticisidir. Ayn\u0131 zamanda tarih ve uluslararas\u0131 ili\u015fkiler profes\u00f6r\u00fc olan Kendi, s\u0131k s\u0131k kamuya a\u00e7\u0131k toplant\u0131larda konu\u015fmac\u0131 olarak g\u00f6rev almakta ve The Atlantic dergisinde k\u00f6\u015fe yazarl\u0131\u011f\u0131 yapmaktad\u0131r. Kurgu D\u0131\u015f\u0131 Kitap dal\u0131nda Ulusal Kitap \u00d6d\u00fcl\u00fc\u2019n\u00fc kazanan Stamped From The Beginning: The Definitive History Of Racist Ideas in America ve W.E.B. Du Bois \u00d6d\u00fcl\u00fc\u2019n\u00fc kazanan The Black Campus Movement kitaplar\u0131n\u0131n yazar\u0131d\u0131r. Washington, D.C.\u2019de ya\u015famaktad\u0131r.   <\/p>\n","protected":false},"excerpt":{"rendered":"<p>\u201cBu kitap nihayetinde hepimizin i\u00e7inde bulundu\u011fu temel m\u00fccadeleyi, tam anlam\u0131yla insan olma ve ba\u015fkalar\u0131n\u0131n da tam anlam\u0131yla insan olduklar\u0131n\u0131 g\u00f6rme m\u00fccadelesini anlat\u0131yor.\u201d Bol \u00f6d\u00fcll\u00fc, \u00e7oksatar kitaplar\u0131n<span class=\"excerpt-hellip\"> [\u2026]<\/span><\/p>\n","protected":false},"featured_media":0,"template":"","meta":{"_monsterinsights_skip_tracking":false,"_monsterinsights_sitenote_active":false,"_monsterinsights_sitenote_note":"","_monsterinsights_sitenote_category":0},"product_brand":[],"product_cat":[13072,12291],"product_tag":[],"class_list":{"0":"post-741373","1":"product","2":"type-product","3":"status-publish","5":"product_cat-arastirma-inceleme-referans","6":"product_cat-edebiyat","7":"pa_cilt-ciltsiz","8":"pa_tur-kitap","9":"pa_yayinevi-dogan-kitap","10":"pa_yazar-ibram-x-kendi","12":"first","13":"instock","14":"sale","15":"shipping-taxable","16":"purchasable","17":"product-type-simple"},"_links":{"self":[{"href":"https:\/\/roveyayinevi.com.tr\/index.php\/wp-json\/wp\/v2\/product\/741373","targetHints":{"allow":["GET"]}}],"collection":[{"href":"https:\/\/roveyayinevi.com.tr\/index.php\/wp-json\/wp\/v2\/product"}],"about":[{"href":"https:\/\/roveyayinevi.com.tr\/index.php\/wp-json\/wp\/v2\/types\/product"}],"wp:attachment":[{"href":"https:\/\/roveyayinevi.com.tr\/index.php\/wp-json\/wp\/v2\/media?parent=741373"}],"wp:term":[{"taxonomy":"product_brand","embeddable":true,"href":"https:\/\/roveyayinevi.com.tr\/index.php\/wp-json\/wp\/v2\/product_brand?post=741373"},{"taxonomy":"product_cat","embeddable":true,"href":"https:\/\/roveyayinevi.com.tr\/index.php\/wp-json\/wp\/v2\/product_cat?post=741373"},{"taxonomy":"product_tag","embeddable":true,"href":"https:\/\/roveyayinevi.com.tr\/index.php\/wp-json\/wp\/v2\/product_tag?post=741373"}],"curies":[{"name":"wp","href":"https:\/\/api.w.org\/{rel}","templated":true}]}}