{"id":741372,"date":"2025-08-28T00:48:20","date_gmt":"2025-08-27T21:48:20","guid":{"rendered":"https:\/\/roveyayinevi.com.tr\/index.php\/urun\/ten-ve-ates-kralligi-kan-ve-kul-2\/"},"modified":"2026-04-16T02:52:38","modified_gmt":"2026-04-15T23:52:38","slug":"ten-ve-ates-kralligi-kan-ve-kul-2","status":"publish","type":"product","link":"https:\/\/roveyayinevi.com.tr\/index.php\/urun\/ten-ve-ates-kralligi-kan-ve-kul-2\/","title":{"rendered":"Ten ve Ate\u015f Krall\u0131\u011f\u0131 Kan ve K\u00fcl 2"},"content":{"rendered":"<p>Paranormal bir a\u015fk hik\u00e2yesi, tanr\u0131lar ve tanr\u0131\u00e7alar, g\u00fc\u00e7l\u00fc kad\u0131n kahramanlar, alfa erkekler, mitler, mitolojik evrenler. Jennifer L. Armentrout yine ba\u015fard\u0131 ve yepyeni, nefes nefese ilerleyen efsane bir seriye imza att\u0131.   Bir ihanet\u2026 Poppy\u2019nin inand\u0131\u011f\u0131 her \u015feyin bir yalandan ibaret oldu\u011fu ortaya \u00e7\u0131kt\u0131. Ya \u00e2\u015f\u0131k oldu\u011fu adam?&#8230; Sizce? Peki, Poppy\u2019nin kendisi, bakire pe\u00e7esi olmadan kim? Karanl\u0131k Olan\u2019a ne demeli? Ondan daha tehlikelisi yok. Poppy\u2019yi alm\u0131\u015f olabilir ama asla sahip olamayacak.   Bir se\u00e7im&#8230; Casteel Da\u2019Neer bir\u00e7ok isimle ve bir\u00e7ok y\u00fczle tan\u0131n\u0131yor. Yalanlar\u0131, dokunu\u015flar\u0131 kadar ba\u015ftan \u00e7\u0131kar\u0131c\u0131. Ger\u00e7ekleri \u0131s\u0131r\u0131\u011f\u0131 kadar \u015fehvetli. Ama Poppy ona g\u00fcvenmemesi gerekti\u011fini biliyor. Casteel\u2019inse hedeflerine ula\u015fmak i\u00e7in Poppy\u2019ye canl\u0131, sa\u011fl\u0131kl\u0131 ve b\u00fct\u00fcn olarak ihtiyac\u0131 var ve onun i\u00e7in planlar yap\u0131yor. Onu hayal edilemez zevklere ve ak\u0131l almaz ac\u0131lara maruz b\u0131rakabilecek planlar\u2026   Bir s\u0131r\u2026 Bu s\u0131rada, prenslerinin d\u00f6n\u00fc\u015f\u00fcn\u00fc beklerken Atlantia\u2019da huzursuzluk art\u0131yor. Sava\u015f f\u0131s\u0131lt\u0131lar\u0131 g\u00fc\u00e7leniyor. Kral Poppy\u2019yi bir mesaj g\u00f6ndermek i\u00e7in kullanmak istiyor. Al\u00e7alm\u0131\u015flar onun \u00f6lmesini istiyor. Kurtlar daha \u00f6ng\u00f6r\u00fclemez hale geliyor.Atlantisliler ondan korkuyor. \u0130ki krall\u0131\u011f\u0131n g\u00fcnahlar\u0131na batm\u0131\u015f karanl\u0131k s\u0131rlar\u0131 i\u015f ba\u015f\u0131nda. Ama g\u00f6ky\u00fcz\u00fc kanamaya ba\u015flad\u0131\u011f\u0131nda her \u015fey i\u00e7in \u00e7ok ge\u00e7 olabilir.   Yazar Hakk\u0131nda: Jennifer L. Armentrout ilk serisi Melez ile Amerika\u2019da sat\u0131\u015f rekorlar\u0131 k\u0131rm\u0131\u015f ve ard\u0131ndan Lux serisi ile \u00fcn\u00fc, t\u00fcm d\u00fcnyaya yay\u0131lm\u0131\u015ft\u0131r. Fantastik, paranormal ve bilimkurgu t\u00fcr\u00fcndeki romanlar\u0131ndaki a\u015fk hikayelerinin \u00f6n plana \u00e7\u0131kt\u0131\u011f\u0131 Jennifer L. Armentrout, Melez S\u00f6zle\u015fmeleri serisinin kitaplar\u0131 Melez, Safkan, Tanr\u0131, Apollyon ve Avc\u0131\u2019n\u0131n evreninde ge\u00e7en devam serisi Titan ile de b\u00fcy\u00fck ba\u015far\u0131 kazanm\u0131\u015ft\u0131r. Titan\u2019\u0131n Geri D\u00f6n\u00fc\u015f, G\u00fc\u00e7, M\u00fccadele ve Kehanet ba\u015fl\u0131klar\u0131ndaki kitaplar\u0131 Yunan mitolojisine farkl\u0131 bir bak\u0131\u015f a\u00e7\u0131s\u0131yla yaz\u0131lm\u0131\u015ft\u0131r. Lanetli, Parampar\u00e7a, Cesur romanlar\u0131ndan olu\u015fan Lanetli serisi de yine mitolojik kahramanlar\u0131n g\u00fcn\u00fcm\u00fczdeki maceralar\u0131n\u0131 i\u00e7erir. Obsidiyen, Oniks, Opal, K\u00f6ken, Direni\u015f, Unutulu\u015f\u2019tan olu\u015fan Lux serisinin ek serisi K\u00f6ken ise En Karanl\u0131k Y\u0131ld\u0131z ve En Ayd\u0131nl\u0131k G\u00f6lge romanlar\u0131d\u0131r. Lux serisinin film haklar\u0131 al\u0131nm\u0131\u015ft\u0131r ve yap\u0131m a\u015famas\u0131ndad\u0131r. 1980, West Virginia do\u011fumlu olan Jennifer L. Armentrout, fantastik bilimkurgu romanlar\u0131n d\u0131\u015f\u0131nda, Hep Seni Bekledim, Saplant\u0131, K\u0131\u015f G\u00fcne\u015fi, Gamble Karde\u015fler ve Karanl\u0131k Elementler serisi gibi pek \u00e7ok romantik kitab\u0131n yazar\u0131d\u0131r. Jennifer L. Armentrout, yazd\u0131\u011f\u0131 60\u2019\u0131n \u00fczerinde kitab\u0131n\u0131n The New York Times en \u00e7ok satanlar listesinde yer almas\u0131yla, k\u0131r\u0131lmas\u0131 g\u00fc\u00e7 bir rekorun sahibidir. Pek \u00e7ok \u00f6d\u00fcle lay\u0131k g\u00f6r\u00fclen Jennifer L. Armentrout yazarl\u0131k kariyerine, matematik dersinde k\u0131sa \u00f6yk\u00fcler yazarak ba\u015flam\u0131\u015f ve yay\u0131nevlerinden pek \u00e7ok kez reddedildi\u011fi i\u00e7in ilk kitaplar\u0131n\u0131 kendi bast\u0131rm\u0131\u015ft\u0131r, \u015fu an t\u00fcm d\u00fcnyada kitaplar\u0131 milyonlarca kopyaya ula\u015fan Jennifer L. Armentrout, h\u00e2l\u00e2 her g\u00fcn sekiz saat yazmaktad\u0131r. <\/p>\n","protected":false},"excerpt":{"rendered":"<p>Paranormal bir a\u015fk hik\u00e2yesi, tanr\u0131lar ve tanr\u0131\u00e7alar, g\u00fc\u00e7l\u00fc kad\u0131n kahramanlar, alfa erkekler, mitler, mitolojik evrenler. Jennifer L. Armentrout yine ba\u015fard\u0131 ve yepyeni, nefes nefese ilerleyen efsane<span class=\"excerpt-hellip\"> [\u2026]<\/span><\/p>\n","protected":false},"featured_media":0,"template":"","meta":{"_monsterinsights_skip_tracking":false,"_monsterinsights_sitenote_active":false,"_monsterinsights_sitenote_note":"","_monsterinsights_sitenote_category":0},"product_brand":[],"product_cat":[12291,14777],"product_tag":[],"class_list":{"0":"post-741372","1":"product","2":"type-product","3":"status-publish","5":"product_cat-edebiyat","6":"product_cat-fantastik","7":"pa_cilt-ciltsiz","8":"pa_tur-kitap","9":"pa_yayinevi-dex-yayinevi","10":"pa_yazar-jennifer-l-armentrout","12":"first","13":"instock","14":"sale","15":"shipping-taxable","16":"purchasable","17":"product-type-simple"},"_links":{"self":[{"href":"https:\/\/roveyayinevi.com.tr\/index.php\/wp-json\/wp\/v2\/product\/741372","targetHints":{"allow":["GET"]}}],"collection":[{"href":"https:\/\/roveyayinevi.com.tr\/index.php\/wp-json\/wp\/v2\/product"}],"about":[{"href":"https:\/\/roveyayinevi.com.tr\/index.php\/wp-json\/wp\/v2\/types\/product"}],"wp:attachment":[{"href":"https:\/\/roveyayinevi.com.tr\/index.php\/wp-json\/wp\/v2\/media?parent=741372"}],"wp:term":[{"taxonomy":"product_brand","embeddable":true,"href":"https:\/\/roveyayinevi.com.tr\/index.php\/wp-json\/wp\/v2\/product_brand?post=741372"},{"taxonomy":"product_cat","embeddable":true,"href":"https:\/\/roveyayinevi.com.tr\/index.php\/wp-json\/wp\/v2\/product_cat?post=741372"},{"taxonomy":"product_tag","embeddable":true,"href":"https:\/\/roveyayinevi.com.tr\/index.php\/wp-json\/wp\/v2\/product_tag?post=741372"}],"curies":[{"name":"wp","href":"https:\/\/api.w.org\/{rel}","templated":true}]}}