{"id":741371,"date":"2025-08-28T00:48:18","date_gmt":"2025-08-27T21:48:18","guid":{"rendered":"https:\/\/roveyayinevi.com.tr\/index.php\/urun\/meger-ben-feministmisim\/"},"modified":"2026-04-16T02:52:38","modified_gmt":"2026-04-15T23:52:38","slug":"meger-ben-feministmisim","status":"publish","type":"product","link":"https:\/\/roveyayinevi.com.tr\/index.php\/urun\/meger-ben-feministmisim\/","title":{"rendered":"Me\u011fer Ben Feministmi\u015fim"},"content":{"rendered":"<p>\u201cKendimi ilk ne zaman \u2018feminist\u2019 olarak adland\u0131rd\u0131\u011f\u0131m\u0131 hat\u0131rlam\u0131yorum. Bunun zaman ald\u0131\u011f\u0131n\u0131 biliyorum sadece&#8230;  Zaman i\u00e7inde, o g\u00fcne kadar \u2018varsay\u0131lan do\u011fru\u2019 olarak kabul etti\u011fim her \u015feye farkl\u0131 bakmaya, \u2018Asl\u0131nda b\u00f6yle olmayabilir\u2019 demeye ba\u015flad\u0131\u011f\u0131m\u0131 fark ettim. Zihnimde y\u0131llard\u0131r yak\u0131lmay\u0131 bekleyen bir \u0131\u015f\u0131k yanm\u0131\u015f ve ge\u00e7mi\u015fte karanl\u0131kta oldu\u011funun fark\u0131nda bile olmad\u0131\u011f\u0131m bir\u00e7ok \u015fey ayd\u0131nlanmaya ba\u015flam\u0131\u015ft\u0131. Cin \u015fi\u015feden \u00e7\u0131km\u0131\u015ft\u0131.\u201d   Siz hi\u00e7 \u201cAman b\u0131rak d\u00fcnya yans\u0131n, mutfak da\u011f\u0131n\u0131k kals\u0131n, yeme\u011fi ba\u015fkas\u0131 yaps\u0131n; ben \u015fimdi a\u00e7\u0131p kitab\u0131m\u0131 okuyaca\u011f\u0131m\u201d diyen bir kad\u0131n g\u00f6rd\u00fcn\u00fcz m\u00fc? Biz g\u00f6rd\u00fck. Bu kitab\u0131 elinde tutan kad\u0131nlar\u0131&#8230;   Blogcu Anne Elif Do\u011fan kendi feminist ayd\u0131nlanma yolculu\u011funu anlat\u0131rken feminizmi hayat\u0131n tam ortas\u0131na yerle\u015ftiriyor; bizleri evimizi, partnerimizle ileti\u015fimimizi, \u00e7ocuklar\u0131m\u0131zla ili\u015fkimizi, a\u015fka bak\u0131\u015f\u0131m\u0131z\u0131, k\u0131sacas\u0131 hayat\u0131 ya\u015fay\u0131\u015f bi\u00e7imimizi de\u011fi\u015ftirmeye davet ediyor. \u015eimdi b\u0131rak\u0131n ev da\u011f\u0131n\u0131k kals\u0131n, siz bu kitab\u0131 okuyun. Dans\u0131n\u0131z de\u011fi\u015fecek.   Yazar Hakk\u0131nda: Elif Do\u011fan, iki k\u0131z karde\u015fin b\u00fcy\u00fc\u011f\u00fc olarak Mersin\u2019de do\u011fdu. \u00c7ankaya \u0130lkokulu\u2019nun ard\u0131ndan Tarsus Amerikan Koleji\u2019ni bitirdi. G\u00f6nl\u00fc \u00f6\u011fretmenlikte olsa da, o zamanlar \u201calt\u0131n bilezik\u201d oldu\u011fu s\u00f6ylenen \u201ci\u015fletme\u201dyi tercih etti. Marmara \u00dcniversitesi\u2019ndeki lisans e\u011fitiminin ard\u0131ndan Baltimore \u00dcniversitesi\u2019nde MBA yapt\u0131. \u201c\u00d6\u011fretmen olamad\u0131m, belki akademisyen olurum\u201d d\u00fc\u015f\u00fcncesiyle i\u015fletme doktoras\u0131na ba\u015fvurdu. Neyse ki doktoradan reddedildi; b\u00f6ylece asl\u0131nda i\u015fletmeyi hi\u00e7 sevmedi\u011fini, insana dokunan bir alanda var olmak istedi\u011fini fark etti. Amerika\u2019da \u00e7e\u015fitli yerel, ulusal ve uluslararas\u0131 sivil toplum \u00f6rg\u00fctlerinde \u201ckaynak geli\u015ftirme\u201d \u00fczerine \u00e7al\u0131\u015ft\u0131. Anne olduktan sonra T\u00fcrkiye\u2019ye d\u00f6nd\u00fc. \u0130lk kitab\u0131 Annelik Her Zaman Tozpembe De\u011fil 2013\u2019te Do\u011fan Kitap taraf\u0131ndan yay\u0131mland\u0131. 2009 y\u0131l\u0131ndan bu yana BlogcuAnne.com\u2019da annelik, ebeveynlik ve kad\u0131nl\u0131k halleri \u00fczerine yaz\u0131lar yaz\u0131yor. Dijital Topuklar isimli kad\u0131n platformunun iki kurucu orta\u011f\u0131ndan biri ve Feminist Eksen adl\u0131 bir podcast serisinin yarat\u0131c\u0131s\u0131 olan Do\u011fan, anneli\u011fe ve kad\u0131nl\u0131\u011fa dair yazmaya, okumaya, konu\u015fmaya, en \u00e7ok da d\u00fc\u015f\u00fcnmeye devam ediyor.   <\/p>\n","protected":false},"excerpt":{"rendered":"<p>\u201cKendimi ilk ne zaman \u2018feminist\u2019 olarak adland\u0131rd\u0131\u011f\u0131m\u0131 hat\u0131rlam\u0131yorum. Bunun zaman ald\u0131\u011f\u0131n\u0131 biliyorum sadece&#8230; Zaman i\u00e7inde, o g\u00fcne kadar \u2018varsay\u0131lan do\u011fru\u2019 olarak kabul etti\u011fim her \u015feye farkl\u0131<span class=\"excerpt-hellip\"> [\u2026]<\/span><\/p>\n","protected":false},"featured_media":0,"template":"","meta":{"_monsterinsights_skip_tracking":false,"_monsterinsights_sitenote_active":false,"_monsterinsights_sitenote_note":"","_monsterinsights_sitenote_category":0},"product_brand":[],"product_cat":[12777,12291],"product_tag":[],"class_list":{"0":"post-741371","1":"product","2":"type-product","3":"status-publish","5":"product_cat-deneme","6":"product_cat-edebiyat","7":"pa_cilt-ciltsiz","8":"pa_tur-kitap","9":"pa_yayinevi-dogan-kitap","10":"pa_yazar-elif-dogan","12":"first","13":"instock","14":"sale","15":"shipping-taxable","16":"purchasable","17":"product-type-simple"},"_links":{"self":[{"href":"https:\/\/roveyayinevi.com.tr\/index.php\/wp-json\/wp\/v2\/product\/741371","targetHints":{"allow":["GET"]}}],"collection":[{"href":"https:\/\/roveyayinevi.com.tr\/index.php\/wp-json\/wp\/v2\/product"}],"about":[{"href":"https:\/\/roveyayinevi.com.tr\/index.php\/wp-json\/wp\/v2\/types\/product"}],"wp:attachment":[{"href":"https:\/\/roveyayinevi.com.tr\/index.php\/wp-json\/wp\/v2\/media?parent=741371"}],"wp:term":[{"taxonomy":"product_brand","embeddable":true,"href":"https:\/\/roveyayinevi.com.tr\/index.php\/wp-json\/wp\/v2\/product_brand?post=741371"},{"taxonomy":"product_cat","embeddable":true,"href":"https:\/\/roveyayinevi.com.tr\/index.php\/wp-json\/wp\/v2\/product_cat?post=741371"},{"taxonomy":"product_tag","embeddable":true,"href":"https:\/\/roveyayinevi.com.tr\/index.php\/wp-json\/wp\/v2\/product_tag?post=741371"}],"curies":[{"name":"wp","href":"https:\/\/api.w.org\/{rel}","templated":true}]}}