{"id":741370,"date":"2025-08-28T00:48:17","date_gmt":"2025-08-27T21:48:17","guid":{"rendered":"https:\/\/roveyayinevi.com.tr\/index.php\/urun\/elizabeth-frankensteinin-karanlik-dususu\/"},"modified":"2026-04-16T02:52:38","modified_gmt":"2026-04-15T23:52:38","slug":"elizabeth-frankensteinin-karanlik-dususu","status":"publish","type":"product","link":"https:\/\/roveyayinevi.com.tr\/index.php\/urun\/elizabeth-frankensteinin-karanlik-dususu\/","title":{"rendered":"Elizabeth Frankenstein\u2019\u0131n Karanl\u0131k D\u00fc\u015f\u00fc\u015f\u00fc"},"content":{"rendered":"<p>NEW YORK TIMES \u00c7OKSATANI CHICAGO HALK K\u00dcT\u00dcPHANES\u0130 YILIN EN \u0130Y\u0130 K\u0130TABI   Kendi hik\u00e2yesinde yan karakter gibi hissettirilen herkes i\u00e7in\u2026   Elizabeth Lavenza haftalard\u0131r d\u00fczg\u00fcn bir yemek yememi\u015ftir. \u0130nce kollar\u0131 &#8220;bak\u0131c\u0131s\u0131n\u0131n&#8221; a\u00e7t\u0131\u011f\u0131 yaralarla kapl\u0131d\u0131r ve soka\u011fa at\u0131lman\u0131n e\u015fi\u011findedir. Ta ki bir arkada\u015f d\u0131\u015f\u0131nda her \u015feye sahip, g\u00fcl\u00fcmsemeyen ve yaln\u0131z bir \u00e7ocuk olan Victor Frankenstein&#8217;\u0131n evine getirilene kadar.   K\u00fc\u00e7\u00fck Elizabeth, Frankenstein Ailesi taraf\u0131ndan al\u0131n\u0131r; s\u0131cak bir yatak, lezzetli yemekler ve en iyi ipekten elbiselerle \u00f6d\u00fcllendirilir. Victor onun sefaletten ka\u00e7\u0131\u015f\u0131d\u0131r ama yeni hayat\u0131n\u0131n da bir bedeli vard\u0131r. Y\u0131llar ge\u00e7tik\u00e7e Elizabeth&#8217;in hayatta kalmas\u0131, Victor&#8217;un tehlikeli \u00f6fkesini y\u00f6netmesine ve ne kadar korkutucu olursa olsun her hevesini yerine getirmesine ba\u011fl\u0131 hale gelir. Ancak Elizabeth\u2019in kendisine bi\u00e7ilen kaderi ya\u015famaktan daha b\u00fcy\u00fck planlar\u0131 vard\u0131r.   Frankenstein hik\u00e2yesini bir de mavi g\u00f6zlerinin ve tatl\u0131 g\u00fcl\u00fcmsemesinin ard\u0131na gizlenmi\u015f, ne pahas\u0131na olursa olsun hayatta kalmaya kararl\u0131 bir gen\u00e7 k\u0131z\u0131n, Elizabeth Lavenza&#8217;n\u0131n bak\u0131\u015f a\u00e7\u0131s\u0131ndan dinlemeye haz\u0131r m\u0131s\u0131n\u0131z?   &#8220;Delilik, saplant\u0131 ve cinayet iplikleriyle birlikte \u00f6r\u00fclm\u00fc\u015f g\u00fczel bir korku dokumas\u0131. Ustaca ve canavarca bir yeniden anlat\u0131m.&#8221; STEPHANIE GARBER, Caraval serisinin uluslararas\u0131 \u00e7oksatan yazar\u0131   &#8220;Vah\u015fi, kurnaz karakterlerle \u0131\u015f\u0131ld\u0131yor\u2026 kesinlikle s\u00fcr\u00fckleyici.&#8221; ALEXANDRA BRACKEN, New York Times \u00e7oksatan yazar\u0131   <\/p>\n","protected":false},"excerpt":{"rendered":"<p>NEW YORK TIMES \u00c7OKSATANI CHICAGO HALK K\u00dcT\u00dcPHANES\u0130 YILIN EN \u0130Y\u0130 K\u0130TABI Kendi hik\u00e2yesinde yan karakter gibi hissettirilen herkes i\u00e7in\u2026 Elizabeth Lavenza haftalard\u0131r d\u00fczg\u00fcn bir yemek yememi\u015ftir.<span class=\"excerpt-hellip\"> [\u2026]<\/span><\/p>\n","protected":false},"featured_media":0,"template":"","meta":{"_monsterinsights_skip_tracking":false,"_monsterinsights_sitenote_active":false,"_monsterinsights_sitenote_note":"","_monsterinsights_sitenote_category":0},"product_brand":[],"product_cat":[12291,17033],"product_tag":[],"class_list":{"0":"post-741370","1":"product","2":"type-product","3":"status-publish","5":"product_cat-edebiyat","6":"product_cat-korku-gerilim","7":"pa_cilt-ciltsiz","8":"pa_tur-kitap","9":"pa_yayinevi-dex-yayinevi","10":"pa_yazar-kiersten-white","12":"first","13":"instock","14":"sale","15":"shipping-taxable","16":"purchasable","17":"product-type-simple"},"_links":{"self":[{"href":"https:\/\/roveyayinevi.com.tr\/index.php\/wp-json\/wp\/v2\/product\/741370","targetHints":{"allow":["GET"]}}],"collection":[{"href":"https:\/\/roveyayinevi.com.tr\/index.php\/wp-json\/wp\/v2\/product"}],"about":[{"href":"https:\/\/roveyayinevi.com.tr\/index.php\/wp-json\/wp\/v2\/types\/product"}],"wp:attachment":[{"href":"https:\/\/roveyayinevi.com.tr\/index.php\/wp-json\/wp\/v2\/media?parent=741370"}],"wp:term":[{"taxonomy":"product_brand","embeddable":true,"href":"https:\/\/roveyayinevi.com.tr\/index.php\/wp-json\/wp\/v2\/product_brand?post=741370"},{"taxonomy":"product_cat","embeddable":true,"href":"https:\/\/roveyayinevi.com.tr\/index.php\/wp-json\/wp\/v2\/product_cat?post=741370"},{"taxonomy":"product_tag","embeddable":true,"href":"https:\/\/roveyayinevi.com.tr\/index.php\/wp-json\/wp\/v2\/product_tag?post=741370"}],"curies":[{"name":"wp","href":"https:\/\/api.w.org\/{rel}","templated":true}]}}