{"id":741368,"date":"2025-08-28T00:48:15","date_gmt":"2025-08-27T21:48:15","guid":{"rendered":"https:\/\/roveyayinevi.com.tr\/index.php\/urun\/odaklanmanin-gucu\/"},"modified":"2026-04-15T03:03:20","modified_gmt":"2026-04-15T00:03:20","slug":"odaklanmanin-gucu","status":"publish","type":"product","link":"https:\/\/roveyayinevi.com.tr\/index.php\/urun\/odaklanmanin-gucu\/","title":{"rendered":"Odaklanman\u0131n Gu\u0308cu\u0308"},"content":{"rendered":"<p>Oda\u011f\u0131n\u0131za h\u00e2kim olun, hayat\u0131n\u0131za h\u00e2kim olun. G\u00fc\u00e7l\u00fc Odaklanman\u0131n Bilimi ile: \u2022 Dikkat da\u011f\u0131t\u0131c\u0131 \u015feyleri yenin ve i\u015finizi en verimli \u015fekilde halledin. \u2022 Disiplin ve iradenin temellerinde ustala\u015f\u0131n. \u2022 Ka\u00e7\u0131n\u0131lmaz hedefler belirleyin. \u2022 Enerjiyi, sirkadiyen ritminizi ve do\u011fan\u0131n program\u0131n\u0131 y\u00f6netin. \u2022 Ertelemeyi b\u0131rak\u0131n ve daha az zamanda daha fazlas\u0131n\u0131 yap\u0131n. \u2022 Etkili bir \u015fekilde &#8220;tek bir g\u00f6rev&#8221; nas\u0131l yap\u0131l\u0131r \u00f6\u011frenin. \u2022 Zihinsel motorunuzu i\u015fe haz\u0131rlay\u0131n.   Odaklanmak bu hayatta sahip olabilece\u011finiz en de\u011ferli yetenektir, \u00e7\u00fcnk\u00fc odaklanmak bir \u015feyi yapabilmek anlam\u0131na gelir. O olmazsa al\u0131p alabilece\u011finiz en b\u00fcy\u00fck \u00f6d\u00fcl g\u00fcm\u00fc\u015f madalyad\u0131r, hep ikinci en iyi olursunuz. Ba\u015fta g\u00fczel gelse de istedi\u011finiz \u015feyin bu olmad\u0131\u011f\u0131n\u0131 er ya da ge\u00e7 anlars\u0131n\u0131z. Kimse sonsuza dek ikinci olmak istemez. E\u011fer yeterince iyi olmad\u0131\u011f\u0131n\u0131z\u0131, odaklanman\u0131z\u0131n yeterli olmad\u0131\u011f\u0131n\u0131 d\u00fc\u015f\u00fcn\u00fcyorsan\u0131z bu kitab\u0131 okuyun ve hayat\u0131n\u0131z\u0131 odaklanmaya uygun \u015fekilde yeniden tasarlay\u0131n. \u2022 Yap\u0131lacaklar listesi, \u00f6ncelik listesi, yap\u0131lmayacaklar listesi ve sizi sorumlu ve do\u011fru yolda tutmak i\u00e7in ihtiyac\u0131n\u0131z olan her \u015fey&#8230;  <\/p>\n","protected":false},"excerpt":{"rendered":"<p>Oda\u011f\u0131n\u0131za h\u00e2kim olun, hayat\u0131n\u0131za h\u00e2kim olun. G\u00fc\u00e7l\u00fc Odaklanman\u0131n Bilimi ile: \u2022 Dikkat da\u011f\u0131t\u0131c\u0131 \u015feyleri yenin ve i\u015finizi en verimli \u015fekilde halledin. \u2022 Disiplin ve iradenin temellerinde<span class=\"excerpt-hellip\"> [\u2026]<\/span><\/p>\n","protected":false},"featured_media":0,"template":"","meta":{"_monsterinsights_skip_tracking":false,"_monsterinsights_sitenote_active":false,"_monsterinsights_sitenote_note":"","_monsterinsights_sitenote_category":0},"product_brand":[],"product_cat":[12364,12376],"product_tag":[],"class_list":{"0":"post-741368","1":"product","2":"type-product","3":"status-publish","5":"product_cat-genel-konular","6":"product_cat-kisisel-gelisim","7":"pa_cilt-ciltsiz","8":"pa_tur-kitap","9":"pa_yayinevi-marti-yayinlari","10":"pa_yazar-peter-hollins","12":"first","13":"instock","14":"sale","15":"shipping-taxable","16":"purchasable","17":"product-type-simple"},"_links":{"self":[{"href":"https:\/\/roveyayinevi.com.tr\/index.php\/wp-json\/wp\/v2\/product\/741368","targetHints":{"allow":["GET"]}}],"collection":[{"href":"https:\/\/roveyayinevi.com.tr\/index.php\/wp-json\/wp\/v2\/product"}],"about":[{"href":"https:\/\/roveyayinevi.com.tr\/index.php\/wp-json\/wp\/v2\/types\/product"}],"wp:attachment":[{"href":"https:\/\/roveyayinevi.com.tr\/index.php\/wp-json\/wp\/v2\/media?parent=741368"}],"wp:term":[{"taxonomy":"product_brand","embeddable":true,"href":"https:\/\/roveyayinevi.com.tr\/index.php\/wp-json\/wp\/v2\/product_brand?post=741368"},{"taxonomy":"product_cat","embeddable":true,"href":"https:\/\/roveyayinevi.com.tr\/index.php\/wp-json\/wp\/v2\/product_cat?post=741368"},{"taxonomy":"product_tag","embeddable":true,"href":"https:\/\/roveyayinevi.com.tr\/index.php\/wp-json\/wp\/v2\/product_tag?post=741368"}],"curies":[{"name":"wp","href":"https:\/\/api.w.org\/{rel}","templated":true}]}}