{"id":741367,"date":"2025-08-28T00:48:14","date_gmt":"2025-08-27T21:48:14","guid":{"rendered":"https:\/\/roveyayinevi.com.tr\/index.php\/urun\/bir-arti-bir-kucukler-ve-buyukler-birlikte-oynuyor-cift-dilli\/"},"modified":"2026-04-16T02:52:38","modified_gmt":"2026-04-15T23:52:38","slug":"bir-arti-bir-kucukler-ve-buyukler-birlikte-oynuyor-cift-dilli","status":"publish","type":"product","link":"https:\/\/roveyayinevi.com.tr\/index.php\/urun\/bir-arti-bir-kucukler-ve-buyukler-birlikte-oynuyor-cift-dilli\/","title":{"rendered":"Bir Art\u0131 Bir: K\u00fc\u00e7\u00fckler ve B\u00fcy\u00fckler Birlikte Oynuyor (\u00c7ift Dilli)"},"content":{"rendered":"<p>\u0130ster annen ya da babanla, ister teyzen ya da dedenle oynayabilece\u011fin, \u00e7ift dilli (T\u00fcrk\u00e7e ve \u0130ngilizce) aile boyu etkinlik kitab\u0131na ho\u015f geldin!    Oyunun kurallar\u0131n\u0131 anlat\u0131yorum: 1. Birlikte e\u011flenmek 2. \u00c7ok ama \u00e7ok g\u00fclmek   Devasa sayfalar\u0131, harika \u00e7izimleri ve birbirinden e\u011flenceli onlarca etkinli\u011fiyle Bir + Bir seni bekliyor.      &#8220;\u00c7ocuklar i\u00e7in yeti\u015fkinlerle temasta olmak ne kadar yararl\u0131ysa, yeti\u015fkinler i\u00e7in de \u00e7ocuklarla temasta olmak o kadar yararl\u0131d\u0131r.\u201d Roland D. Laing <\/p>\n","protected":false},"excerpt":{"rendered":"<p>\u0130ster annen ya da babanla, ister teyzen ya da dedenle oynayabilece\u011fin, \u00e7ift dilli (T\u00fcrk\u00e7e ve \u0130ngilizce) aile boyu etkinlik kitab\u0131na ho\u015f geldin! Oyunun kurallar\u0131n\u0131 anlat\u0131yorum: 1.<span class=\"excerpt-hellip\"> [\u2026]<\/span><\/p>\n","protected":false},"featured_media":0,"template":"","meta":{"_monsterinsights_skip_tracking":false,"_monsterinsights_sitenote_active":false,"_monsterinsights_sitenote_note":"","_monsterinsights_sitenote_category":0},"product_brand":[],"product_cat":[12274,15842],"product_tag":[],"class_list":{"0":"post-741367","1":"product","2":"type-product","3":"status-publish","5":"product_cat-cocuk-ve-genclik-kitaplari","6":"product_cat-egitici-kitaplar","7":"pa_cilt-ciltsiz","8":"pa_tur-kitap","9":"pa_yayinevi-domingo-yayinevi","10":"pa_yazar-giuseppe-mazza-anna-cairanti","12":"first","13":"instock","14":"sale","15":"shipping-taxable","16":"purchasable","17":"product-type-simple"},"_links":{"self":[{"href":"https:\/\/roveyayinevi.com.tr\/index.php\/wp-json\/wp\/v2\/product\/741367","targetHints":{"allow":["GET"]}}],"collection":[{"href":"https:\/\/roveyayinevi.com.tr\/index.php\/wp-json\/wp\/v2\/product"}],"about":[{"href":"https:\/\/roveyayinevi.com.tr\/index.php\/wp-json\/wp\/v2\/types\/product"}],"wp:attachment":[{"href":"https:\/\/roveyayinevi.com.tr\/index.php\/wp-json\/wp\/v2\/media?parent=741367"}],"wp:term":[{"taxonomy":"product_brand","embeddable":true,"href":"https:\/\/roveyayinevi.com.tr\/index.php\/wp-json\/wp\/v2\/product_brand?post=741367"},{"taxonomy":"product_cat","embeddable":true,"href":"https:\/\/roveyayinevi.com.tr\/index.php\/wp-json\/wp\/v2\/product_cat?post=741367"},{"taxonomy":"product_tag","embeddable":true,"href":"https:\/\/roveyayinevi.com.tr\/index.php\/wp-json\/wp\/v2\/product_tag?post=741367"}],"curies":[{"name":"wp","href":"https:\/\/api.w.org\/{rel}","templated":true}]}}