{"id":741365,"date":"2025-08-28T00:48:11","date_gmt":"2025-08-27T21:48:11","guid":{"rendered":"https:\/\/roveyayinevi.com.tr\/index.php\/urun\/gunesi-sondurmem-gerek-cep-boy\/"},"modified":"2026-04-16T02:52:38","modified_gmt":"2026-04-15T23:52:38","slug":"gunesi-sondurmem-gerek-cep-boy","status":"publish","type":"product","link":"https:\/\/roveyayinevi.com.tr\/index.php\/urun\/gunesi-sondurmem-gerek-cep-boy\/","title":{"rendered":"G\u00fcne\u015fi S\u00f6nd\u00fcrmem Gerek  (Cep Boy)"},"content":{"rendered":"<p>I\u015f\u0131\u011fa ihtiya\u00e7 duydu\u011fun her g\u00fcn i\u00e7in bir y\u0131ld\u0131z karala g\u00f6ky\u00fcz\u00fcne.   Umut\u2019un hayat\u0131nda her \u015fey yolunda giderken, ya\u015fad\u0131\u011f\u0131 bir kaza sonras\u0131nda her \u015fey de\u011fi\u015fir. \u0130\u00e7 d\u00fcnyas\u0131nda kendiyle hesapla\u015fmaya \u00e7al\u0131\u015f\u0131rken hi\u00e7 beklemedi\u011fi bir ger\u00e7ekle kar\u015f\u0131 kar\u015f\u0131ya kal\u0131r.   Art\u0131k \u00f6n\u00fcnde iki se\u00e7enek vard\u0131r:   Ya bu ger\u00e7e\u011fi kabul edip hayat\u0131na kald\u0131\u011f\u0131 yerden devam edecek ya da bu ger\u00e7e\u011fin ac\u0131s\u0131na kendini mahk\u00fbm edecektir.   Umut her \u015feyin d\u00fczeldi\u011fini d\u00fc\u015f\u00fcnd\u00fc\u011f\u00fcnde ise yak\u0131nlar\u0131yla ilgili \u00f6\u011frendi\u011fi ac\u0131 ger\u00e7ekle yeni bir yol ayr\u0131m\u0131na girer. Yalanlar ve kabul edilmesi g\u00fc\u00e7 ger\u00e7eklerin h\u00fck\u00fcm s\u00fcrd\u00fc\u011f\u00fc bir hayatta, ya\u015fad\u0131\u011f\u0131 olaylar\u0131n enkaz\u0131ndan kurtulmaya \u00e7al\u0131\u015f\u0131rken akl\u0131 ve kalbi aras\u0131nda verdi\u011fi sava\u015f\u0131 kazanabilecek miydi?   Ve o, e\u011fer istersem g\u00fcne\u015fi bile s\u00f6nd\u00fcrebilecek kadar g\u00fc\u00e7l\u00fc oldu\u011fumu \u00f6\u011fretti bana. <\/p>\n","protected":false},"excerpt":{"rendered":"<p>I\u015f\u0131\u011fa ihtiya\u00e7 duydu\u011fun her g\u00fcn i\u00e7in bir y\u0131ld\u0131z karala g\u00f6ky\u00fcz\u00fcne. Umut\u2019un hayat\u0131nda her \u015fey yolunda giderken, ya\u015fad\u0131\u011f\u0131 bir kaza sonras\u0131nda her \u015fey de\u011fi\u015fir. \u0130\u00e7 d\u00fcnyas\u0131nda kendiyle<span class=\"excerpt-hellip\"> [\u2026]<\/span><\/p>\n","protected":false},"featured_media":0,"template":"","meta":{"_monsterinsights_skip_tracking":false,"_monsterinsights_sitenote_active":false,"_monsterinsights_sitenote_note":"","_monsterinsights_sitenote_category":0},"product_brand":[],"product_cat":[12291,12711],"product_tag":[],"class_list":{"0":"post-741365","1":"product","2":"type-product","3":"status-publish","5":"product_cat-edebiyat","6":"product_cat-roman-oyku","7":"pa_cilt-ciltsiz","8":"pa_tur-kitap","9":"pa_yayinevi-ren-kitap","10":"pa_yazar-emre-gul","12":"first","13":"instock","14":"sale","15":"shipping-taxable","16":"purchasable","17":"product-type-simple"},"_links":{"self":[{"href":"https:\/\/roveyayinevi.com.tr\/index.php\/wp-json\/wp\/v2\/product\/741365","targetHints":{"allow":["GET"]}}],"collection":[{"href":"https:\/\/roveyayinevi.com.tr\/index.php\/wp-json\/wp\/v2\/product"}],"about":[{"href":"https:\/\/roveyayinevi.com.tr\/index.php\/wp-json\/wp\/v2\/types\/product"}],"wp:attachment":[{"href":"https:\/\/roveyayinevi.com.tr\/index.php\/wp-json\/wp\/v2\/media?parent=741365"}],"wp:term":[{"taxonomy":"product_brand","embeddable":true,"href":"https:\/\/roveyayinevi.com.tr\/index.php\/wp-json\/wp\/v2\/product_brand?post=741365"},{"taxonomy":"product_cat","embeddable":true,"href":"https:\/\/roveyayinevi.com.tr\/index.php\/wp-json\/wp\/v2\/product_cat?post=741365"},{"taxonomy":"product_tag","embeddable":true,"href":"https:\/\/roveyayinevi.com.tr\/index.php\/wp-json\/wp\/v2\/product_tag?post=741365"}],"curies":[{"name":"wp","href":"https:\/\/api.w.org\/{rel}","templated":true}]}}