{"id":741364,"date":"2025-08-28T00:48:10","date_gmt":"2025-08-27T21:48:10","guid":{"rendered":"https:\/\/roveyayinevi.com.tr\/index.php\/urun\/eyvah-ayakkabilarim-kaciyor\/"},"modified":"2026-04-16T02:52:37","modified_gmt":"2026-04-15T23:52:37","slug":"eyvah-ayakkabilarim-kaciyor","status":"publish","type":"product","link":"https:\/\/roveyayinevi.com.tr\/index.php\/urun\/eyvah-ayakkabilarim-kaciyor\/","title":{"rendered":"Eyvah! Ayakkab\u0131lar\u0131m Ka\u00e7\u0131yor"},"content":{"rendered":"<p>E\u015fyalar\u0131n\u0131 her zaman \u00f6zensizce sa\u011fa sola f\u0131rlatan Mert, o sabah erkenden uyand\u0131. \u00c7omar\u2019\u0131n yeme\u011fini vermek \u00fczere kap\u0131y\u0131 a\u00e7t\u0131. Ayakkab\u0131lar\u0131n\u0131 ararken g\u00f6rd\u00fcklerine inanamad\u0131. Son ayakkab\u0131lar\u0131 da onu terk edip ko\u015farak bah\u00e7eden uzakla\u015f\u0131yordu. Mert, mama kab\u0131 elinde \u00f6ylece arkalar\u0131ndan bakakald\u0131. G\u00f6rd\u00fckleri bir r\u00fcya m\u0131yd\u0131, yoksa ger\u00e7ekten ayakkab\u0131lar\u0131 ka\u00e7\u0131yor muydu?   Peki \u015fimdi Mert ayakkab\u0131lar\u0131 olmadan ne yapacakt\u0131?<\/p>\n","protected":false},"excerpt":{"rendered":"<p>E\u015fyalar\u0131n\u0131 her zaman \u00f6zensizce sa\u011fa sola f\u0131rlatan Mert, o sabah erkenden uyand\u0131. \u00c7omar\u2019\u0131n yeme\u011fini vermek \u00fczere kap\u0131y\u0131 a\u00e7t\u0131. Ayakkab\u0131lar\u0131n\u0131 ararken g\u00f6rd\u00fcklerine inanamad\u0131. Son ayakkab\u0131lar\u0131 da onu<span class=\"excerpt-hellip\"> [\u2026]<\/span><\/p>\n","protected":false},"featured_media":0,"template":"","meta":{"_monsterinsights_skip_tracking":false,"_monsterinsights_sitenote_active":false,"_monsterinsights_sitenote_note":"","_monsterinsights_sitenote_category":0},"product_brand":[],"product_cat":[12274,12284],"product_tag":[],"class_list":{"0":"post-741364","1":"product","2":"type-product","3":"status-publish","5":"product_cat-cocuk-ve-genclik-kitaplari","6":"product_cat-hikayeler","7":"pa_cilt-ciltsiz","8":"pa_tur-kitap","9":"pa_yayinevi-ucanfil-ozel-urun","10":"pa_yazar-meryem-ermeydan","12":"first","13":"instock","14":"sale","15":"shipping-taxable","16":"purchasable","17":"product-type-simple"},"_links":{"self":[{"href":"https:\/\/roveyayinevi.com.tr\/index.php\/wp-json\/wp\/v2\/product\/741364","targetHints":{"allow":["GET"]}}],"collection":[{"href":"https:\/\/roveyayinevi.com.tr\/index.php\/wp-json\/wp\/v2\/product"}],"about":[{"href":"https:\/\/roveyayinevi.com.tr\/index.php\/wp-json\/wp\/v2\/types\/product"}],"wp:attachment":[{"href":"https:\/\/roveyayinevi.com.tr\/index.php\/wp-json\/wp\/v2\/media?parent=741364"}],"wp:term":[{"taxonomy":"product_brand","embeddable":true,"href":"https:\/\/roveyayinevi.com.tr\/index.php\/wp-json\/wp\/v2\/product_brand?post=741364"},{"taxonomy":"product_cat","embeddable":true,"href":"https:\/\/roveyayinevi.com.tr\/index.php\/wp-json\/wp\/v2\/product_cat?post=741364"},{"taxonomy":"product_tag","embeddable":true,"href":"https:\/\/roveyayinevi.com.tr\/index.php\/wp-json\/wp\/v2\/product_tag?post=741364"}],"curies":[{"name":"wp","href":"https:\/\/api.w.org\/{rel}","templated":true}]}}