{"id":741363,"date":"2025-08-28T00:48:08","date_gmt":"2025-08-27T21:48:08","guid":{"rendered":"https:\/\/roveyayinevi.com.tr\/index.php\/urun\/dalgalarin-kiyisinda-2\/"},"modified":"2026-04-07T02:58:12","modified_gmt":"2026-04-06T23:58:12","slug":"dalgalarin-kiyisinda-2","status":"publish","type":"product","link":"https:\/\/roveyayinevi.com.tr\/index.php\/urun\/dalgalarin-kiyisinda-2\/","title":{"rendered":"Dalgalar\u0131n K\u0131y\u0131s\u0131nda 2"},"content":{"rendered":"<p>Yetmedi mi sahteliklerinden yaratt\u0131\u011f\u0131n Dalgalar\u0131n k\u0131y\u0131s\u0131nda oyaland\u0131\u011f\u0131n? \u0130\u00e7inde y\u00fczmeye \u00e7al\u0131\u015ft\u0131\u011f\u0131n Ama seni hi\u00e7bir okyanusun kabul etmedi\u011fi, Bir yar\u0131madadas\u0131n \u015fimdi. Yar\u0131ms\u0131n, Daha da eksiliyorsun. Y\u00fcz\u00fcne g\u00fcld\u00fc\u011f\u00fcn sahte cennetler yaratm\u0131\u015fs\u0131n, Kendin gibi Ba\u015fkalar\u0131n\u0131 da musallat etti\u011fin, Anlams\u0131z \u00e7abalar\u0131na. \u015eimdi s\u00f6yle: Ka\u00e7 tane \u201cmercan\u201d var avlamaktan \u00e7ekinmedi\u011fin Ve ka\u00e7 tane \u201ccan\u201d var Bedenini yaralad\u0131\u011f\u0131n gibi \u0130\u00e7ini de yaralad\u0131\u011f\u0131n, Sayg\u0131 duymad\u0131\u011f\u0131n, Utanmadan ars\u0131zca Sana ait olmayana elini uzatt\u0131\u011f\u0131n? S\u00f6yle! Kendi can\u0131n da d\u00e2hil, Ka\u00e7 \u201ccan\u201d var elinde? <\/p>\n","protected":false},"excerpt":{"rendered":"<p>Yetmedi mi sahteliklerinden yaratt\u0131\u011f\u0131n Dalgalar\u0131n k\u0131y\u0131s\u0131nda oyaland\u0131\u011f\u0131n? \u0130\u00e7inde y\u00fczmeye \u00e7al\u0131\u015ft\u0131\u011f\u0131n Ama seni hi\u00e7bir okyanusun kabul etmedi\u011fi, Bir yar\u0131madadas\u0131n \u015fimdi. Yar\u0131ms\u0131n, Daha da eksiliyorsun. Y\u00fcz\u00fcne g\u00fcld\u00fc\u011f\u00fcn sahte<span class=\"excerpt-hellip\"> [\u2026]<\/span><\/p>\n","protected":false},"featured_media":0,"template":"","meta":{"_monsterinsights_skip_tracking":false,"_monsterinsights_sitenote_active":false,"_monsterinsights_sitenote_note":"","_monsterinsights_sitenote_category":0},"product_brand":[],"product_cat":[12291,12711],"product_tag":[],"class_list":{"0":"post-741363","1":"product","2":"type-product","3":"status-publish","5":"product_cat-edebiyat","6":"product_cat-roman-oyku","7":"pa_cilt-ciltsiz","8":"pa_tur-kitap","9":"pa_yayinevi-gulnar-yayinlari","10":"pa_yazar-ahu-cetin","12":"first","13":"instock","14":"sale","15":"shipping-taxable","16":"purchasable","17":"product-type-simple"},"_links":{"self":[{"href":"https:\/\/roveyayinevi.com.tr\/index.php\/wp-json\/wp\/v2\/product\/741363","targetHints":{"allow":["GET"]}}],"collection":[{"href":"https:\/\/roveyayinevi.com.tr\/index.php\/wp-json\/wp\/v2\/product"}],"about":[{"href":"https:\/\/roveyayinevi.com.tr\/index.php\/wp-json\/wp\/v2\/types\/product"}],"wp:attachment":[{"href":"https:\/\/roveyayinevi.com.tr\/index.php\/wp-json\/wp\/v2\/media?parent=741363"}],"wp:term":[{"taxonomy":"product_brand","embeddable":true,"href":"https:\/\/roveyayinevi.com.tr\/index.php\/wp-json\/wp\/v2\/product_brand?post=741363"},{"taxonomy":"product_cat","embeddable":true,"href":"https:\/\/roveyayinevi.com.tr\/index.php\/wp-json\/wp\/v2\/product_cat?post=741363"},{"taxonomy":"product_tag","embeddable":true,"href":"https:\/\/roveyayinevi.com.tr\/index.php\/wp-json\/wp\/v2\/product_tag?post=741363"}],"curies":[{"name":"wp","href":"https:\/\/api.w.org\/{rel}","templated":true}]}}