{"id":741361,"date":"2025-08-28T00:48:06","date_gmt":"2025-08-27T21:48:06","guid":{"rendered":"https:\/\/roveyayinevi.com.tr\/index.php\/urun\/annem-nerede\/"},"modified":"2026-04-16T02:52:37","modified_gmt":"2026-04-15T23:52:37","slug":"annem-nerede","status":"publish","type":"product","link":"https:\/\/roveyayinevi.com.tr\/index.php\/urun\/annem-nerede\/","title":{"rendered":"Annem Nerede?"},"content":{"rendered":"<p>Eyvah, minik bayku\u015f yuvadan d\u00fc\u015ft\u00fc ve birazc\u0131k kayboldu! Acaba hangi hayvan dostu ona annesinin yerini g\u00f6sterecek? Eserleri 25\u2019ten fazla dile \u00e7evrilen Chris Haughton\u2019\u0131n kitaplar\u0131, T\u00fcrk\u00e7e \u00e7evirileriyle okurlar\u0131yla bulu\u015fuyor. Etkileyici resimleri ile Annem Nerede? \u0130ngiltere \u0130ll\u00fcstrat\u00f6rler Birli\u011fi \u00c7ocuk Kitab\u0131 \u00d6d\u00fcl\u00fc de dahil olmak \u00fczere, 8 \u00fclkede 10 \u00f6d\u00fcl kazand\u0131.\u201cMu\u0308thi\u015f bir \u00f6yku\u0308 ve g\u00f6rsel ba\u015far\u0131\u2026\u201dIrish Times Gazetesi<\/p>\n","protected":false},"excerpt":{"rendered":"<p>Eyvah, minik bayku\u015f yuvadan d\u00fc\u015ft\u00fc ve birazc\u0131k kayboldu! Acaba hangi hayvan dostu ona annesinin yerini g\u00f6sterecek? Eserleri 25\u2019ten fazla dile \u00e7evrilen Chris Haughton\u2019\u0131n kitaplar\u0131, T\u00fcrk\u00e7e \u00e7evirileriyle<span class=\"excerpt-hellip\"> [\u2026]<\/span><\/p>\n","protected":false},"featured_media":0,"template":"","meta":{"_monsterinsights_skip_tracking":false,"_monsterinsights_sitenote_active":false,"_monsterinsights_sitenote_note":"","_monsterinsights_sitenote_category":0},"product_brand":[],"product_cat":[12274,12284],"product_tag":[],"class_list":{"0":"post-741361","1":"product","2":"type-product","3":"status-publish","5":"product_cat-cocuk-ve-genclik-kitaplari","6":"product_cat-hikayeler","7":"pa_cilt-ciltsiz","8":"pa_tur-kitap","9":"pa_yayinevi-redhouse-yayinlari","10":"pa_yazar-chris-haughton","12":"first","13":"instock","14":"sale","15":"shipping-taxable","16":"purchasable","17":"product-type-simple"},"_links":{"self":[{"href":"https:\/\/roveyayinevi.com.tr\/index.php\/wp-json\/wp\/v2\/product\/741361","targetHints":{"allow":["GET"]}}],"collection":[{"href":"https:\/\/roveyayinevi.com.tr\/index.php\/wp-json\/wp\/v2\/product"}],"about":[{"href":"https:\/\/roveyayinevi.com.tr\/index.php\/wp-json\/wp\/v2\/types\/product"}],"wp:attachment":[{"href":"https:\/\/roveyayinevi.com.tr\/index.php\/wp-json\/wp\/v2\/media?parent=741361"}],"wp:term":[{"taxonomy":"product_brand","embeddable":true,"href":"https:\/\/roveyayinevi.com.tr\/index.php\/wp-json\/wp\/v2\/product_brand?post=741361"},{"taxonomy":"product_cat","embeddable":true,"href":"https:\/\/roveyayinevi.com.tr\/index.php\/wp-json\/wp\/v2\/product_cat?post=741361"},{"taxonomy":"product_tag","embeddable":true,"href":"https:\/\/roveyayinevi.com.tr\/index.php\/wp-json\/wp\/v2\/product_tag?post=741361"}],"curies":[{"name":"wp","href":"https:\/\/api.w.org\/{rel}","templated":true}]}}