{"id":741360,"date":"2025-08-28T00:48:05","date_gmt":"2025-08-27T21:48:05","guid":{"rendered":"https:\/\/roveyayinevi.com.tr\/index.php\/urun\/ah-be-poncik\/"},"modified":"2026-04-16T02:52:37","modified_gmt":"2026-04-15T23:52:37","slug":"ah-be-poncik","status":"publish","type":"product","link":"https:\/\/roveyayinevi.com.tr\/index.php\/urun\/ah-be-poncik\/","title":{"rendered":"Ah Be Pon\u00e7ik!"},"content":{"rendered":"<p>Pon\u00e7ik uslu durmak istiyor. Uslu olmaya \u00e7al\u0131\u015f\u0131yor. Ama mutfakta bir pasta g\u00f6rdu\u0308\u2026 Pon\u00e7ik ne yapacak acaba? Eserleri 25\u2019ten fazla dile \u00e7evrilen Chris Haughton\u2019\u0131n kitaplar\u0131, T\u00fcrk\u00e7e \u00e7evirileriyle okurlar\u0131yla bulu\u015fuyor. Roald Dahl Mizah \u00d6d\u00fcl\u00fc\u2019n\u00fcn k\u0131sa listesine giren Ah Be Pon\u00e7ik!, g\u00f6z al\u0131c\u0131 resimleri ve uslu durmak i\u00e7in elinden geleni yapan bir k\u00f6pe\u011fin tatl\u0131 maceras\u0131yla k\u00fc\u00e7\u00fck okurlar\u0131n kalbini \u00e7alacak. \u201cGu\u0308lmekten havlayacaks\u0131n\u0131z\u2026\u201dThe Times Gazetesi<\/p>\n","protected":false},"excerpt":{"rendered":"<p>Pon\u00e7ik uslu durmak istiyor. Uslu olmaya \u00e7al\u0131\u015f\u0131yor. Ama mutfakta bir pasta g\u00f6rdu\u0308\u2026 Pon\u00e7ik ne yapacak acaba? Eserleri 25\u2019ten fazla dile \u00e7evrilen Chris Haughton\u2019\u0131n kitaplar\u0131, T\u00fcrk\u00e7e \u00e7evirileriyle<span class=\"excerpt-hellip\"> [\u2026]<\/span><\/p>\n","protected":false},"featured_media":0,"template":"","meta":{"_monsterinsights_skip_tracking":false,"_monsterinsights_sitenote_active":false,"_monsterinsights_sitenote_note":"","_monsterinsights_sitenote_category":0},"product_brand":[],"product_cat":[12274,12284],"product_tag":[],"class_list":{"0":"post-741360","1":"product","2":"type-product","3":"status-publish","5":"product_cat-cocuk-ve-genclik-kitaplari","6":"product_cat-hikayeler","7":"pa_cilt-ciltsiz","8":"pa_tur-kitap","9":"pa_yayinevi-redhouse-yayinlari","10":"pa_yazar-chris-haughton","12":"first","13":"instock","14":"sale","15":"shipping-taxable","16":"purchasable","17":"product-type-simple"},"_links":{"self":[{"href":"https:\/\/roveyayinevi.com.tr\/index.php\/wp-json\/wp\/v2\/product\/741360","targetHints":{"allow":["GET"]}}],"collection":[{"href":"https:\/\/roveyayinevi.com.tr\/index.php\/wp-json\/wp\/v2\/product"}],"about":[{"href":"https:\/\/roveyayinevi.com.tr\/index.php\/wp-json\/wp\/v2\/types\/product"}],"wp:attachment":[{"href":"https:\/\/roveyayinevi.com.tr\/index.php\/wp-json\/wp\/v2\/media?parent=741360"}],"wp:term":[{"taxonomy":"product_brand","embeddable":true,"href":"https:\/\/roveyayinevi.com.tr\/index.php\/wp-json\/wp\/v2\/product_brand?post=741360"},{"taxonomy":"product_cat","embeddable":true,"href":"https:\/\/roveyayinevi.com.tr\/index.php\/wp-json\/wp\/v2\/product_cat?post=741360"},{"taxonomy":"product_tag","embeddable":true,"href":"https:\/\/roveyayinevi.com.tr\/index.php\/wp-json\/wp\/v2\/product_tag?post=741360"}],"curies":[{"name":"wp","href":"https:\/\/api.w.org\/{rel}","templated":true}]}}