{"id":741358,"date":"2025-08-28T00:48:02","date_gmt":"2025-08-27T21:48:02","guid":{"rendered":"https:\/\/roveyayinevi.com.tr\/index.php\/urun\/kosullanma\/"},"modified":"2026-04-16T02:52:37","modified_gmt":"2026-04-15T23:52:37","slug":"kosullanma","status":"publish","type":"product","link":"https:\/\/roveyayinevi.com.tr\/index.php\/urun\/kosullanma\/","title":{"rendered":"Ko\u015fullanma"},"content":{"rendered":"<p>\u201cBak\u0131n han\u0131mefendi; bu deneyin sonu\u00e7lar\u0131 t\u0131p alan\u0131nda at\u0131lm\u0131\u015f b\u00fcy\u00fck bir ad\u0131m olacak. Bize izin verirseniz \u00f6ncelikle bebe\u011finizi ba\u015ftan aya\u011fa muayene edece\u011fiz. E\u011fer sa\u011fl\u0131kl\u0131ysa onu g\u00f6zlemlemeye ba\u015flayaca\u011f\u0131z. Ayr\u0131ca ihtiya\u00e7lar\u0131n\u0131za destek olmak amac\u0131yla size bir miktar \u00f6deme yapaca\u011f\u0131z.\u201d \u201cO\u011fluma zarar vermeyeceksiniz de\u011fil mi?\u201d \u201cO\u011flunuza neden zarar verelim han\u0131mefendi? Sadece onu g\u00f6zlemleyece\u011fiz, bu konuda bana g\u00fcvenin; o\u011flunuza bir \u015fey olmayacak.\u201d \u201cPeki, o zaman size g\u00fcveniyorum. O\u011flumu deneyinize dahil edebilirsiniz.\u201d ***** \u0130dealist bir psikolo\u011fun ak\u0131l almaz bir deneyi ve o deneyin sonu\u00e7lar\u0131\u2026 Se\u00e7il Kutal\u2019\u0131n ak\u0131c\u0131 bir \u00fcslupla kaleme ald\u0131\u011f\u0131 \u201cKo\u015fullanma\u201d, s\u0131radan bir hik\u00e2ye gibi ba\u015flayan ve her b\u00f6l\u00fcmde okura yeni kap\u0131lar a\u00e7arak hayata dair temel kavramlar\u0131 ve yakla\u015f\u0131mlar\u0131 sorgulamaya te\u015fvik eden bir roman\u2026 <\/p>\n","protected":false},"excerpt":{"rendered":"<p>\u201cBak\u0131n han\u0131mefendi; bu deneyin sonu\u00e7lar\u0131 t\u0131p alan\u0131nda at\u0131lm\u0131\u015f b\u00fcy\u00fck bir ad\u0131m olacak. Bize izin verirseniz \u00f6ncelikle bebe\u011finizi ba\u015ftan aya\u011fa muayene edece\u011fiz. E\u011fer sa\u011fl\u0131kl\u0131ysa onu g\u00f6zlemlemeye ba\u015flayaca\u011f\u0131z.<span class=\"excerpt-hellip\"> [\u2026]<\/span><\/p>\n","protected":false},"featured_media":0,"template":"","meta":{"_monsterinsights_skip_tracking":false,"_monsterinsights_sitenote_active":false,"_monsterinsights_sitenote_note":"","_monsterinsights_sitenote_category":0},"product_brand":[],"product_cat":[12291,12711],"product_tag":[],"class_list":{"0":"post-741358","1":"product","2":"type-product","3":"status-publish","5":"product_cat-edebiyat","6":"product_cat-roman-oyku","7":"pa_cilt-ciltsiz","8":"pa_tur-kitap","9":"pa_yayinevi-cinaralti-yayinlari","10":"pa_yazar-secil-kutal","12":"first","13":"instock","14":"sale","15":"shipping-taxable","16":"purchasable","17":"product-type-simple"},"_links":{"self":[{"href":"https:\/\/roveyayinevi.com.tr\/index.php\/wp-json\/wp\/v2\/product\/741358","targetHints":{"allow":["GET"]}}],"collection":[{"href":"https:\/\/roveyayinevi.com.tr\/index.php\/wp-json\/wp\/v2\/product"}],"about":[{"href":"https:\/\/roveyayinevi.com.tr\/index.php\/wp-json\/wp\/v2\/types\/product"}],"wp:attachment":[{"href":"https:\/\/roveyayinevi.com.tr\/index.php\/wp-json\/wp\/v2\/media?parent=741358"}],"wp:term":[{"taxonomy":"product_brand","embeddable":true,"href":"https:\/\/roveyayinevi.com.tr\/index.php\/wp-json\/wp\/v2\/product_brand?post=741358"},{"taxonomy":"product_cat","embeddable":true,"href":"https:\/\/roveyayinevi.com.tr\/index.php\/wp-json\/wp\/v2\/product_cat?post=741358"},{"taxonomy":"product_tag","embeddable":true,"href":"https:\/\/roveyayinevi.com.tr\/index.php\/wp-json\/wp\/v2\/product_tag?post=741358"}],"curies":[{"name":"wp","href":"https:\/\/api.w.org\/{rel}","templated":true}]}}