{"id":741357,"date":"2025-08-28T00:48:00","date_gmt":"2025-08-27T21:48:00","guid":{"rendered":"https:\/\/roveyayinevi.com.tr\/index.php\/urun\/feda-mevsimi\/"},"modified":"2026-04-16T02:52:37","modified_gmt":"2026-04-15T23:52:37","slug":"feda-mevsimi","status":"publish","type":"product","link":"https:\/\/roveyayinevi.com.tr\/index.php\/urun\/feda-mevsimi\/","title":{"rendered":"Feda Mevsimi"},"content":{"rendered":"<p>\u201c\u0130stilaya u\u011frayan vatan topraklar sulh ile ele ge\u00e7mez, cenkle al\u0131n\u0131r.\u201d (\u015eeyh \u015eamil) Feda Mevsimi; \u00c7arl\u0131k Rusyas\u0131\u2019n\u0131n Kafkaslardaki katliam ve soyk\u0131r\u0131ma varan i\u015fgalinin ard\u0131ndan 1864 y\u0131l\u0131nda ba\u015flayan s\u00fcrg\u00fcn hayat\u0131nda \u00c7erkeslerin Anadolu\u2019ya yolculuklar\u0131 esnas\u0131nda ya\u015fad\u0131klar\u0131 olaylardan, ger\u00e7ek kahramanlar\u0131n hikayelerinden ve dilden dile, nesilden nesle aktar\u0131larak gelen hat\u0131ralardan yola \u00e7\u0131k\u0131larak yaz\u0131lm\u0131\u015ft\u0131r. Bu kitapta; Kafkasya\u2019da ya\u015fanan i\u015fgal ve soyk\u0131r\u0131m s\u00fcrecinde, \u015eeyh \u015eamil \u00f6nderli\u011finde verilen vatan m\u00fccadelesini, Atalar yurdu Kafkasya\/Da\u011f\u0131stan\u2019dan yola \u00e7\u0131karak Adana\/Ceyhan\u2019a gelen ve burada Atalar yurdu an\u0131s\u0131na \u201cDa\u011f\u0131stan K\u00f6y\u00fc\u201dn\u00fc kuran 41 ailenin ger\u00e7ek ya\u015fam hikayesini ve bir milletin var olma ad\u0131na vermi\u015f oldu\u011fu o \u00e7etin m\u00fccadeleyi bulacaks\u0131n\u0131z. <\/p>\n","protected":false},"excerpt":{"rendered":"<p>\u201c\u0130stilaya u\u011frayan vatan topraklar sulh ile ele ge\u00e7mez, cenkle al\u0131n\u0131r.\u201d (\u015eeyh \u015eamil) Feda Mevsimi; \u00c7arl\u0131k Rusyas\u0131\u2019n\u0131n Kafkaslardaki katliam ve soyk\u0131r\u0131ma varan i\u015fgalinin ard\u0131ndan 1864 y\u0131l\u0131nda ba\u015flayan<span class=\"excerpt-hellip\"> [\u2026]<\/span><\/p>\n","protected":false},"featured_media":0,"template":"","meta":{"_monsterinsights_skip_tracking":false,"_monsterinsights_sitenote_active":false,"_monsterinsights_sitenote_note":"","_monsterinsights_sitenote_category":0},"product_brand":[],"product_cat":[12291,12711],"product_tag":[],"class_list":{"0":"post-741357","1":"product","2":"type-product","3":"status-publish","5":"product_cat-edebiyat","6":"product_cat-roman-oyku","7":"pa_cilt-ciltsiz","8":"pa_tur-kitap","9":"pa_yayinevi-cinaralti-yayinlari","10":"pa_yazar-caglar-dalkiran","12":"first","13":"instock","14":"sale","15":"shipping-taxable","16":"purchasable","17":"product-type-simple"},"_links":{"self":[{"href":"https:\/\/roveyayinevi.com.tr\/index.php\/wp-json\/wp\/v2\/product\/741357","targetHints":{"allow":["GET"]}}],"collection":[{"href":"https:\/\/roveyayinevi.com.tr\/index.php\/wp-json\/wp\/v2\/product"}],"about":[{"href":"https:\/\/roveyayinevi.com.tr\/index.php\/wp-json\/wp\/v2\/types\/product"}],"wp:attachment":[{"href":"https:\/\/roveyayinevi.com.tr\/index.php\/wp-json\/wp\/v2\/media?parent=741357"}],"wp:term":[{"taxonomy":"product_brand","embeddable":true,"href":"https:\/\/roveyayinevi.com.tr\/index.php\/wp-json\/wp\/v2\/product_brand?post=741357"},{"taxonomy":"product_cat","embeddable":true,"href":"https:\/\/roveyayinevi.com.tr\/index.php\/wp-json\/wp\/v2\/product_cat?post=741357"},{"taxonomy":"product_tag","embeddable":true,"href":"https:\/\/roveyayinevi.com.tr\/index.php\/wp-json\/wp\/v2\/product_tag?post=741357"}],"curies":[{"name":"wp","href":"https:\/\/api.w.org\/{rel}","templated":true}]}}