{"id":741353,"date":"2025-08-28T00:47:55","date_gmt":"2025-08-27T21:47:55","guid":{"rendered":"https:\/\/roveyayinevi.com.tr\/index.php\/urun\/genclik-sanati\/"},"modified":"2026-04-05T02:57:28","modified_gmt":"2026-04-04T23:57:28","slug":"genclik-sanati","status":"publish","type":"product","link":"https:\/\/roveyayinevi.com.tr\/index.php\/urun\/genclik-sanati\/","title":{"rendered":"Gen\u00e7lik Sanat\u0131"},"content":{"rendered":"<p>Bu d\u00fcnyada \u00e7ok de\u011ferli hazineler, \u00e7ok k\u0131ymetli \u015feyler vard\u0131r. Tarihi eserler, mimari yap\u0131lar, saraylar, binlerce y\u0131ll\u0131k antik \u015fehirler&#8230; De\u011ferli tak\u0131lar, m\u00fccevherler, l\u00fcks arabalar, k\u0131ymetli tablolar, heykeller, sanat eserleri&#8230; \u0130nsanlar y\u00fcksek mebla\u011flar \u00f6deyerek bunlara sahip olmaya \u00e7al\u0131\u015f\u0131rlar. Ama d\u00fcnyada \u00f6yle k\u0131ymetli bir hazine, parayla sat\u0131n al\u0131namayacak \u00f6yle bir sanat eseri var ki o da gen\u00e7liktir. Yani senin i\u00e7inde bulundu\u011fun bu zamanlar&#8230; D\u00fcnyan\u0131n en \u00fcnl\u00fc sanat\u00e7\u0131lar\u0131n\u0131 ara\u015ft\u0131r\u0131p baksan, \u00e7o\u011funun en b\u00fcy\u00fck ve en g\u00fczel eserlerini hep olgunluk \u00e7a\u011flar\u0131nda vermi\u015f olduklar\u0131n\u0131 g\u00f6r\u00fcrs\u00fcn. \u00dcrettikleri bu eserlerle tan\u0131nm\u0131\u015f ve \u00fcn kazanm\u0131\u015flard\u0131r. Ama emin ol istedikleri tek bir \u015fey vard\u0131r; senin yerinde olmak&#8230; Bu y\u00fczden sahip olunabilecek en b\u00fcy\u00fck yetenek gen\u00e7liktir. En de\u011ferli sanat\u00e7\u0131 da gen\u00e7tir. Yani sensin&#8230; Ya\u015f alm\u0131\u015f olanlar\u0131n sana imrenerek bakt\u0131\u011f\u0131 bir g\u00fczelli\u011fe, g\u00fcce, enerjiye ve motivasyona sahipsin. Tabii b\u00fct\u00fcn bu sahip oldu\u011fun hazinelerin fark\u0131na varabilirsen\u2026 Unutma! Hayat, an\u2019lar\u0131n gereklerini yerine getirmekle anlam kazan\u0131r. <\/p>\n","protected":false},"excerpt":{"rendered":"<p>Bu d\u00fcnyada \u00e7ok de\u011ferli hazineler, \u00e7ok k\u0131ymetli \u015feyler vard\u0131r. Tarihi eserler, mimari yap\u0131lar, saraylar, binlerce y\u0131ll\u0131k antik \u015fehirler&#8230; De\u011ferli tak\u0131lar, m\u00fccevherler, l\u00fcks arabalar, k\u0131ymetli tablolar, heykeller,<span class=\"excerpt-hellip\"> [\u2026]<\/span><\/p>\n","protected":false},"featured_media":0,"template":"","meta":{"_monsterinsights_skip_tracking":false,"_monsterinsights_sitenote_active":false,"_monsterinsights_sitenote_note":"","_monsterinsights_sitenote_category":0},"product_brand":[],"product_cat":[12364,12376],"product_tag":[],"class_list":{"0":"post-741353","1":"product","2":"type-product","3":"status-publish","5":"product_cat-genel-konular","6":"product_cat-kisisel-gelisim","7":"pa_cilt-ciltsiz","8":"pa_tur-kitap","9":"pa_yayinevi-cinaralti-yayinlari","10":"pa_yazar-mehmet-fatih","12":"first","13":"instock","14":"sale","15":"shipping-taxable","16":"purchasable","17":"product-type-simple"},"_links":{"self":[{"href":"https:\/\/roveyayinevi.com.tr\/index.php\/wp-json\/wp\/v2\/product\/741353","targetHints":{"allow":["GET"]}}],"collection":[{"href":"https:\/\/roveyayinevi.com.tr\/index.php\/wp-json\/wp\/v2\/product"}],"about":[{"href":"https:\/\/roveyayinevi.com.tr\/index.php\/wp-json\/wp\/v2\/types\/product"}],"wp:attachment":[{"href":"https:\/\/roveyayinevi.com.tr\/index.php\/wp-json\/wp\/v2\/media?parent=741353"}],"wp:term":[{"taxonomy":"product_brand","embeddable":true,"href":"https:\/\/roveyayinevi.com.tr\/index.php\/wp-json\/wp\/v2\/product_brand?post=741353"},{"taxonomy":"product_cat","embeddable":true,"href":"https:\/\/roveyayinevi.com.tr\/index.php\/wp-json\/wp\/v2\/product_cat?post=741353"},{"taxonomy":"product_tag","embeddable":true,"href":"https:\/\/roveyayinevi.com.tr\/index.php\/wp-json\/wp\/v2\/product_tag?post=741353"}],"curies":[{"name":"wp","href":"https:\/\/api.w.org\/{rel}","templated":true}]}}