{"id":741350,"date":"2025-08-28T00:47:50","date_gmt":"2025-08-27T21:47:50","guid":{"rendered":"https:\/\/roveyayinevi.com.tr\/index.php\/urun\/ruya\/"},"modified":"2026-04-16T02:52:37","modified_gmt":"2026-04-15T23:52:37","slug":"ruya","status":"publish","type":"product","link":"https:\/\/roveyayinevi.com.tr\/index.php\/urun\/ruya\/","title":{"rendered":"R\u00fcya"},"content":{"rendered":"<p>\u201cMademki Devlet-i \u00c2liye dahi Avrupa familyas\u0131ndan say\u0131lmaktad\u0131r, b\u00fct\u00fcn \u00e2leme muhalif olarak bizim bu halde bekam\u0131z imk\u00e2n dahilinde olamaz. Millet meclisi, dokunsa dokunsa vekillerin ba\u011f\u0131ms\u0131zl\u0131klar\u0131na dokunur. Zira o zaman her \u015feyi istedikleri gibi yap\u0131p sonra, \u2018Ne yapal\u0131m, padi\u015fah b\u00f6yle yapt\u0131,\u2019 diyemezler, o zaman keyifleri istedi\u011fi kadar Avrupa\u2019dan bor\u00e7lanmayla ya\u011fma edemezler, o zaman canlar\u0131 istedikleri kadar ahaliye vergi ve r\u00fcsumat y\u00fckletemezler, o zaman istediklerini tekrar muhakemesiz g\u00f6revinden al\u0131p ve s\u00fcrg\u00fcne g\u00f6nderip huzurunuzda birtak\u0131m yalanlar s\u00f6yleyerek takdir ve ikbale mazhar olamazlar. \u00c7\u00fcnk\u00fc bunlardan her biri millet meclisinde mesul tutulurlar.\u201d   Edebiyat\u0131m\u0131z\u0131n iki dev ismi Ziya Pa\u015fa ve Nam\u0131k Kemal\u2019in farkl\u0131 d\u00f6nemlerde yazd\u0131klar\u0131 bu iki \u201cr\u00fcya\u201d metni, d\u00f6nemin zor \u015fartlar\u0131nda \u00fclke i\u00e7in bir \u00e7\u0131k\u0131\u015f yolu arayan Osmanl\u0131 ayd\u0131n\u0131n\u0131n \u00fctopyalar\u0131na dair iki \u00f6nemli kaynak.   Ku\u015faklar\u0131 etkilemi\u015f romanlar, ufuk a\u00e7\u0131c\u0131 \u00f6yk\u00fcler, ezberlere kaz\u0131nm\u0131\u015f \u015fiirler\u2026 Gazetelerde kalm\u0131\u015f s\u00f6yle\u015filer, gezi yaz\u0131lar\u0131, denemeler, makaleler\u2026 Edebiyat\u0131m\u0131z\u0131n farkl\u0131 d\u00f6nemlerinden, iz b\u0131rakan metinler K\u0131sa Miras\u2019la bir araya geliyor. <\/p>\n","protected":false},"excerpt":{"rendered":"<p>\u201cMademki Devlet-i \u00c2liye dahi Avrupa familyas\u0131ndan say\u0131lmaktad\u0131r, b\u00fct\u00fcn \u00e2leme muhalif olarak bizim bu halde bekam\u0131z imk\u00e2n dahilinde olamaz. Millet meclisi, dokunsa dokunsa vekillerin ba\u011f\u0131ms\u0131zl\u0131klar\u0131na dokunur. Zira<span class=\"excerpt-hellip\"> [\u2026]<\/span><\/p>\n","protected":false},"featured_media":0,"template":"","meta":{"_monsterinsights_skip_tracking":false,"_monsterinsights_sitenote_active":false,"_monsterinsights_sitenote_note":"","_monsterinsights_sitenote_category":0},"product_brand":[],"product_cat":[12777,12291],"product_tag":[],"class_list":{"0":"post-741350","1":"product","2":"type-product","3":"status-publish","5":"product_cat-deneme","6":"product_cat-edebiyat","7":"pa_cilt-ciltsiz","8":"pa_tur-kitap","9":"pa_yayinevi-can-yayinlari","10":"pa_yazar-ziya-pasa-namik-kemal","12":"first","13":"instock","14":"sale","15":"shipping-taxable","16":"purchasable","17":"product-type-simple"},"_links":{"self":[{"href":"https:\/\/roveyayinevi.com.tr\/index.php\/wp-json\/wp\/v2\/product\/741350","targetHints":{"allow":["GET"]}}],"collection":[{"href":"https:\/\/roveyayinevi.com.tr\/index.php\/wp-json\/wp\/v2\/product"}],"about":[{"href":"https:\/\/roveyayinevi.com.tr\/index.php\/wp-json\/wp\/v2\/types\/product"}],"wp:attachment":[{"href":"https:\/\/roveyayinevi.com.tr\/index.php\/wp-json\/wp\/v2\/media?parent=741350"}],"wp:term":[{"taxonomy":"product_brand","embeddable":true,"href":"https:\/\/roveyayinevi.com.tr\/index.php\/wp-json\/wp\/v2\/product_brand?post=741350"},{"taxonomy":"product_cat","embeddable":true,"href":"https:\/\/roveyayinevi.com.tr\/index.php\/wp-json\/wp\/v2\/product_cat?post=741350"},{"taxonomy":"product_tag","embeddable":true,"href":"https:\/\/roveyayinevi.com.tr\/index.php\/wp-json\/wp\/v2\/product_tag?post=741350"}],"curies":[{"name":"wp","href":"https:\/\/api.w.org\/{rel}","templated":true}]}}