{"id":741349,"date":"2025-08-28T00:47:49","date_gmt":"2025-08-27T21:47:49","guid":{"rendered":"https:\/\/roveyayinevi.com.tr\/index.php\/urun\/medenilestirme-vazifesi\/"},"modified":"2026-04-16T02:52:37","modified_gmt":"2026-04-15T23:52:37","slug":"medenilestirme-vazifesi","status":"publish","type":"product","link":"https:\/\/roveyayinevi.com.tr\/index.php\/urun\/medenilestirme-vazifesi\/","title":{"rendered":"Medenile\u015ftirme Vazifesi"},"content":{"rendered":"<p>\u201cAvrupal\u0131lar\u0131n uzak beldelerdeki hareketlerini ve te\u015febb\u00fcslerini an\u0131lan medeniyet veya medenile\u015ftirme vazifesi nam\u0131na hesap edecek olursak, sonu\u00e7ta beklenmeyen ve pek aksi bir neticeye ula\u015f\u0131r\u0131z. 15. as\u0131rdan 18. asra kadar, esasen Avrupa kavimlerinin ahlaki mahiyetlerinden \u2018servet kazanmak i\u00e7in her \u015feyi yapmak\u2019 d\u00fcsturundan ba\u015fka bir \u015fey beklenemez; onun i\u00e7in, ke\u015ffedilen arazi ahalisini kendi menfaatleri nam\u0131na her surette kullanan, onlar\u0131 maddeten ve ahlaken her surette zarara u\u011fratan ilk istilac\u0131lar, medeni bir vazife de\u011fil, zul\u00fcm ve vah\u015fetten ba\u015fka bir \u015fey yapmam\u0131\u015flard\u0131r.\u201d Mustafa Suphi\u2019nin, \u0130talya\u2019n\u0131n Trablusgarp ve Bingazi\u2019yi i\u015fgali \u00fczerine 1912\u2019de kaleme ald\u0131\u011f\u0131 ve T\u00fcrk\u00e7ede s\u00f6m\u00fcrgecilik \u00fczerine yaz\u0131lm\u0131\u015f en temel metinlerden biri olan Medenile\u015ftirme Vazifesi\u2019ni (Vazife-i Temdin) yazar\u0131n iktisada dair iki makalesiyle birlikte sunuyoruz. Mustafa Suphi\u2019nin, \u0130talya\u2019n\u0131n Trablusgarp ve Bingazi\u2019yi i\u015fgali \u00fczerine 1912\u2019de kaleme ald\u0131\u011f\u0131 ve T\u00fcrk\u00e7ede s\u00f6m\u00fcrgecilik \u00fczerine yaz\u0131lm\u0131\u015f en temel metinlerden biri olan Medenile\u015ftirme Vazifesi\u2019ni (Vazife-i Temdin) yazar\u0131n iktisada dair iki makalesiyle birlikte sunuyoruz. <\/p>\n","protected":false},"excerpt":{"rendered":"<p>\u201cAvrupal\u0131lar\u0131n uzak beldelerdeki hareketlerini ve te\u015febb\u00fcslerini an\u0131lan medeniyet veya medenile\u015ftirme vazifesi nam\u0131na hesap edecek olursak, sonu\u00e7ta beklenmeyen ve pek aksi bir neticeye ula\u015f\u0131r\u0131z. 15. as\u0131rdan 18.<span class=\"excerpt-hellip\"> [\u2026]<\/span><\/p>\n","protected":false},"featured_media":0,"template":"","meta":{"_monsterinsights_skip_tracking":false,"_monsterinsights_sitenote_active":false,"_monsterinsights_sitenote_note":"","_monsterinsights_sitenote_category":0},"product_brand":[],"product_cat":[12777,12291],"product_tag":[],"class_list":{"0":"post-741349","1":"product","2":"type-product","3":"status-publish","5":"product_cat-deneme","6":"product_cat-edebiyat","7":"pa_cilt-ciltsiz","8":"pa_tur-kitap","9":"pa_yayinevi-can-yayinlari","10":"pa_yazar-mustafa-suphi-erden","12":"first","13":"instock","14":"sale","15":"shipping-taxable","16":"purchasable","17":"product-type-simple"},"_links":{"self":[{"href":"https:\/\/roveyayinevi.com.tr\/index.php\/wp-json\/wp\/v2\/product\/741349","targetHints":{"allow":["GET"]}}],"collection":[{"href":"https:\/\/roveyayinevi.com.tr\/index.php\/wp-json\/wp\/v2\/product"}],"about":[{"href":"https:\/\/roveyayinevi.com.tr\/index.php\/wp-json\/wp\/v2\/types\/product"}],"wp:attachment":[{"href":"https:\/\/roveyayinevi.com.tr\/index.php\/wp-json\/wp\/v2\/media?parent=741349"}],"wp:term":[{"taxonomy":"product_brand","embeddable":true,"href":"https:\/\/roveyayinevi.com.tr\/index.php\/wp-json\/wp\/v2\/product_brand?post=741349"},{"taxonomy":"product_cat","embeddable":true,"href":"https:\/\/roveyayinevi.com.tr\/index.php\/wp-json\/wp\/v2\/product_cat?post=741349"},{"taxonomy":"product_tag","embeddable":true,"href":"https:\/\/roveyayinevi.com.tr\/index.php\/wp-json\/wp\/v2\/product_tag?post=741349"}],"curies":[{"name":"wp","href":"https:\/\/api.w.org\/{rel}","templated":true}]}}