{"id":741348,"date":"2025-08-28T00:47:48","date_gmt":"2025-08-27T21:47:48","guid":{"rendered":"https:\/\/roveyayinevi.com.tr\/index.php\/urun\/berlinin-ilk-gunleri\/"},"modified":"2026-04-16T02:52:37","modified_gmt":"2026-04-15T23:52:37","slug":"berlinin-ilk-gunleri","status":"publish","type":"product","link":"https:\/\/roveyayinevi.com.tr\/index.php\/urun\/berlinin-ilk-gunleri\/","title":{"rendered":"Berlin\u2019in \u0130lk G\u00fcnleri"},"content":{"rendered":"<p>Berlin Duvar\u0131\u2019n\u0131n y\u0131k\u0131lmas\u0131n\u0131n ard\u0131ndan Berlin bir an i\u00e7in gezegenin, \u015fimdiki zaman\u0131n, (i\u00e7inde var olunan an\u0131n) ba\u015fkenti haline gelmi\u015fti. Her telden sanat\u00e7\u0131, ev i\u015fgalcileri, bir gecede a\u00e7\u0131l\u0131p bir gecede kapanan kul\u00fcpler, barlar, sanat galerileri, yeni d\u00f6nemin m\u00fczi\u011fini e\u015fzamanl\u0131 yaratan DJ\u2019ler, kalabal\u0131k bir rave kitlesi eski \u015fehrin merkezine el koymu\u015f ve onu hayata geri d\u00f6nd\u00fcrm\u00fc\u015ft\u00fc. K\u0131sa bir d\u00f6nemdi, \u00e7ok uzun s\u00fcrmedi ama Berlin\u2019in, etkisi bug\u00fcn bile s\u00fcren imaj\u0131 asl\u0131nda o g\u00fcnlerin miras\u0131.   Ulrich Gutmair eskinin y\u0131k\u0131ld\u0131\u011f\u0131 ama yeninin de tam h\u00e2kim olamad\u0131\u011f\u0131 o ge\u00e7i\u015f g\u00fcnlerinde oradayd\u0131. 1990 \u2013 97 y\u0131llar\u0131 aras\u0131nda ya\u015fanan, modern toplumun kurallar\u0131n\u0131n, hatta devlet otoritesinin ask\u0131ya al\u0131nd\u0131\u011f\u0131 o tuhaf zamanlar\u0131 s\u00f6z\u00fc bizzat d\u00f6nemin akt\u00f6rlerine b\u0131rakarak aktar\u0131yor. <\/p>\n","protected":false},"excerpt":{"rendered":"<p>Berlin Duvar\u0131\u2019n\u0131n y\u0131k\u0131lmas\u0131n\u0131n ard\u0131ndan Berlin bir an i\u00e7in gezegenin, \u015fimdiki zaman\u0131n, (i\u00e7inde var olunan an\u0131n) ba\u015fkenti haline gelmi\u015fti. Her telden sanat\u00e7\u0131, ev i\u015fgalcileri, bir gecede a\u00e7\u0131l\u0131p<span class=\"excerpt-hellip\"> [\u2026]<\/span><\/p>\n","protected":false},"featured_media":0,"template":"","meta":{"_monsterinsights_skip_tracking":false,"_monsterinsights_sitenote_active":false,"_monsterinsights_sitenote_note":"","_monsterinsights_sitenote_category":0},"product_brand":[],"product_cat":[12312,12304],"product_tag":[],"class_list":{"0":"post-741348","1":"product","2":"type-product","3":"status-publish","5":"product_cat-diger","6":"product_cat-tarih","7":"pa_cilt-ciltsiz","8":"pa_tur-kitap","9":"pa_yayinevi-kolektif-kitap","10":"pa_yazar-ulrich-gutmair","12":"first","13":"instock","14":"sale","15":"shipping-taxable","16":"purchasable","17":"product-type-simple"},"_links":{"self":[{"href":"https:\/\/roveyayinevi.com.tr\/index.php\/wp-json\/wp\/v2\/product\/741348","targetHints":{"allow":["GET"]}}],"collection":[{"href":"https:\/\/roveyayinevi.com.tr\/index.php\/wp-json\/wp\/v2\/product"}],"about":[{"href":"https:\/\/roveyayinevi.com.tr\/index.php\/wp-json\/wp\/v2\/types\/product"}],"wp:attachment":[{"href":"https:\/\/roveyayinevi.com.tr\/index.php\/wp-json\/wp\/v2\/media?parent=741348"}],"wp:term":[{"taxonomy":"product_brand","embeddable":true,"href":"https:\/\/roveyayinevi.com.tr\/index.php\/wp-json\/wp\/v2\/product_brand?post=741348"},{"taxonomy":"product_cat","embeddable":true,"href":"https:\/\/roveyayinevi.com.tr\/index.php\/wp-json\/wp\/v2\/product_cat?post=741348"},{"taxonomy":"product_tag","embeddable":true,"href":"https:\/\/roveyayinevi.com.tr\/index.php\/wp-json\/wp\/v2\/product_tag?post=741348"}],"curies":[{"name":"wp","href":"https:\/\/api.w.org\/{rel}","templated":true}]}}