{"id":741344,"date":"2025-08-28T00:47:42","date_gmt":"2025-08-27T21:47:42","guid":{"rendered":"https:\/\/roveyayinevi.com.tr\/index.php\/urun\/denemeler-8\/"},"modified":"2026-04-16T02:52:37","modified_gmt":"2026-04-15T23:52:37","slug":"denemeler-8","status":"publish","type":"product","link":"https:\/\/roveyayinevi.com.tr\/index.php\/urun\/denemeler-8\/","title":{"rendered":"Denemeler"},"content":{"rendered":"<p>\u0130nsan olarak birey oldu\u011fumuz kadar toplumun da bir ferdiyiz yani ba\u015fka insanlarla bir arada ya\u015fayabilmeyi becermek zorunday\u0131z.  Bu kitapta bu amaca y\u00f6nelik muazzam bir bilgi hazinesi, muazzam bir kar\u015f\u0131la\u015ft\u0131rmal\u0131 tarih ve en \u00f6nemlisi \u00e7ok \u00f6zg\u00fcn bir etik ele\u015ftirisi sizleri bekliyor; d\u00fcnyay\u0131 de\u011fi\u015ftirme iddias\u0131 olan bir ele\u015ftiri!   Kitapl\u0131\u011f\u0131n\u0131z\u0131n raf\u0131nda olsa da size yak\u0131n olmak benim ayr\u0131cal\u0131\u011f\u0131m olacakt\u0131r. <\/p>\n","protected":false},"excerpt":{"rendered":"<p>\u0130nsan olarak birey oldu\u011fumuz kadar toplumun da bir ferdiyiz yani ba\u015fka insanlarla bir arada ya\u015fayabilmeyi becermek zorunday\u0131z. Bu kitapta bu amaca y\u00f6nelik muazzam bir bilgi hazinesi,<span class=\"excerpt-hellip\"> [\u2026]<\/span><\/p>\n","protected":false},"featured_media":0,"template":"","meta":{"_monsterinsights_skip_tracking":false,"_monsterinsights_sitenote_active":false,"_monsterinsights_sitenote_note":"","_monsterinsights_sitenote_category":0},"product_brand":[],"product_cat":[12777,12291],"product_tag":[],"class_list":{"0":"post-741344","1":"product","2":"type-product","3":"status-publish","5":"product_cat-deneme","6":"product_cat-edebiyat","7":"pa_cilt-ciltsiz","8":"pa_tur-kitap","9":"pa_yayinevi-elpis-yayinlari","10":"pa_yazar-yusuf-samim-lutfu","12":"first","13":"instock","14":"sale","15":"shipping-taxable","16":"purchasable","17":"product-type-simple"},"_links":{"self":[{"href":"https:\/\/roveyayinevi.com.tr\/index.php\/wp-json\/wp\/v2\/product\/741344","targetHints":{"allow":["GET"]}}],"collection":[{"href":"https:\/\/roveyayinevi.com.tr\/index.php\/wp-json\/wp\/v2\/product"}],"about":[{"href":"https:\/\/roveyayinevi.com.tr\/index.php\/wp-json\/wp\/v2\/types\/product"}],"wp:attachment":[{"href":"https:\/\/roveyayinevi.com.tr\/index.php\/wp-json\/wp\/v2\/media?parent=741344"}],"wp:term":[{"taxonomy":"product_brand","embeddable":true,"href":"https:\/\/roveyayinevi.com.tr\/index.php\/wp-json\/wp\/v2\/product_brand?post=741344"},{"taxonomy":"product_cat","embeddable":true,"href":"https:\/\/roveyayinevi.com.tr\/index.php\/wp-json\/wp\/v2\/product_cat?post=741344"},{"taxonomy":"product_tag","embeddable":true,"href":"https:\/\/roveyayinevi.com.tr\/index.php\/wp-json\/wp\/v2\/product_tag?post=741344"}],"curies":[{"name":"wp","href":"https:\/\/api.w.org\/{rel}","templated":true}]}}