{"id":741334,"date":"2025-08-28T00:47:29","date_gmt":"2025-08-27T21:47:29","guid":{"rendered":"https:\/\/roveyayinevi.com.tr\/index.php\/urun\/hayallerimi-boyuyorum\/"},"modified":"2026-04-16T02:52:36","modified_gmt":"2026-04-15T23:52:36","slug":"hayallerimi-boyuyorum","status":"publish","type":"product","link":"https:\/\/roveyayinevi.com.tr\/index.php\/urun\/hayallerimi-boyuyorum\/","title":{"rendered":"Hayallerimi Boyuyorum"},"content":{"rendered":"<p>Birbirinden g\u00fczel mandala motifleri ile e\u011flenceli bir boyama yapmay\u0131 kim istemez ki? Deniz B\u00fcy\u00fckbalya&#8217;n\u0131n \u00e7izgileriye hayallerinizi boyamaya ne dersiniz? <\/p>\n","protected":false},"excerpt":{"rendered":"<p>Birbirinden g\u00fczel mandala motifleri ile e\u011flenceli bir boyama yapmay\u0131 kim istemez ki? Deniz B\u00fcy\u00fckbalya&#8217;n\u0131n \u00e7izgileriye hayallerinizi boyamaya ne dersiniz?<\/p>\n","protected":false},"featured_media":0,"template":"","meta":{"_monsterinsights_skip_tracking":false,"_monsterinsights_sitenote_active":false,"_monsterinsights_sitenote_note":"","_monsterinsights_sitenote_category":0},"product_brand":[],"product_cat":[12644,12274],"product_tag":[],"class_list":{"0":"post-741334","1":"product","2":"type-product","3":"status-publish","5":"product_cat-boyama-kitaplari","6":"product_cat-cocuk-ve-genclik-kitaplari","7":"pa_cilt-ciltsiz","8":"pa_tur-kitap","9":"pa_yayinevi-luna-yayinlari","10":"pa_yazar-deniz-buyukbalya","12":"first","13":"instock","14":"sale","15":"shipping-taxable","16":"purchasable","17":"product-type-simple"},"_links":{"self":[{"href":"https:\/\/roveyayinevi.com.tr\/index.php\/wp-json\/wp\/v2\/product\/741334","targetHints":{"allow":["GET"]}}],"collection":[{"href":"https:\/\/roveyayinevi.com.tr\/index.php\/wp-json\/wp\/v2\/product"}],"about":[{"href":"https:\/\/roveyayinevi.com.tr\/index.php\/wp-json\/wp\/v2\/types\/product"}],"wp:attachment":[{"href":"https:\/\/roveyayinevi.com.tr\/index.php\/wp-json\/wp\/v2\/media?parent=741334"}],"wp:term":[{"taxonomy":"product_brand","embeddable":true,"href":"https:\/\/roveyayinevi.com.tr\/index.php\/wp-json\/wp\/v2\/product_brand?post=741334"},{"taxonomy":"product_cat","embeddable":true,"href":"https:\/\/roveyayinevi.com.tr\/index.php\/wp-json\/wp\/v2\/product_cat?post=741334"},{"taxonomy":"product_tag","embeddable":true,"href":"https:\/\/roveyayinevi.com.tr\/index.php\/wp-json\/wp\/v2\/product_tag?post=741334"}],"curies":[{"name":"wp","href":"https:\/\/api.w.org\/{rel}","templated":true}]}}