{"id":741330,"date":"2025-08-28T00:47:22","date_gmt":"2025-08-27T21:47:22","guid":{"rendered":"https:\/\/roveyayinevi.com.tr\/index.php\/urun\/emilynin-arayisi-iii\/"},"modified":"2026-04-16T02:52:36","modified_gmt":"2026-04-15T23:52:36","slug":"emilynin-arayisi-iii","status":"publish","type":"product","link":"https:\/\/roveyayinevi.com.tr\/index.php\/urun\/emilynin-arayisi-iii\/","title":{"rendered":"Emily\u2019nin Aray\u0131\u015f\u0131 (III)"},"content":{"rendered":"<p>Arka Kapak: \u201cK\u00fc\u00e7\u00fcc\u00fck \u015feylerin insanlar\u0131n birbirlerini yanl\u0131\u015f anlamalar\u0131na yol a\u00e7mas\u0131 korkun\u00e7 bir \u015fey.\u201d   Emily liseyi bitirir bitirmez Yeni Ay\u2019a, teyzelerinin yan\u0131na d\u00f6ner. Derin ba\u011flar kurdu\u011fu \u00e7ocukluk a\u015fk\u0131 Teddy\u2019nin tutkusunu ger\u00e7ekle\u015ftirmek \u00fczere uzaklara gidi\u015fiyle i\u00e7inde dolup ta\u015fan sevgiye ba\u015fka bir y\u00fcrekte kar\u015f\u0131l\u0131k bulmaya \u00e7al\u0131\u015f\u0131r. Evde ya\u015fad\u0131\u011f\u0131 talihsiz kaza ve b\u00fcy\u00fck emek verdi\u011fi yaz\u0131lar\u0131na yay\u0131nevlerinin bekledi\u011fi kadar h\u0131zl\u0131 d\u00f6n\u00fc\u015f yapmamas\u0131 onu \u00e7\u00f6k\u00fc\u015fe s\u00fcr\u00fckler.   Serinin bu son kitab\u0131nda, engeller kar\u015f\u0131s\u0131nda asla pes etmeyen Emily\u2019yi kaderine y\u00f6n verecek kararlar al\u0131rken buluruz. Kendi mutluluk yolunu bulabilecek midir? <\/p>\n","protected":false},"excerpt":{"rendered":"<p>Arka Kapak: \u201cK\u00fc\u00e7\u00fcc\u00fck \u015feylerin insanlar\u0131n birbirlerini yanl\u0131\u015f anlamalar\u0131na yol a\u00e7mas\u0131 korkun\u00e7 bir \u015fey.\u201d Emily liseyi bitirir bitirmez Yeni Ay\u2019a, teyzelerinin yan\u0131na d\u00f6ner. Derin ba\u011flar kurdu\u011fu \u00e7ocukluk<span class=\"excerpt-hellip\"> [\u2026]<\/span><\/p>\n","protected":false},"featured_media":0,"template":"","meta":{"_monsterinsights_skip_tracking":false,"_monsterinsights_sitenote_active":false,"_monsterinsights_sitenote_note":"","_monsterinsights_sitenote_category":0},"product_brand":[],"product_cat":[12291,12711],"product_tag":[],"class_list":{"0":"post-741330","1":"product","2":"type-product","3":"status-publish","5":"product_cat-edebiyat","6":"product_cat-roman-oyku","7":"pa_cilt-ciltli","8":"pa_tur-kitap","9":"pa_yayinevi-koridor-yayincilik","10":"pa_yazar-lucy-maud-montgomery","12":"first","13":"instock","14":"sale","15":"shipping-taxable","16":"purchasable","17":"product-type-simple"},"_links":{"self":[{"href":"https:\/\/roveyayinevi.com.tr\/index.php\/wp-json\/wp\/v2\/product\/741330","targetHints":{"allow":["GET"]}}],"collection":[{"href":"https:\/\/roveyayinevi.com.tr\/index.php\/wp-json\/wp\/v2\/product"}],"about":[{"href":"https:\/\/roveyayinevi.com.tr\/index.php\/wp-json\/wp\/v2\/types\/product"}],"wp:attachment":[{"href":"https:\/\/roveyayinevi.com.tr\/index.php\/wp-json\/wp\/v2\/media?parent=741330"}],"wp:term":[{"taxonomy":"product_brand","embeddable":true,"href":"https:\/\/roveyayinevi.com.tr\/index.php\/wp-json\/wp\/v2\/product_brand?post=741330"},{"taxonomy":"product_cat","embeddable":true,"href":"https:\/\/roveyayinevi.com.tr\/index.php\/wp-json\/wp\/v2\/product_cat?post=741330"},{"taxonomy":"product_tag","embeddable":true,"href":"https:\/\/roveyayinevi.com.tr\/index.php\/wp-json\/wp\/v2\/product_tag?post=741330"}],"curies":[{"name":"wp","href":"https:\/\/api.w.org\/{rel}","templated":true}]}}