{"id":741329,"date":"2025-08-28T00:47:21","date_gmt":"2025-08-27T21:47:21","guid":{"rendered":"https:\/\/roveyayinevi.com.tr\/index.php\/urun\/la-leyl\/"},"modified":"2026-04-16T02:52:36","modified_gmt":"2026-04-15T23:52:36","slug":"la-leyl","status":"publish","type":"product","link":"https:\/\/roveyayinevi.com.tr\/index.php\/urun\/la-leyl\/","title":{"rendered":"La Leyl"},"content":{"rendered":"<p>LA &amp; LEYL   La diyordum illaki her daim Yersiz inkard\u0131 bu a\u015fk\u0131 sevday\u0131 Yoktu a\u015fk d\u00fcnyada, olmazd\u0131 hakim Rabbim bilirdi kalbimdeki davay\u0131   Bir g\u00fcn \u201c la\u201d ile sadece ge\u00e7iyordum Asl\u0131nda bir kalbe bak\u0131p \u00e7\u0131kacakt\u0131m Bilir miydim ki kadere y\u00fcr\u00fcyordum Sanmazd\u0131m ki saplan\u0131p kalacakt\u0131m   Bilirdim \u201cla\u201d dan sonra gelirdi \u201cLeyl\u201d fasl\u0131 Ve geceye and olsun ki a\u015fk\u0131 tasdik de gelirdi \u0130\u015fte b\u00f6ylece uykuya veda Leyl e ge\u00e7i\u015fti i\u015fin asl\u0131 Ve bilirdim ki bu a\u015fk derin bir ac\u0131 da verirdi   Leyla Tunca <\/p>\n","protected":false},"excerpt":{"rendered":"<p>LA &amp; LEYL La diyordum illaki her daim Yersiz inkard\u0131 bu a\u015fk\u0131 sevday\u0131 Yoktu a\u015fk d\u00fcnyada, olmazd\u0131 hakim Rabbim bilirdi kalbimdeki davay\u0131 Bir g\u00fcn \u201c la\u201d<span class=\"excerpt-hellip\"> [\u2026]<\/span><\/p>\n","protected":false},"featured_media":0,"template":"","meta":{"_monsterinsights_skip_tracking":false,"_monsterinsights_sitenote_active":false,"_monsterinsights_sitenote_note":"","_monsterinsights_sitenote_category":0},"product_brand":[],"product_cat":[12291,12509],"product_tag":[],"class_list":{"0":"post-741329","1":"product","2":"type-product","3":"status-publish","5":"product_cat-edebiyat","6":"product_cat-siir","7":"pa_cilt-ciltsiz","8":"pa_tur-kitap","9":"pa_yayinevi-gulnar-yayinlari","10":"pa_yazar-leyla-tunca","12":"first","13":"instock","14":"sale","15":"shipping-taxable","16":"purchasable","17":"product-type-simple"},"_links":{"self":[{"href":"https:\/\/roveyayinevi.com.tr\/index.php\/wp-json\/wp\/v2\/product\/741329","targetHints":{"allow":["GET"]}}],"collection":[{"href":"https:\/\/roveyayinevi.com.tr\/index.php\/wp-json\/wp\/v2\/product"}],"about":[{"href":"https:\/\/roveyayinevi.com.tr\/index.php\/wp-json\/wp\/v2\/types\/product"}],"wp:attachment":[{"href":"https:\/\/roveyayinevi.com.tr\/index.php\/wp-json\/wp\/v2\/media?parent=741329"}],"wp:term":[{"taxonomy":"product_brand","embeddable":true,"href":"https:\/\/roveyayinevi.com.tr\/index.php\/wp-json\/wp\/v2\/product_brand?post=741329"},{"taxonomy":"product_cat","embeddable":true,"href":"https:\/\/roveyayinevi.com.tr\/index.php\/wp-json\/wp\/v2\/product_cat?post=741329"},{"taxonomy":"product_tag","embeddable":true,"href":"https:\/\/roveyayinevi.com.tr\/index.php\/wp-json\/wp\/v2\/product_tag?post=741329"}],"curies":[{"name":"wp","href":"https:\/\/api.w.org\/{rel}","templated":true}]}}