{"id":741328,"date":"2025-08-28T00:47:19","date_gmt":"2025-08-27T21:47:19","guid":{"rendered":"https:\/\/roveyayinevi.com.tr\/index.php\/urun\/karabibik-10\/"},"modified":"2026-04-16T02:52:36","modified_gmt":"2026-04-15T23:52:36","slug":"karabibik-10","status":"publish","type":"product","link":"https:\/\/roveyayinevi.com.tr\/index.php\/urun\/karabibik-10\/","title":{"rendered":"Karabibik"},"content":{"rendered":"<p>Antalya\u2019n\u0131n Ka\u015f il\u00e7esine ba\u011fl\u0131 Beymelek k\u00f6yu\u0308nde ya\u015fayan yoksul fakat h\u0131rsl\u0131 ve \u00e7al\u0131\u015fkan Karabibik\u2019e babas\u0131ndan ta\u015fl\u0131 ve verimsiz bir tarla miras kal\u0131r. Buray\u0131 ekip bi\u00e7mek i\u00e7in k\u00f6ydeki \u00f6ku\u0308zlerin hangisini nas\u0131l sat\u0131n alabilece\u011fini du\u0308\u015fu\u0308nu\u0308rken bir yandan da k\u0131z\u0131 Huri\u2019nin yapaca\u011f\u0131 evlili\u011fin bu al\u0131\u015fveri\u015fi kolayla\u015ft\u0131rabilece\u011fini ince ince hesaplar. Nabizade Naz\u0131m, arazi haritas\u0131 haz\u0131rlamak u\u0308zere g\u00f6revli olarak alt\u0131 ay ya\u015fad\u0131\u011f\u0131 Ka\u015f y\u00f6resinde g\u00f6zlemde bulunmu\u015f ve realist roman iddias\u0131 ile Tu\u0308rk\u00e7ede ilk k\u00f6y roman\u0131 olarak bilinen Karabibik\u2019i kaleme alm\u0131\u015ft\u0131r. Romanda dillerinden al\u0131\u015fkanl\u0131klar\u0131na, sevin\u00e7lerinden dertlerine kadar Beymelek\u2019te ya\u015fayan halk\u0131 ve k\u00f6yu\u0308n civar co\u011frafyas\u0131n\u0131 \u00e7ok ger\u00e7ek\u00e7i bir u\u0308slupla yans\u0131tm\u0131\u015ft\u0131r. Nabizade Naz\u0131m\u2019\u0131n bu roman\u0131, yaz\u0131ld\u0131\u011f\u0131 d\u00f6nemin diline ve ruhuna olabildi\u011fince uygun fakat gu\u0308nu\u0308mu\u0308z okuru i\u00e7in de anla\u015f\u0131labilir olmas\u0131 ama\u00e7lanarak Bo\u011fazi\u00e7i \u00dcniversitesi Tu\u0308rk Dili ve Edebiyat\u0131 B\u00f6lu\u0308mu\u0308\u2019nden Nur Gu\u0308rani Arslan taraf\u0131ndan yay\u0131na haz\u0131rlanm\u0131\u015ft\u0131r.                                                                                                                                                                           (Arka Kapaktan) <\/p>\n","protected":false},"excerpt":{"rendered":"<p>Antalya\u2019n\u0131n Ka\u015f il\u00e7esine ba\u011fl\u0131 Beymelek k\u00f6yu\u0308nde ya\u015fayan yoksul fakat h\u0131rsl\u0131 ve \u00e7al\u0131\u015fkan Karabibik\u2019e babas\u0131ndan ta\u015fl\u0131 ve verimsiz bir tarla miras kal\u0131r. Buray\u0131 ekip bi\u00e7mek i\u00e7in k\u00f6ydeki<span class=\"excerpt-hellip\"> [\u2026]<\/span><\/p>\n","protected":false},"featured_media":0,"template":"","meta":{"_monsterinsights_skip_tracking":false,"_monsterinsights_sitenote_active":false,"_monsterinsights_sitenote_note":"","_monsterinsights_sitenote_category":0},"product_brand":[],"product_cat":[12291,12711],"product_tag":[],"class_list":{"0":"post-741328","1":"product","2":"type-product","3":"status-publish","5":"product_cat-edebiyat","6":"product_cat-roman-oyku","7":"pa_cilt-ciltli","8":"pa_tur-kitap","9":"pa_yayinevi-koridor-yayincilik","10":"pa_yazar-nabizade-nazim","12":"first","13":"instock","14":"sale","15":"shipping-taxable","16":"purchasable","17":"product-type-simple"},"_links":{"self":[{"href":"https:\/\/roveyayinevi.com.tr\/index.php\/wp-json\/wp\/v2\/product\/741328","targetHints":{"allow":["GET"]}}],"collection":[{"href":"https:\/\/roveyayinevi.com.tr\/index.php\/wp-json\/wp\/v2\/product"}],"about":[{"href":"https:\/\/roveyayinevi.com.tr\/index.php\/wp-json\/wp\/v2\/types\/product"}],"wp:attachment":[{"href":"https:\/\/roveyayinevi.com.tr\/index.php\/wp-json\/wp\/v2\/media?parent=741328"}],"wp:term":[{"taxonomy":"product_brand","embeddable":true,"href":"https:\/\/roveyayinevi.com.tr\/index.php\/wp-json\/wp\/v2\/product_brand?post=741328"},{"taxonomy":"product_cat","embeddable":true,"href":"https:\/\/roveyayinevi.com.tr\/index.php\/wp-json\/wp\/v2\/product_cat?post=741328"},{"taxonomy":"product_tag","embeddable":true,"href":"https:\/\/roveyayinevi.com.tr\/index.php\/wp-json\/wp\/v2\/product_tag?post=741328"}],"curies":[{"name":"wp","href":"https:\/\/api.w.org\/{rel}","templated":true}]}}