{"id":741327,"date":"2025-08-28T00:47:18","date_gmt":"2025-08-27T21:47:18","guid":{"rendered":"https:\/\/roveyayinevi.com.tr\/index.php\/urun\/emily-yeni-ay-ciftliginde-i-bez-ciltli\/"},"modified":"2026-04-16T02:52:36","modified_gmt":"2026-04-15T23:52:36","slug":"emily-yeni-ay-ciftliginde-i-bez-ciltli","status":"publish","type":"product","link":"https:\/\/roveyayinevi.com.tr\/index.php\/urun\/emily-yeni-ay-ciftliginde-i-bez-ciltli\/","title":{"rendered":"Emily Yeni Ay \u00c7iftli\u011fi\u2019nde (I) (Bez Ciltli)"},"content":{"rendered":"<p>\u201cSevmek kolayd\u0131r, herkes birini sevebilir ama anlamak\u2026 i\u015fte onu herkes yapamaz.\u201d   Emily Starr on ya\u015f\u0131nda yetim kal\u0131nca akrabalar\u0131n\u0131n yan\u0131na Yeni Ay \u00c7iftli\u011fi\u2019ne g\u00f6nderilir. \u0130lk zamanlarda kat\u0131 y\u00fcrekli Elizabeth teyzenin kurallar\u0131 alt\u0131nda ya\u015famak ve farkl\u0131 bir \u00e7evreye al\u0131\u015fmak zor gelse de orada onu h\u00fczn\u00fcn ve ne\u015fenin birbirine kar\u0131\u015ft\u0131\u011f\u0131 s\u00fcrprizlerle dolu bir hayat beklemektedir.   \u00dc\u00e7 ciltlik serinin bu ilk kitab\u0131nda saf y\u00fcre\u011fi ve k\u0131vrak zek\u00e2s\u0131yla her t\u00fcrl\u00fc zorlu\u011fa g\u00f6\u011f\u00fcs geren ve hayal g\u00fcc\u00fcn\u00fcn doruklar\u0131nda gezinen Emily\u2019nin de\u011fi\u015fen ya\u015fam\u0131nda yeni umutlarla yeni sayfalar\u0131n a\u00e7\u0131l\u0131\u015f\u0131na tan\u0131k oluruz. \u0130yi kalpli Laura teyze, evin yard\u0131mc\u0131s\u0131 Perry, h\u0131r\u00e7\u0131n ama sevecen arkada\u015f\u0131 Ilse, muhte\u015fem \u00e7izimler yapan merhametli Teddy ve en \u00f6nemlisi asla vazge\u00e7medi\u011fi yazma tutkusu ona bu yolda e\u015flik edecektir.   Kullan\u0131lacak Reklam Mecralar\u0131: Bu kitab\u0131n hedef kitleye tan\u0131t\u0131m\u0131n\u0131 yay\u0131nevimize ait sosyal medya hesaplar\u0131 \u00fczerinden yapmay\u0131 planl\u0131yoruz.     <\/p>\n","protected":false},"excerpt":{"rendered":"<p>\u201cSevmek kolayd\u0131r, herkes birini sevebilir ama anlamak\u2026 i\u015fte onu herkes yapamaz.\u201d Emily Starr on ya\u015f\u0131nda yetim kal\u0131nca akrabalar\u0131n\u0131n yan\u0131na Yeni Ay \u00c7iftli\u011fi\u2019ne g\u00f6nderilir. \u0130lk zamanlarda kat\u0131<span class=\"excerpt-hellip\"> [\u2026]<\/span><\/p>\n","protected":false},"featured_media":0,"template":"","meta":{"_monsterinsights_skip_tracking":false,"_monsterinsights_sitenote_active":false,"_monsterinsights_sitenote_note":"","_monsterinsights_sitenote_category":0},"product_brand":[],"product_cat":[12291,12711],"product_tag":[],"class_list":{"0":"post-741327","1":"product","2":"type-product","3":"status-publish","5":"product_cat-edebiyat","6":"product_cat-roman-oyku","7":"pa_cilt-ciltli","8":"pa_tur-kitap","9":"pa_yayinevi-koridor-yayincilik","10":"pa_yazar-lucy-maud-montgomery","12":"first","13":"instock","14":"sale","15":"shipping-taxable","16":"purchasable","17":"product-type-simple"},"_links":{"self":[{"href":"https:\/\/roveyayinevi.com.tr\/index.php\/wp-json\/wp\/v2\/product\/741327","targetHints":{"allow":["GET"]}}],"collection":[{"href":"https:\/\/roveyayinevi.com.tr\/index.php\/wp-json\/wp\/v2\/product"}],"about":[{"href":"https:\/\/roveyayinevi.com.tr\/index.php\/wp-json\/wp\/v2\/types\/product"}],"wp:attachment":[{"href":"https:\/\/roveyayinevi.com.tr\/index.php\/wp-json\/wp\/v2\/media?parent=741327"}],"wp:term":[{"taxonomy":"product_brand","embeddable":true,"href":"https:\/\/roveyayinevi.com.tr\/index.php\/wp-json\/wp\/v2\/product_brand?post=741327"},{"taxonomy":"product_cat","embeddable":true,"href":"https:\/\/roveyayinevi.com.tr\/index.php\/wp-json\/wp\/v2\/product_cat?post=741327"},{"taxonomy":"product_tag","embeddable":true,"href":"https:\/\/roveyayinevi.com.tr\/index.php\/wp-json\/wp\/v2\/product_tag?post=741327"}],"curies":[{"name":"wp","href":"https:\/\/api.w.org\/{rel}","templated":true}]}}