{"id":741324,"date":"2025-08-28T00:47:13","date_gmt":"2025-08-27T21:47:13","guid":{"rendered":"https:\/\/roveyayinevi.com.tr\/index.php\/urun\/tarihte-iz-birakanlar-kurucu-lider-osman-bey\/"},"modified":"2026-04-16T02:52:36","modified_gmt":"2026-04-15T23:52:36","slug":"tarihte-iz-birakanlar-kurucu-lider-osman-bey","status":"publish","type":"product","link":"https:\/\/roveyayinevi.com.tr\/index.php\/urun\/tarihte-iz-birakanlar-kurucu-lider-osman-bey\/","title":{"rendered":"Tarihte \u0130z Birakanlar &#8211;  Kurucu Lider-Osman Bey"},"content":{"rendered":"<p>TAR\u0130HTE \u0130Z BIRAKANLAR KURUCU L\u0130DER- Osman Bey   Onlar sadece T\u00fcrklerin de\u011fil, d\u00fcnyan\u0131n gelece\u011fine y\u00f6n vermi\u015f liderlerdi. Ba\u015far\u0131lar\u0131yla tarihe isimlerini alt\u0131n harflerle yazd\u0131rd\u0131lar. \u0130\u015fte t\u00fcm y\u00f6nleriyle tarihimizde iz b\u0131rakanlar.   \u00d6nceleri k\u00fc\u00e7\u00fck bir a\u015firet olan Kay\u0131 boyunu h\u0131zla b\u00fcy\u00fcten Osman Bey, \u00e7evresindeki kaleleri de teker teker b\u00fcnyesine katarak g\u00fc\u00e7l\u00fc bir devlet olu\u015fturdu. Anadolu&#8217;da devam eden iktidar kavgalar\u0131na ve \u0130lhanl\u0131 Devleti&#8217;nin bask\u0131lar\u0131na ra\u011fmen Osman Bey, &#8220;Osmanl\u0131&#8221; ad\u0131yla an\u0131lacak ve y\u00fczy\u0131llar boyunca devam edecek bir imparatorluk kurmay\u0131 ba\u015fard\u0131.    (Arka kapak yaz\u0131s\u0131) Yazar Hakk\u0131nda: TUNA DURAN 1980 y\u0131l\u0131nda \u0130stanbul\u2019da do\u011fan Tuna Duran, ilk ve orta \u00f6\u011frenimini Bak\u0131rk\u00f6y\u2019de tamamlad\u0131. \u00dcniversiteden sonra \u00e7e\u015fitli yay\u0131nevlerinde edit\u00f6r ve y\u00f6netici olarak \u00e7al\u0131\u015ft\u0131. Lise y\u0131llar\u0131ndan bu yana hik\u00e2yeler yazan Tuna Duran\u2019\u0131n kitaplar\u0131, 2006 y\u0131l\u0131ndan itibaren yay\u0131nlanmaya ba\u015flad\u0131. Tuna Duran, \u00e7ocuklar i\u00e7in hik\u00e2ye, bilim, tarih, e\u011fitim kitaplar\u0131 yaz\u0131yor. <\/p>\n","protected":false},"excerpt":{"rendered":"<p>TAR\u0130HTE \u0130Z BIRAKANLAR KURUCU L\u0130DER- Osman Bey Onlar sadece T\u00fcrklerin de\u011fil, d\u00fcnyan\u0131n gelece\u011fine y\u00f6n vermi\u015f liderlerdi. Ba\u015far\u0131lar\u0131yla tarihe isimlerini alt\u0131n harflerle yazd\u0131rd\u0131lar. \u0130\u015fte t\u00fcm y\u00f6nleriyle tarihimizde<span class=\"excerpt-hellip\"> [\u2026]<\/span><\/p>\n","protected":false},"featured_media":0,"template":"","meta":{"_monsterinsights_skip_tracking":false,"_monsterinsights_sitenote_active":false,"_monsterinsights_sitenote_note":"","_monsterinsights_sitenote_category":0},"product_brand":[],"product_cat":[12274,15842],"product_tag":[],"class_list":{"0":"post-741324","1":"product","2":"type-product","3":"status-publish","5":"product_cat-cocuk-ve-genclik-kitaplari","6":"product_cat-egitici-kitaplar","7":"pa_cilt-ciltsiz","8":"pa_tur-kitap","9":"pa_yayinevi-beyaz-balina-yayinlari","10":"pa_yazar-tuna-duran","12":"first","13":"instock","14":"sale","15":"shipping-taxable","16":"purchasable","17":"product-type-simple"},"_links":{"self":[{"href":"https:\/\/roveyayinevi.com.tr\/index.php\/wp-json\/wp\/v2\/product\/741324","targetHints":{"allow":["GET"]}}],"collection":[{"href":"https:\/\/roveyayinevi.com.tr\/index.php\/wp-json\/wp\/v2\/product"}],"about":[{"href":"https:\/\/roveyayinevi.com.tr\/index.php\/wp-json\/wp\/v2\/types\/product"}],"wp:attachment":[{"href":"https:\/\/roveyayinevi.com.tr\/index.php\/wp-json\/wp\/v2\/media?parent=741324"}],"wp:term":[{"taxonomy":"product_brand","embeddable":true,"href":"https:\/\/roveyayinevi.com.tr\/index.php\/wp-json\/wp\/v2\/product_brand?post=741324"},{"taxonomy":"product_cat","embeddable":true,"href":"https:\/\/roveyayinevi.com.tr\/index.php\/wp-json\/wp\/v2\/product_cat?post=741324"},{"taxonomy":"product_tag","embeddable":true,"href":"https:\/\/roveyayinevi.com.tr\/index.php\/wp-json\/wp\/v2\/product_tag?post=741324"}],"curies":[{"name":"wp","href":"https:\/\/api.w.org\/{rel}","templated":true}]}}