{"id":741321,"date":"2025-08-28T00:47:09","date_gmt":"2025-08-27T21:47:09","guid":{"rendered":"https:\/\/roveyayinevi.com.tr\/index.php\/urun\/yeni-baslayanlar-icin-adim-adim-piyano-metodu\/"},"modified":"2026-04-16T02:52:36","modified_gmt":"2026-04-15T23:52:36","slug":"yeni-baslayanlar-icin-adim-adim-piyano-metodu","status":"publish","type":"product","link":"https:\/\/roveyayinevi.com.tr\/index.php\/urun\/yeni-baslayanlar-icin-adim-adim-piyano-metodu\/","title":{"rendered":"Yeni Ba\u015flayanlar \u0130\u00e7in Ad\u0131m Ad\u0131m Piyano Metodu"},"content":{"rendered":"<p>HERKES  P\u0130YANO  \u00c7ALAB\u0130L\u0130R   \u00d6\u011frenme ilgi ile ba\u015flar, sevgi ile devam eder. K\u00fc\u00e7\u00fck ya\u015flardaki \u00f6\u011frenme, b\u00fcy\u00fcklerin yarataca\u011f\u0131 ortam ve y\u00f6nlendirmeyle h\u0131z kazan\u0131r. Ad\u0131m Ad\u0131m Piyano Metodu, b\u00fcnyesinde bar\u0131nd\u0131rd\u0131\u011f\u0131 kuramsal bilgiler ve ev \u00e7al\u0131\u015fmalar\u0131 dikkate al\u0131narak haz\u0131rlanan notalarla piyano \u00e7almay\u0131 zevkli bir s\u00fcre\u00e7 haline getiriyor. Bu kitapla \u00e7ocuklar\u0131n piyanoya ilgi duymalar\u0131, piyano \u00e7almaya yak\u0131n zamanda ba\u015flam\u0131\u015f olanlar\u0131nsa severek \u00e7alacaklar\u0131 par\u00e7a say\u0131s\u0131n\u0131n ve m\u00fczik sanat\u0131na olan sevgilerinin art\u0131r\u0131lmas\u0131 ama\u00e7lanm\u0131\u015ft\u0131r. Yak\u0131ndan uza\u011fa ve bilinenden bilinmeyene ilkeleri do\u011frultusunda haz\u0131rlanan Ad\u0131m Ad\u0131m Piyano Metodu, piyano \u00e7almay\u0131 \u00f6\u011frenmek isteyen herkesin fayda sa\u011flayaca\u011f\u0131 bir kaynak niteli\u011findedir.   SEZG\u0130N  D\u0130N\u00c7   1949 y\u0131l\u0131nda  Ayd\u0131n\u2019\u0131n Nazilli il\u00e7esinde d\u00fcnyaya geldi. \u0130lkokulu Nazilli\u2019nin \u00fc\u00e7 farkl\u0131 k\u00f6y\u00fcnde ve merkezde okudu. Ortaokulu Ortaklar \u0130lk\u00f6\u011fretmen Okulu\u2019nda, lise \u00f6\u011frenimini ise Ankara \u0130lk\u00f6\u011fretmen Okulu\u2019nun M\u00fczik Semineri\u2019nde, 1968 y\u0131l\u0131nda tamamlad\u0131. Daha sonra e\u011fitimine Gazi E\u011fitim Enstit\u00fcs\u00fc M\u00fczik B\u00f6l\u00fcm\u00fcnde devam etti ve 1971 y\u0131l\u0131nda mezun oldu. \u0130lk g\u00f6rev yeri olan Konya\u2019n\u0131n Ilg\u0131n il\u00e7esinde \u00fc\u00e7 y\u0131l \u00e7al\u0131\u015ft\u0131ktan sonra Nazilli\u2019ye atand\u0131. E\u011fitimin \u00e7e\u015fitli kademelerinde hizmet verdi ve 1996 y\u0131l\u0131nda emekli oldu. \u00d6zel okullarda m\u00fczik \u00f6\u011fretmeni olarak g\u00f6rev yapt\u0131 ve Adnan Menderes \u00dcniversitesi Nazilli Devlet Konservatuar\u0131nda yar\u0131 zamanl\u0131 m\u00fczik  \u00e7al\u0131\u015fmas\u0131 yapan \u00f6\u011frencilere solfej dersleri verdi. Halen Nazilli\u2019de ya\u015famakta ve m\u00fczik \u00e7al\u0131\u015fmalar\u0131na devam etmektedir. <\/p>\n","protected":false},"excerpt":{"rendered":"<p>HERKES P\u0130YANO \u00c7ALAB\u0130L\u0130R \u00d6\u011frenme ilgi ile ba\u015flar, sevgi ile devam eder. K\u00fc\u00e7\u00fck ya\u015flardaki \u00f6\u011frenme, b\u00fcy\u00fcklerin yarataca\u011f\u0131 ortam ve y\u00f6nlendirmeyle h\u0131z kazan\u0131r. Ad\u0131m Ad\u0131m Piyano Metodu, b\u00fcnyesinde<span class=\"excerpt-hellip\"> [\u2026]<\/span><\/p>\n","protected":false},"featured_media":0,"template":"","meta":{"_monsterinsights_skip_tracking":false,"_monsterinsights_sitenote_active":false,"_monsterinsights_sitenote_note":"","_monsterinsights_sitenote_category":0},"product_brand":[],"product_cat":[14591,14556],"product_tag":[],"class_list":{"0":"post-741321","1":"product","2":"type-product","3":"status-publish","5":"product_cat-genel-kavramlar-kuram-ve-tarihce","6":"product_cat-muzik","7":"pa_cilt-ciltsiz","8":"pa_tur-kitap","9":"pa_yayinevi-arkadas-yayinlari-muzik-kitaplari","10":"pa_yazar-sezgin-dinc","12":"first","13":"instock","14":"sale","15":"shipping-taxable","16":"purchasable","17":"product-type-simple"},"_links":{"self":[{"href":"https:\/\/roveyayinevi.com.tr\/index.php\/wp-json\/wp\/v2\/product\/741321","targetHints":{"allow":["GET"]}}],"collection":[{"href":"https:\/\/roveyayinevi.com.tr\/index.php\/wp-json\/wp\/v2\/product"}],"about":[{"href":"https:\/\/roveyayinevi.com.tr\/index.php\/wp-json\/wp\/v2\/types\/product"}],"wp:attachment":[{"href":"https:\/\/roveyayinevi.com.tr\/index.php\/wp-json\/wp\/v2\/media?parent=741321"}],"wp:term":[{"taxonomy":"product_brand","embeddable":true,"href":"https:\/\/roveyayinevi.com.tr\/index.php\/wp-json\/wp\/v2\/product_brand?post=741321"},{"taxonomy":"product_cat","embeddable":true,"href":"https:\/\/roveyayinevi.com.tr\/index.php\/wp-json\/wp\/v2\/product_cat?post=741321"},{"taxonomy":"product_tag","embeddable":true,"href":"https:\/\/roveyayinevi.com.tr\/index.php\/wp-json\/wp\/v2\/product_tag?post=741321"}],"curies":[{"name":"wp","href":"https:\/\/api.w.org\/{rel}","templated":true}]}}