{"id":741320,"date":"2025-08-28T00:47:07","date_gmt":"2025-08-27T21:47:07","guid":{"rendered":"https:\/\/roveyayinevi.com.tr\/index.php\/urun\/kadere-karsi-koy-a-s\/"},"modified":"2026-04-16T02:52:36","modified_gmt":"2026-04-15T23:52:36","slug":"kadere-karsi-koy-a-s","status":"publish","type":"product","link":"https:\/\/roveyayinevi.com.tr\/index.php\/urun\/kadere-karsi-koy-a-s\/","title":{"rendered":"Kadere Kar\u015f\u0131 Koy A. \u015e."},"content":{"rendered":"<p>Alev Alatl\u0131   1944 \u0130zmir do\u011fumlu Alev Alatl\u0131, liseyi Japonya\u2019da okudu. Ekonomi ve istatistik lisans\u0131n\u0131 ODT\u00dc\u2019den, ekonomi ve ekonometri y\u00fcksek lisans\u0131n\u0131 ise ABD Vanderbilt University\u2019den ald\u0131. Felsefe \u00f6\u011freniminin ard\u0131ndan yine ABD Dartmouth College\u2019da doktora \u00e7al\u0131\u015fmalar\u0131na ba\u015flad\u0131. Felsefe, d\u00fc\u015f\u00fcnce ve medeniyet tarihi ile ilahiyat \u00fczerinde yo\u011funla\u015fan yazar, 1974\u2019te T\u00fcrkiye\u2019ye d\u00f6nd\u00fckten sonra, \u0130stanbul \u00dcniversitesi \u0130ktisat Fak\u00fcltesi\u2019nde \u00f6\u011fretim g\u00f6revlisi ve Ankara Devlet Planlama Te\u015fkilat\u0131\u2019nda ekonomist olarak \u00e7al\u0131\u015ft\u0131. University of California (Berkeley) ile T\u00fcrk\u00e7e \u00fczerine psiko-dilbilim \u00e7al\u0131\u015fmalar\u0131 y\u00fcr\u00fctt\u00fc. T\u00fcrk Yazarlar Kooperatifi YAZKO\u2019da ba\u015fkan yard\u0131mc\u0131s\u0131 olarak g\u00f6rev ald\u0131.   1985 ve 86\u2019da Filistin meselesinin duyurulmas\u0131na katk\u0131da bulunmak amac\u0131yla Edward Said\u2019in Haberlerin A\u011f\u0131nda \u0130slam ve Filistin\u2019in Sorunu isimli kitaplar\u0131n\u0131 \u00e7evirdi. O y\u0131llarda Tunus\u2019ta s\u00fcrg\u00fcnde olan Yaser Arafat taraf\u0131ndan \u201c\u00d6zg\u00fcrl\u00fck Madalyas\u0131\u201d ile onurland\u0131r\u0131ld\u0131. 1987\u2019de \u0130\u015fkenceci, T\u00fcrk Yazarlar Birli\u011fi\u2019nin \u201cY\u0131l\u0131n En \u0130yi Roman\u0131 \u00d6d\u00fcl\u00fc\u201dne lay\u0131k g\u00f6r\u00fcld\u00fc. 2006\u2019da Gogol\u2019un \u0130zinde \u00fc\u00e7lemesi Rusya Federasyonu Yazarlar Birli\u011fi\u2019nin Mihail Aleksandrovi\u00e7 \u015eolohov 100. Y\u0131l Edebiyat \u00d6d\u00fcl\u00fc\u2019n\u00fc kazand\u0131. 2014\u2019te Cumhurba\u015fkanl\u0131\u011f\u0131 K\u00fclt\u00fcr ve Sanat B\u00fcy\u00fck \u00d6d\u00fcl\u00fc\u2019n\u00fcn sahibi oldu.    2005\u2019te, h\u00e2len M\u00fctevelli Heyeti Ba\u015fkan\u0131 olarak g\u00f6rev yapt\u0131\u011f\u0131 Kapadokya \u00dcniversitesi\u2019ni kurdu. 2019 y\u0131l\u0131nda Nasihatname serisinden America the Beautiful: Fes\u00fcphanallah ve All-American He-Man: Hafazanallah adlar\u0131yla iki kitap \u00e7\u0131kard\u0131. Alev Alatl\u0131, Isparta \u00dcniversitesi ve Zonguldak B\u00fclent Ecevit \u00dcniversitesi\u2019nden iki fahri doktora sahibidir.     ARKA KAPAK   \u201cBizim \u015firketin hik\u00e2yesi, \u00f6zde, o gu\u0308n o mant\u0131 masas\u0131 ba\u015f\u0131nda toplanm\u0131\u015f bizlerin Tu\u0308rkiye ger\u00e7e\u011fine du\u0308hul etme su\u0308reci i\u00e7inde parma\u011f\u0131m\u0131za bula\u015fan bu \u2013ve daha neler neler!\u2013 pislikleri nas\u0131l maniple etti\u011fimizin hik\u00e2yesidir. Biz, y\u0131llar y\u0131l\u0131 tiksintiyle izledi\u011fimiz mekanizmalar\u0131 bu i\u015fte kulland\u0131k. Rezillikleri, utan\u00e7 verici ihanetleri kendimize \u00f6rnek ald\u0131k, oradan yola \u00e7\u0131kt\u0131k. G\u00f6rece\u011finiz gibi fevkalade ba\u015far\u0131l\u0131 olduk. Ba\u015far\u0131m\u0131z\u0131n s\u0131rr\u0131, hayat\u0131m\u0131zda ilk kez akl\u0131m\u0131z\u0131 ba\u015f\u0131m\u0131za dev\u015firip egemen sistemi yarg\u0131lamaktansa, rezillikleri 3K\u2019n\u0131n (Kadere Kar\u015f\u0131 Koy\u2019un u\u0308 K\u2019s\u0131) \u00e7\u0131karlar\u0131 do\u011frultusunda kullanmaya karar vermemiz, u\u0308stelik bunu \u00e7ok iyi becermi\u015f olmam\u0131zdad\u0131r. Bu bak\u0131mdan, ka\u015farlanma su\u0308recimizi mu\u0308mku\u0308n oldu\u011funca aktarmal\u0131y\u0131m ki, sermayemizin bu\u0308yu\u0308klu\u0308\u011fu\u0308 hakk\u0131nda fikriniz olsun.\u201d   Alev Alatl\u0131 ku\u0308lliyat\u0131nda \u00e7ok \u00f6zel yeri olan bir roman. Sadece ger\u00e7ekle yu\u0308zle\u015fmeye cesareti olanlar\u0131n g\u00f6ze alabilece\u011fi bir oyun ayn\u0131 zamanda.   \u0130nsan\u0131n kendisini daha do\u011far do\u011fmaz \u00f6lesiye bir yar\u0131\u015f\u0131n, dur durak bilmeyen bir varolu\u015f mu\u0308cadelesinin i\u00e7inde buldu\u011fu \u015fu hayata ba\u015fka bir pencereden bakmam\u0131z\u0131, itiraz etmeden u\u0308stlendi\u011fimiz ve bu\u0308yu\u0308k bir ciddiyetle su\u0308rdu\u0308rdu\u0308\u011fu\u0308mu\u0308z rollerimizin birer karikatu\u0308rden ibaret oldu\u011funu g\u00f6rmemizi sa\u011fl\u0131yor.   E\u011flenceli oldu\u011fu kadar sars\u0131c\u0131 bir okuma deneyimine haz\u0131rsan\u0131z Kadere Kar\u015f\u0131 Koy A.\u015e. sizi bekliyor.   <\/p>\n","protected":false},"excerpt":{"rendered":"<p>Alev Alatl\u0131 1944 \u0130zmir do\u011fumlu Alev Alatl\u0131, liseyi Japonya\u2019da okudu. Ekonomi ve istatistik lisans\u0131n\u0131 ODT\u00dc\u2019den, ekonomi ve ekonometri y\u00fcksek lisans\u0131n\u0131 ise ABD Vanderbilt University\u2019den ald\u0131. Felsefe<span class=\"excerpt-hellip\"> [\u2026]<\/span><\/p>\n","protected":false},"featured_media":0,"template":"","meta":{"_monsterinsights_skip_tracking":false,"_monsterinsights_sitenote_active":false,"_monsterinsights_sitenote_note":"","_monsterinsights_sitenote_category":0},"product_brand":[],"product_cat":[12291,12711],"product_tag":[],"class_list":{"0":"post-741320","1":"product","2":"type-product","3":"status-publish","5":"product_cat-edebiyat","6":"product_cat-roman-oyku","7":"pa_cilt-ciltsiz","8":"pa_tur-kitap","9":"pa_yayinevi-turkuvaz-kitap","10":"pa_yazar-alev-alatli","12":"first","13":"instock","14":"sale","15":"shipping-taxable","16":"purchasable","17":"product-type-simple"},"_links":{"self":[{"href":"https:\/\/roveyayinevi.com.tr\/index.php\/wp-json\/wp\/v2\/product\/741320","targetHints":{"allow":["GET"]}}],"collection":[{"href":"https:\/\/roveyayinevi.com.tr\/index.php\/wp-json\/wp\/v2\/product"}],"about":[{"href":"https:\/\/roveyayinevi.com.tr\/index.php\/wp-json\/wp\/v2\/types\/product"}],"wp:attachment":[{"href":"https:\/\/roveyayinevi.com.tr\/index.php\/wp-json\/wp\/v2\/media?parent=741320"}],"wp:term":[{"taxonomy":"product_brand","embeddable":true,"href":"https:\/\/roveyayinevi.com.tr\/index.php\/wp-json\/wp\/v2\/product_brand?post=741320"},{"taxonomy":"product_cat","embeddable":true,"href":"https:\/\/roveyayinevi.com.tr\/index.php\/wp-json\/wp\/v2\/product_cat?post=741320"},{"taxonomy":"product_tag","embeddable":true,"href":"https:\/\/roveyayinevi.com.tr\/index.php\/wp-json\/wp\/v2\/product_tag?post=741320"}],"curies":[{"name":"wp","href":"https:\/\/api.w.org\/{rel}","templated":true}]}}