{"id":741318,"date":"2025-08-28T00:47:04","date_gmt":"2025-08-27T21:47:04","guid":{"rendered":"https:\/\/roveyayinevi.com.tr\/index.php\/urun\/kalbin-iki-yuzu\/"},"modified":"2026-04-16T02:52:36","modified_gmt":"2026-04-15T23:52:36","slug":"kalbin-iki-yuzu","status":"publish","type":"product","link":"https:\/\/roveyayinevi.com.tr\/index.php\/urun\/kalbin-iki-yuzu\/","title":{"rendered":"Kalbin \u0130ki Y\u00fcz\u00fc"},"content":{"rendered":"<p>Gel \u015fimdi seninle bir yolculu\u011fa ve bir m\u00fccadeleye \u00e7\u0131kal\u0131m. Kalbimizin g\u00fczel y\u00fcz\u00fcn\u00fc kullanal\u0131m. Ger\u00e7ek a\u015fk\u0131 buldu\u011fumuzda hassas olan kalbimizin tamam\u0131 g\u00fczel olsun. A\u015fka inanmayanlar\u0131 umursama. Onlar bizim a\u015fk\u0131m\u0131z\u0131 \u00f6l\u00fcml\u00fc san\u0131rlar. Vakit kaybetmeden ba\u015fla okumaya ama sadece kitaplar\u0131 de\u011fil k\u00e2inat\u0131 da i\u00e7inde ya\u015fayanlar\u0131 da oku. Oku ki senin sen oldu\u011funun fark\u0131na var. Kendini bulmadan hakk\u0131 bulamaz insan. D\u00fcnya amac\u0131n\u0131n fark\u0131na var. Ben g\u00f6n\u00fcl dilinden s\u00f6yl\u00fcyorum bunlar\u0131, sen g\u00f6n\u00fcl kula\u011f\u0131ndan i\u015fit. \u0130\u015fitenlere selam olsun..<\/p>\n","protected":false},"excerpt":{"rendered":"<p>Gel \u015fimdi seninle bir yolculu\u011fa ve bir m\u00fccadeleye \u00e7\u0131kal\u0131m. Kalbimizin g\u00fczel y\u00fcz\u00fcn\u00fc kullanal\u0131m. Ger\u00e7ek a\u015fk\u0131 buldu\u011fumuzda hassas olan kalbimizin tamam\u0131 g\u00fczel olsun. A\u015fka inanmayanlar\u0131 umursama. Onlar<span class=\"excerpt-hellip\"> [\u2026]<\/span><\/p>\n","protected":false},"featured_media":0,"template":"","meta":{"_monsterinsights_skip_tracking":false,"_monsterinsights_sitenote_active":false,"_monsterinsights_sitenote_note":"","_monsterinsights_sitenote_category":0},"product_brand":[],"product_cat":[12291,12711],"product_tag":[],"class_list":{"0":"post-741318","1":"product","2":"type-product","3":"status-publish","5":"product_cat-edebiyat","6":"product_cat-roman-oyku","7":"pa_cilt-ciltsiz","8":"pa_tur-kitap","9":"pa_yayinevi-platanus-publishing","10":"pa_yazar-berat-ozdemir","12":"first","13":"instock","14":"sale","15":"shipping-taxable","16":"purchasable","17":"product-type-simple"},"_links":{"self":[{"href":"https:\/\/roveyayinevi.com.tr\/index.php\/wp-json\/wp\/v2\/product\/741318","targetHints":{"allow":["GET"]}}],"collection":[{"href":"https:\/\/roveyayinevi.com.tr\/index.php\/wp-json\/wp\/v2\/product"}],"about":[{"href":"https:\/\/roveyayinevi.com.tr\/index.php\/wp-json\/wp\/v2\/types\/product"}],"wp:attachment":[{"href":"https:\/\/roveyayinevi.com.tr\/index.php\/wp-json\/wp\/v2\/media?parent=741318"}],"wp:term":[{"taxonomy":"product_brand","embeddable":true,"href":"https:\/\/roveyayinevi.com.tr\/index.php\/wp-json\/wp\/v2\/product_brand?post=741318"},{"taxonomy":"product_cat","embeddable":true,"href":"https:\/\/roveyayinevi.com.tr\/index.php\/wp-json\/wp\/v2\/product_cat?post=741318"},{"taxonomy":"product_tag","embeddable":true,"href":"https:\/\/roveyayinevi.com.tr\/index.php\/wp-json\/wp\/v2\/product_tag?post=741318"}],"curies":[{"name":"wp","href":"https:\/\/api.w.org\/{rel}","templated":true}]}}