{"id":741316,"date":"2025-08-28T00:47:01","date_gmt":"2025-08-27T21:47:01","guid":{"rendered":"https:\/\/roveyayinevi.com.tr\/index.php\/urun\/aklin-yasami\/"},"modified":"2026-04-16T02:52:36","modified_gmt":"2026-04-15T23:52:36","slug":"aklin-yasami","status":"publish","type":"product","link":"https:\/\/roveyayinevi.com.tr\/index.php\/urun\/aklin-yasami\/","title":{"rendered":"Akl\u0131n Ya\u015fam\u0131"},"content":{"rendered":"<p>\u0130spanyol filozof George Santaya\u2019n\u0131n ba\u015fyap\u0131t\u0131 olan Akl\u0131n Ya\u015fam\u0131: \u0130nsan Geli\u015fiminin Evreleri\u2019nden se\u00e7ki ilk kez T\u00fcrk\u00e7ede. Santaya\u2019n\u0131n bu kitapta bir araya getirilen denemeleri, \u015fiirden teolojiye, metafizikten materyalizme, estetik alg\u0131dan idealizme uzanan kapsaml\u0131 meseleleri konu ediniyor. Santayana\u2019n\u0131n bu denemelerinde akl\u0131n ya\u015fam\u0131, evrenin k\u00f6t\u00fc bir kopyas\u0131 de\u011fil, bir ba\u015f\u0131na insan\u0131n d\u0131\u015favurumudur. Filozofun d\u00fc\u015f\u00fcnceleri asl\u0131nda tek bir tez etraf\u0131nda toparlanabilir: \u0130nsan\u0131n hakikati ke\u015ffetmesi, uzun ve sanc\u0131l\u0131 bir s\u00fcrecin sonucudur. \u00c7\u00fcnk\u00fc insan akl\u0131, kesinlikle bir sonu\u00e7tur ve ger\u00e7ekte gayet ge\u00e7 olu\u015fmu\u015f, son derece d\u00fczenli bir evrimin \u00fcr\u00fcn\u00fcd\u00fcr. Santayana bu geli\u015fimi \u00f6rneklendirmek i\u00e7in dinde, sanatta, felsefede, ahlakta ve bilimde ya\u015fanan geli\u015fmelere ilgiyle odaklanmaktad\u0131r. Akl\u0131n modern d\u00fcnyadaki ser\u00fcveninde ise i\u015fler de\u011fi\u015fmi\u015ftir. Art\u0131k kesin bir yerlere yerle\u015fmek m\u00fcmk\u00fcn de\u011fildir. Ak\u0131l ve muhakeme s\u00fcr\u00fcncemededir. \u00dczerine y\u00fcklenen herhangi bir sorumluluk olmad\u0131\u011f\u0131 i\u00e7in ak\u0131l sorumsuzla\u015fm\u0131\u015ft\u0131r. Yine de Santayana insan\u0131n kendisini ger\u00e7ekle\u015ftirebilece\u011fi ko\u015fullar\u0131n gelece\u011fin d\u00fcnyas\u0131nda ortaya \u00e7\u0131kmas\u0131 ihtimaline her f\u0131rsatta inand\u0131\u011f\u0131n\u0131 dile getirmekten vazge\u00e7mez. Ona g\u00f6re b\u00fct\u00fcn hayat\u0131m\u0131z, ruhun tutkular\u0131 ile do\u011fan\u0131n g\u00fc\u00e7leri aras\u0131nda bir uzla\u015fma, ba\u015flang\u0131\u00e7 a\u015famas\u0131ndaki gev\u015fek bir uyumdur. Santaya\u2019n\u0131n yap\u0131t\u0131 bizi b\u00fcy\u00fck sorular etraf\u0131nda dolanan bir filozofun engin d\u00fc\u015f\u00fcncesine ortak olmaya \u00e7a\u011f\u0131r\u0131yor.<\/p>\n","protected":false},"excerpt":{"rendered":"<p>\u0130spanyol filozof George Santaya\u2019n\u0131n ba\u015fyap\u0131t\u0131 olan Akl\u0131n Ya\u015fam\u0131: \u0130nsan Geli\u015fiminin Evreleri\u2019nden se\u00e7ki ilk kez T\u00fcrk\u00e7ede. Santaya\u2019n\u0131n bu kitapta bir araya getirilen denemeleri, \u015fiirden teolojiye, metafizikten materyalizme,<span class=\"excerpt-hellip\"> [\u2026]<\/span><\/p>\n","protected":false},"featured_media":0,"template":"","meta":{"_monsterinsights_skip_tracking":false,"_monsterinsights_sitenote_active":false,"_monsterinsights_sitenote_note":"","_monsterinsights_sitenote_category":0},"product_brand":[],"product_cat":[12388,13555],"product_tag":[],"class_list":{"0":"post-741316","1":"product","2":"type-product","3":"status-publish","5":"product_cat-felsefe","6":"product_cat-genel-felsefe","7":"pa_cilt-ciltsiz","8":"pa_tur-kitap","9":"pa_yayinevi-fol-kitap","10":"pa_yazar-george-santayana","12":"first","13":"instock","14":"sale","15":"shipping-taxable","16":"purchasable","17":"product-type-simple"},"_links":{"self":[{"href":"https:\/\/roveyayinevi.com.tr\/index.php\/wp-json\/wp\/v2\/product\/741316","targetHints":{"allow":["GET"]}}],"collection":[{"href":"https:\/\/roveyayinevi.com.tr\/index.php\/wp-json\/wp\/v2\/product"}],"about":[{"href":"https:\/\/roveyayinevi.com.tr\/index.php\/wp-json\/wp\/v2\/types\/product"}],"wp:attachment":[{"href":"https:\/\/roveyayinevi.com.tr\/index.php\/wp-json\/wp\/v2\/media?parent=741316"}],"wp:term":[{"taxonomy":"product_brand","embeddable":true,"href":"https:\/\/roveyayinevi.com.tr\/index.php\/wp-json\/wp\/v2\/product_brand?post=741316"},{"taxonomy":"product_cat","embeddable":true,"href":"https:\/\/roveyayinevi.com.tr\/index.php\/wp-json\/wp\/v2\/product_cat?post=741316"},{"taxonomy":"product_tag","embeddable":true,"href":"https:\/\/roveyayinevi.com.tr\/index.php\/wp-json\/wp\/v2\/product_tag?post=741316"}],"curies":[{"name":"wp","href":"https:\/\/api.w.org\/{rel}","templated":true}]}}