{"id":741315,"date":"2025-08-28T00:47:00","date_gmt":"2025-08-27T21:47:00","guid":{"rendered":"https:\/\/roveyayinevi.com.tr\/index.php\/urun\/super-gucler-kitabi\/"},"modified":"2026-04-16T02:52:36","modified_gmt":"2026-04-15T23:52:36","slug":"super-gucler-kitabi","status":"publish","type":"product","link":"https:\/\/roveyayinevi.com.tr\/index.php\/urun\/super-gucler-kitabi\/","title":{"rendered":"S\u00fcper G\u00fc\u00e7ler Kitab\u0131"},"content":{"rendered":"<p>Sizin s\u00fcper g\u00fcc\u00fcn\u00fcz nedir? Hay\u0131r! Buras\u0131 Orman Deg\u0306il!&#8217;in yarat\u0131c\u0131lar\u0131, yazar Susanna Isern ve c\u0327izer Rocio Bonilla&#8217;dan, minik okurlar\u0131n kendilerini tan\u0131malar\u0131n\u0131 sag\u0306layacak renga\u0302renk, nes\u0327eli bir o\u0308yku\u0308! Farkl\u0131 karakter o\u0308zelliklerinin ve yeteneklerin hika\u0302yeles\u0327tirildig\u0306i kitap, insan\u0131n, onu &#8220;du\u0308nyada tek&#8221; k\u0131lan o\u0308zgu\u0308n gu\u0308c\u0327lerine odaklan\u0131yor. Her c\u0327ocug\u0306un kendini kes\u0327fetmede ipuc\u0327lar\u0131 bulabileceg\u0306i resimli o\u0308yku\u0308, ortak okumalar ic\u0327in go\u0308rsel bir s\u0327o\u0308len nitelig\u0306inde. Yal\u0131n anlat\u0131m\u0131 ve evrensel temalar\u0131yla dikkati \u00e7eken kitap, yarat\u0131c\u0131l\u0131kla, hayal g\u00fcc\u00fcyle harmanlanm\u0131\u015f \u00e7okrenkli bir d\u00fcnya kuruyor.Hika\u0302ye anlatmak, iyimserlik, cesaret, mu\u0308zik, komiklik, dikkat, merak, sab\u0131r, okumak, c\u0327eviklik, haf\u0131za, d\u00fczen, a\u015f\u00e7\u0131l\u0131k, uyum, kararl\u0131l\u0131k, matematik, dans, yarat\u0131c\u0131l\u0131k&#8230; Bunlardan biri ya da birka\u00e7\u0131. Herkesin kendine o\u0308zgu\u0308 bir ya da birden fazla &#8220;su\u0308per gu\u0308cu\u0308&#8221; olabilir. Her c\u0327ocug\u0306u du\u0308nyada biricik k\u0131lan o &#8220;su\u0308per gu\u0308cu\u0308&#8221; kes\u0327fetmek harika! Duygu, du\u0308s\u0327u\u0308nce ve davran\u0131s\u0327lar\u0131m\u0131za bakarak, bizi biz yapan, bas\u0327kalar\u0131ndan ay\u0131ran o o\u0308zgu\u0308n yan\u0131m\u0131z\u0131 bulabilir miyiz?..<\/p>\n","protected":false},"excerpt":{"rendered":"<p>Sizin s\u00fcper g\u00fcc\u00fcn\u00fcz nedir? Hay\u0131r! Buras\u0131 Orman Deg\u0306il!&#8217;in yarat\u0131c\u0131lar\u0131, yazar Susanna Isern ve c\u0327izer Rocio Bonilla&#8217;dan, minik okurlar\u0131n kendilerini tan\u0131malar\u0131n\u0131 sag\u0306layacak renga\u0302renk, nes\u0327eli bir o\u0308yku\u0308! Farkl\u0131<span class=\"excerpt-hellip\"> [\u2026]<\/span><\/p>\n","protected":false},"featured_media":0,"template":"","meta":{"_monsterinsights_skip_tracking":false,"_monsterinsights_sitenote_active":false,"_monsterinsights_sitenote_note":"","_monsterinsights_sitenote_category":0},"product_brand":[],"product_cat":[12913,12274],"product_tag":[],"class_list":{"0":"post-741315","1":"product","2":"type-product","3":"status-publish","5":"product_cat-3-6-yas-kitaplari","6":"product_cat-cocuk-ve-genclik-kitaplari","7":"pa_cilt-ciltsiz","8":"pa_tur-kitap","9":"pa_yayinevi-gunisigi-kitapligi","10":"pa_yazar-susanna-isern","12":"first","13":"instock","14":"sale","15":"shipping-taxable","16":"purchasable","17":"product-type-simple"},"_links":{"self":[{"href":"https:\/\/roveyayinevi.com.tr\/index.php\/wp-json\/wp\/v2\/product\/741315","targetHints":{"allow":["GET"]}}],"collection":[{"href":"https:\/\/roveyayinevi.com.tr\/index.php\/wp-json\/wp\/v2\/product"}],"about":[{"href":"https:\/\/roveyayinevi.com.tr\/index.php\/wp-json\/wp\/v2\/types\/product"}],"wp:attachment":[{"href":"https:\/\/roveyayinevi.com.tr\/index.php\/wp-json\/wp\/v2\/media?parent=741315"}],"wp:term":[{"taxonomy":"product_brand","embeddable":true,"href":"https:\/\/roveyayinevi.com.tr\/index.php\/wp-json\/wp\/v2\/product_brand?post=741315"},{"taxonomy":"product_cat","embeddable":true,"href":"https:\/\/roveyayinevi.com.tr\/index.php\/wp-json\/wp\/v2\/product_cat?post=741315"},{"taxonomy":"product_tag","embeddable":true,"href":"https:\/\/roveyayinevi.com.tr\/index.php\/wp-json\/wp\/v2\/product_tag?post=741315"}],"curies":[{"name":"wp","href":"https:\/\/api.w.org\/{rel}","templated":true}]}}