{"id":741314,"date":"2025-08-28T00:46:59","date_gmt":"2025-08-27T21:46:59","guid":{"rendered":"https:\/\/roveyayinevi.com.tr\/index.php\/urun\/yetiskinler-icin-piyano-metodu\/"},"modified":"2026-04-16T02:52:36","modified_gmt":"2026-04-15T23:52:36","slug":"yetiskinler-icin-piyano-metodu","status":"publish","type":"product","link":"https:\/\/roveyayinevi.com.tr\/index.php\/urun\/yetiskinler-icin-piyano-metodu\/","title":{"rendered":"Yeti\u015fkinler \u0130\u00e7in Piyano Metodu"},"content":{"rendered":"<p>Bu \u00e7al\u0131\u015fma i\u00e7in harekete ge\u00e7meme \u201c40\u2019\u0131ndan sonra saz \u00e7al\u0131n\u0131r\u201d diye d\u00fc\u015f\u00fcnen ve birlikte piyano \u00e7al\u0131\u015fmaya ba\u015flad\u0131\u011f\u0131m\u0131z, ileri ya\u015flardaki bir \u00f6\u011frencim neden oldu. \u00c7ocuklar ve gen\u00e7lerle y\u00fcr\u00fcd\u00fc\u011f\u00fcm g\u00fczergahtan g\u00f6t\u00fcrebilirdim onu. Ama i\u00e7inden; \u201cbize g\u00f6re bir \u015feyler olsayd\u0131 iyi olurdu\u201d diye d\u00fc\u015f\u00fcnd\u00fc\u011f\u00fcn\u00fc duyar gibi oluyordum. Ya\u015fam\u0131na e\u015flik etmi\u015f ulusal ve evrensel k\u00fclt\u00fcr\u00fcn \u00fcr\u00fcnlerinden yararlanma fikri do\u011fru bir yakla\u015f\u0131m olacakt\u0131.  \u015eark\u0131lar\u0131m\u0131z, t\u00fcrk\u00fclerimiz, tango, vals, jazz ve klasik bat\u0131 m\u00fczi\u011finin her d\u00f6nemine ait uygun ve se\u00e7kin \u00f6rnekleri ile tan\u0131\u015fabilece\u011fi bir yolculuk olmal\u0131yd\u0131.         Bu projeyi tasarlad\u0131\u011f\u0131m g\u00fcnlerde pandemi ortaya \u00e7\u0131kt\u0131. Dolay\u0131s\u0131yla onunla ve di\u011fer t\u00fcm \u00f6\u011frencilerimle devam edemedik piyano \u00e7al\u0131\u015fmalar\u0131m\u0131za. Ama yola koyulmu\u015ftum ve \u201cYET\u0130\u015eK\u0130NLER \u0130\u00c7\u0130N P\u0130YANO METODU\u201d nu olu\u015fturabilmem i\u00e7in uzun bir zaman f\u0131rsat\u0131 do\u011fmu\u015ftu.         Yo\u011fun \u00e7al\u0131\u015fma d\u00f6neminin sonunda san\u0131r\u0131m ama\u00e7lar\u0131m\u0131 ger\u00e7ekle\u015ftirebilmi\u015f oldu\u011fum bir \u00fcr\u00fcn ortaya \u00e7\u0131kt\u0131. \u0130nsan\u0131m\u0131za sanat\u0131n g\u00fczellikleri yoluyla daha \u00e7ok dokunabilme zemini yaratmas\u0131n\u0131 umdu\u011fum bu \u00e7al\u0131\u015fman\u0131n, piyano \u00f6\u011fretmenlerine, m\u00fczik e\u011fitimcilerine, m\u00fczik \u00f6\u011frencilerine ve t\u00fcm ilgililere yararl\u0131 olmas\u0131 dile\u011fiyle\u2026                     <\/p>\n","protected":false},"excerpt":{"rendered":"<p>Bu \u00e7al\u0131\u015fma i\u00e7in harekete ge\u00e7meme \u201c40\u2019\u0131ndan sonra saz \u00e7al\u0131n\u0131r\u201d diye d\u00fc\u015f\u00fcnen ve birlikte piyano \u00e7al\u0131\u015fmaya ba\u015flad\u0131\u011f\u0131m\u0131z, ileri ya\u015flardaki bir \u00f6\u011frencim neden oldu. \u00c7ocuklar ve gen\u00e7lerle y\u00fcr\u00fcd\u00fc\u011f\u00fcm<span class=\"excerpt-hellip\"> [\u2026]<\/span><\/p>\n","protected":false},"featured_media":0,"template":"","meta":{"_monsterinsights_skip_tracking":false,"_monsterinsights_sitenote_active":false,"_monsterinsights_sitenote_note":"","_monsterinsights_sitenote_category":0},"product_brand":[],"product_cat":[14556,20810],"product_tag":[],"class_list":{"0":"post-741314","1":"product","2":"type-product","3":"status-publish","5":"product_cat-muzik","6":"product_cat-ogrenim-kitaplari","7":"pa_cilt-ciltsiz","8":"pa_tur-kitap","9":"pa_yayinevi-arkadas-yayinlari-muzik-kitaplari","10":"pa_yazar-yalcin-iman","12":"first","13":"instock","14":"sale","15":"shipping-taxable","16":"purchasable","17":"product-type-simple"},"_links":{"self":[{"href":"https:\/\/roveyayinevi.com.tr\/index.php\/wp-json\/wp\/v2\/product\/741314","targetHints":{"allow":["GET"]}}],"collection":[{"href":"https:\/\/roveyayinevi.com.tr\/index.php\/wp-json\/wp\/v2\/product"}],"about":[{"href":"https:\/\/roveyayinevi.com.tr\/index.php\/wp-json\/wp\/v2\/types\/product"}],"wp:attachment":[{"href":"https:\/\/roveyayinevi.com.tr\/index.php\/wp-json\/wp\/v2\/media?parent=741314"}],"wp:term":[{"taxonomy":"product_brand","embeddable":true,"href":"https:\/\/roveyayinevi.com.tr\/index.php\/wp-json\/wp\/v2\/product_brand?post=741314"},{"taxonomy":"product_cat","embeddable":true,"href":"https:\/\/roveyayinevi.com.tr\/index.php\/wp-json\/wp\/v2\/product_cat?post=741314"},{"taxonomy":"product_tag","embeddable":true,"href":"https:\/\/roveyayinevi.com.tr\/index.php\/wp-json\/wp\/v2\/product_tag?post=741314"}],"curies":[{"name":"wp","href":"https:\/\/api.w.org\/{rel}","templated":true}]}}