{"id":741312,"date":"2025-08-28T00:46:57","date_gmt":"2025-08-27T21:46:57","guid":{"rendered":"https:\/\/roveyayinevi.com.tr\/index.php\/urun\/genetik-ve-atletik-performans\/"},"modified":"2025-12-30T10:54:00","modified_gmt":"2025-12-30T07:54:00","slug":"genetik-ve-atletik-performans","status":"publish","type":"product","link":"https:\/\/roveyayinevi.com.tr\/index.php\/urun\/genetik-ve-atletik-performans\/","title":{"rendered":"Genetik ve Atletik Performans"},"content":{"rendered":"<p>\u0130\u00e7indekiler   1. G\u0130R\u0130\u015e 2. GENEL B\u0130LG\u0130LER 2.1. Gen  2.2. Genetik 2.3. Genom 2.4. \u0130nsan Genom Projesi 2.5. Spor Geneti\u011fi 2.5.1. Tek nu\u0308kleotid polimorfizmi 2.5.2. Epigenetik 2.6. Sportif Performans\u0131 Etkileyen Fakt\u00f6rler 2.6.1. \u0130\u00e7sel fakt\u00f6rler 2.6.2. D\u0131\u015fsal fakt\u00f6rler 2.7. Atletik Performansa Geneti\u011fin Etkisi 2.7.1. Sprint, g\u00fc\u00e7 ve kuvvet performans\u0131na etki eden genler 2.7.2. Dayan\u0131kl\u0131l\u0131k performans\u0131na etki eden genler 2.8. ACTN3 Polimorfizmi 2.9. BDNF Polimorfizmi 3. Y\u00d6NTEM 3.1. Ara\u015ft\u0131rma Grubu 3.2. Prosed\u00fcr 3.3. Verilerin Toplanmas\u0131 3.3.1. Anket formlar\u0131 3.4. A\u011f\u0131z S\u00fcr\u00fcnt\u00fc \u00d6rneklerinin DNA \u0130zolasyonu 3.4.1. ACTN3 rs1815739 polimorfizminin belirlenmesi 3.4.2. BDNF rs6265 polimorfizminin belirlenmesi 3.5. ACTN3 ve BDNF, FAM ve VIC I\u015f\u0131malar\u0131 Sonu\u00e7lar\u0131n\u0131n De\u011ferlendirilmesi 3.6. Verilerin Analizi 4. BULGULAR 5. TARTI\u015eMA 5.1. ACTN3 rs1815739 Gen Polimorfizmine Dair Tart\u0131\u015fma 5.2. BDNF rs6265 Gen Polimorfizmine Dair Tart\u0131\u015fma <\/p>\n","protected":false},"excerpt":{"rendered":"<p>\u0130\u00e7indekiler 1. G\u0130R\u0130\u015e 2. GENEL B\u0130LG\u0130LER 2.1. Gen 2.2. Genetik 2.3. Genom 2.4. \u0130nsan Genom Projesi 2.5. Spor Geneti\u011fi 2.5.1. Tek nu\u0308kleotid polimorfizmi 2.5.2. Epigenetik 2.6.<span class=\"excerpt-hellip\"> [\u2026]<\/span><\/p>\n","protected":false},"featured_media":0,"template":"","meta":{"_monsterinsights_skip_tracking":false,"_monsterinsights_sitenote_active":false,"_monsterinsights_sitenote_note":"","_monsterinsights_sitenote_category":0},"product_brand":[],"product_cat":[12573,12566],"product_tag":[],"class_list":{"0":"post-741312","1":"product","2":"type-product","3":"status-publish","5":"product_cat-akademik-kitaplar","6":"product_cat-egitim","7":"pa_cilt-ciltsiz","8":"pa_tur-kitap","9":"pa_yayinevi-gazi-kitabevi","10":"pa_yazar-erdal-zorba-celal-bulgay","12":"first","13":"instock","14":"sale","15":"shipping-taxable","16":"purchasable","17":"product-type-simple"},"_links":{"self":[{"href":"https:\/\/roveyayinevi.com.tr\/index.php\/wp-json\/wp\/v2\/product\/741312","targetHints":{"allow":["GET"]}}],"collection":[{"href":"https:\/\/roveyayinevi.com.tr\/index.php\/wp-json\/wp\/v2\/product"}],"about":[{"href":"https:\/\/roveyayinevi.com.tr\/index.php\/wp-json\/wp\/v2\/types\/product"}],"wp:attachment":[{"href":"https:\/\/roveyayinevi.com.tr\/index.php\/wp-json\/wp\/v2\/media?parent=741312"}],"wp:term":[{"taxonomy":"product_brand","embeddable":true,"href":"https:\/\/roveyayinevi.com.tr\/index.php\/wp-json\/wp\/v2\/product_brand?post=741312"},{"taxonomy":"product_cat","embeddable":true,"href":"https:\/\/roveyayinevi.com.tr\/index.php\/wp-json\/wp\/v2\/product_cat?post=741312"},{"taxonomy":"product_tag","embeddable":true,"href":"https:\/\/roveyayinevi.com.tr\/index.php\/wp-json\/wp\/v2\/product_tag?post=741312"}],"curies":[{"name":"wp","href":"https:\/\/api.w.org\/{rel}","templated":true}]}}