{"id":741311,"date":"2025-08-28T00:46:55","date_gmt":"2025-08-27T21:46:55","guid":{"rendered":"https:\/\/roveyayinevi.com.tr\/index.php\/urun\/cevresel-acidan-surdurulebilir-kalkinma\/"},"modified":"2026-04-16T02:52:35","modified_gmt":"2026-04-15T23:52:35","slug":"cevresel-acidan-surdurulebilir-kalkinma","status":"publish","type":"product","link":"https:\/\/roveyayinevi.com.tr\/index.php\/urun\/cevresel-acidan-surdurulebilir-kalkinma\/","title":{"rendered":"\u00c7evresel A\u00e7\u0131dan S\u00fcrd\u00fcr\u00fclebilir Kalk\u0131nma"},"content":{"rendered":"<p>\u0130\u00e7indekiler   B\u0130R\u0130NC\u0130 B\u00d6L\u00dcM \u00c7EVRESEL A\u00c7IDAN S\u00dcRD\u00dcR\u00dcLEB\u0130L\u0130R KALKINMA   \u0130K\u0130NC\u0130 B\u00d6L\u00dcM  S\u00dcRD\u00dcR\u00dcLEB\u0130L\u0130R KALKINMAYA KATTIKLARI DE\u011eER BAKIMINDAN GER\u0130 D\u00d6N\u00dc\u015e\u00dcMDE FAAL\u0130YET G\u00d6STEREN B\u00dcY\u00dcK\u015eEH\u0130R BELED\u0130YELER\u0130N\u0130N VER\u0130 ZARFLAMA ANAL\u0130Z\u0130 Y\u00d6NTEM\u0130 \u0130LE ETK\u0130NL\u0130KLER\u0130N\u0130N DE\u011eERLEND\u0130R\u0130LMES\u0130 <\/p>\n","protected":false},"excerpt":{"rendered":"<p>\u0130\u00e7indekiler B\u0130R\u0130NC\u0130 B\u00d6L\u00dcM \u00c7EVRESEL A\u00c7IDAN S\u00dcRD\u00dcR\u00dcLEB\u0130L\u0130R KALKINMA \u0130K\u0130NC\u0130 B\u00d6L\u00dcM S\u00dcRD\u00dcR\u00dcLEB\u0130L\u0130R KALKINMAYA KATTIKLARI DE\u011eER BAKIMINDAN GER\u0130 D\u00d6N\u00dc\u015e\u00dcMDE FAAL\u0130YET G\u00d6STEREN B\u00dcY\u00dcK\u015eEH\u0130R BELED\u0130YELER\u0130N\u0130N VER\u0130 ZARFLAMA ANAL\u0130Z\u0130 Y\u00d6NTEM\u0130 \u0130LE ETK\u0130NL\u0130KLER\u0130N\u0130N<span class=\"excerpt-hellip\"> [\u2026]<\/span><\/p>\n","protected":false},"featured_media":0,"template":"","meta":{"_monsterinsights_skip_tracking":false,"_monsterinsights_sitenote_active":false,"_monsterinsights_sitenote_note":"","_monsterinsights_sitenote_category":0},"product_brand":[],"product_cat":[12573,12566],"product_tag":[],"class_list":{"0":"post-741311","1":"product","2":"type-product","3":"status-publish","5":"product_cat-akademik-kitaplar","6":"product_cat-egitim","7":"pa_cilt-ciltsiz","8":"pa_tur-kitap","9":"pa_yayinevi-gazi-kitabevi","10":"pa_yazar-gazi-kitabevi-kolektif","12":"first","13":"instock","14":"sale","15":"shipping-taxable","16":"purchasable","17":"product-type-simple"},"_links":{"self":[{"href":"https:\/\/roveyayinevi.com.tr\/index.php\/wp-json\/wp\/v2\/product\/741311","targetHints":{"allow":["GET"]}}],"collection":[{"href":"https:\/\/roveyayinevi.com.tr\/index.php\/wp-json\/wp\/v2\/product"}],"about":[{"href":"https:\/\/roveyayinevi.com.tr\/index.php\/wp-json\/wp\/v2\/types\/product"}],"wp:attachment":[{"href":"https:\/\/roveyayinevi.com.tr\/index.php\/wp-json\/wp\/v2\/media?parent=741311"}],"wp:term":[{"taxonomy":"product_brand","embeddable":true,"href":"https:\/\/roveyayinevi.com.tr\/index.php\/wp-json\/wp\/v2\/product_brand?post=741311"},{"taxonomy":"product_cat","embeddable":true,"href":"https:\/\/roveyayinevi.com.tr\/index.php\/wp-json\/wp\/v2\/product_cat?post=741311"},{"taxonomy":"product_tag","embeddable":true,"href":"https:\/\/roveyayinevi.com.tr\/index.php\/wp-json\/wp\/v2\/product_tag?post=741311"}],"curies":[{"name":"wp","href":"https:\/\/api.w.org\/{rel}","templated":true}]}}