{"id":741308,"date":"2025-08-28T00:46:51","date_gmt":"2025-08-27T21:46:51","guid":{"rendered":"https:\/\/roveyayinevi.com.tr\/index.php\/urun\/bilisim-teknolojileri-etkinlikleri-3-cocuklar-icin-kodlama\/"},"modified":"2026-04-16T02:52:35","modified_gmt":"2026-04-15T23:52:35","slug":"bilisim-teknolojileri-etkinlikleri-3-cocuklar-icin-kodlama","status":"publish","type":"product","link":"https:\/\/roveyayinevi.com.tr\/index.php\/urun\/bilisim-teknolojileri-etkinlikleri-3-cocuklar-icin-kodlama\/","title":{"rendered":"Bili\u015fim Teknolojileri Etkinlikleri 3 &#8211; \u00c7ocuklar \u0130\u00e7in Kodlama"},"content":{"rendered":"<p>\u00c7ocuklar \u0130\u00e7in Kodlama -Bili\u015fim Teknolojileri Etkinlikleri 3Sevgili \u00f6\u011fretmenler ve ebeveynler,Teknolojinin esiri olmayan ama onu etkin kullanan \u00e7ocuklar yeti\u015ftirmek sizler i\u00e7in de \u00f6nemliyse, elinizde tuttu\u011funuz bu kitap tam size g\u00f6re. Teknolojik cihazlar\u0131 ve basit haliyle kullan\u0131mlar\u0131n\u0131 kapsayan bir\u00e7ok bili\u015fim teknolojileri konusunu hem dijital hem de ba\u011flant\u0131s\u0131z etkinliklerle ele alan Bili\u015fim Teknolojileri Etkinlikleri-3 kitab\u0131, \u00e7ocuklara \u00e7ok y\u00f6nl\u00fc ve ger\u00e7eklikten kopmayacaklar\u0131 yarat\u0131c\u0131 bir d\u00fcnyan\u0131n kap\u0131s\u0131n\u0131 aral\u0131yor.Bu kitap;G\u00fcnl\u00fck hayat\u0131m\u0131zda yer alan teknolojik cihazlar\u0131,Bilgisayar\u0131n donan\u0131m birimlerini ve i\u015fletim sistemlerini,Klavye tu\u015flar\u0131n\u0131 ve k\u0131sa yollar\u0131n\u0131,Tablet bilgisayarlar\u0131 ve dokunmatik ekranlar\u0131,Veri kavram\u0131n\u0131, veri \u00f6l\u00e7\u00fc birimlerinin ne oldu\u011funu ve nas\u0131l s\u0131raland\u0131\u011f\u0131n\u0131,\u0130kili kodlama sisteminin ne oldu\u011funu ve bilgisayarda bu sistemin nas\u0131l \u00e7al\u0131\u015ft\u0131\u011f\u0131n\u0131,Dijital vatanda\u015fl\u0131k kavram\u0131n\u0131 ve dijital vatanda\u015fl\u0131\u011f\u0131n dokuz boyutunu,\u0130nternette \u00e7ocuklar\u0131 bekleyen tehlikelerin ba\u015f\u0131nda gelen siber zorbal\u0131\u011f\u0131n ne oldu\u011funu ve siber zorbal\u0131ktan korunma yollar\u0131n\u0131,\u0130nternette ara\u015ft\u0131rma yapmay\u0131 ve do\u011fru bilgiye ula\u015fma yollar\u0131n\u0131,Sanal ger\u00e7eklik, art\u0131r\u0131lm\u0131\u015f ger\u00e7eklik, giyilebilir teknoloji ve hologram gibi g\u00fcncel teknolojik kavramlar\u0131n ne oldu\u011funu,Kodlama ve algoritmik d\u00fc\u015f\u00fcnme konular\u0131yla ilgili ba\u011flant\u0131s\u0131z \u00e7al\u0131\u015fmalar\u0131, ak\u0131\u015f diyagram\u0131 olu\u015fturmay\u0131 ve okumay\u0131,E-posta olu\u015fturmay\u0131, g\u00f6ndermeyi ve cevaplamay\u0131,Bulut bili\u015fim sistemi \u00fczerine bilgi sahibi olmas\u0131n\u0131 ve bu teknolojiden yararlanarak ortak \u00e7al\u0131\u015fma yapmay\u0131,Dijital haritalar\u0131 kullanmay\u0131 ve sanal gezi yapmay\u0131,Tablet uygulamalar\u0131n\u0131 kullanarak dijital hik\u00e2ye olu\u015fturmay\u0131,\u00e7ocuklar\u0131m\u0131zla, onlar\u0131n seviyelerine uygun bir formatta bulu\u015fturmay\u0131 ve bili\u015fim teknolojilerini farkl\u0131 bir yoldan tan\u0131tmay\u0131 ama\u00e7l\u0131yor.\u00c7ocuklar \u0130\u00e7in Kodlama -Bili\u015fim Teknolojileri Etkinlikleri seri olup 3 kitaptan olu\u015fmaktad\u0131r.<\/p>\n","protected":false},"excerpt":{"rendered":"<p>\u00c7ocuklar \u0130\u00e7in Kodlama -Bili\u015fim Teknolojileri Etkinlikleri 3Sevgili \u00f6\u011fretmenler ve ebeveynler,Teknolojinin esiri olmayan ama onu etkin kullanan \u00e7ocuklar yeti\u015ftirmek sizler i\u00e7in de \u00f6nemliyse, elinizde tuttu\u011funuz bu kitap<span class=\"excerpt-hellip\"> [\u2026]<\/span><\/p>\n","protected":false},"featured_media":0,"template":"","meta":{"_monsterinsights_skip_tracking":false,"_monsterinsights_sitenote_active":false,"_monsterinsights_sitenote_note":"","_monsterinsights_sitenote_category":0},"product_brand":[],"product_cat":[12274,15842],"product_tag":[],"class_list":{"0":"post-741308","1":"product","2":"type-product","3":"status-publish","5":"product_cat-cocuk-ve-genclik-kitaplari","6":"product_cat-egitici-kitaplar","7":"pa_cilt-ciltsiz","8":"pa_tur-kitap","9":"pa_yayinevi-abakus-kitap","10":"pa_yazar-elif-borekcioglu","12":"first","13":"instock","14":"sale","15":"shipping-taxable","16":"purchasable","17":"product-type-simple"},"_links":{"self":[{"href":"https:\/\/roveyayinevi.com.tr\/index.php\/wp-json\/wp\/v2\/product\/741308","targetHints":{"allow":["GET"]}}],"collection":[{"href":"https:\/\/roveyayinevi.com.tr\/index.php\/wp-json\/wp\/v2\/product"}],"about":[{"href":"https:\/\/roveyayinevi.com.tr\/index.php\/wp-json\/wp\/v2\/types\/product"}],"wp:attachment":[{"href":"https:\/\/roveyayinevi.com.tr\/index.php\/wp-json\/wp\/v2\/media?parent=741308"}],"wp:term":[{"taxonomy":"product_brand","embeddable":true,"href":"https:\/\/roveyayinevi.com.tr\/index.php\/wp-json\/wp\/v2\/product_brand?post=741308"},{"taxonomy":"product_cat","embeddable":true,"href":"https:\/\/roveyayinevi.com.tr\/index.php\/wp-json\/wp\/v2\/product_cat?post=741308"},{"taxonomy":"product_tag","embeddable":true,"href":"https:\/\/roveyayinevi.com.tr\/index.php\/wp-json\/wp\/v2\/product_tag?post=741308"}],"curies":[{"name":"wp","href":"https:\/\/api.w.org\/{rel}","templated":true}]}}