{"id":741305,"date":"2025-08-28T00:46:48","date_gmt":"2025-08-27T21:46:48","guid":{"rendered":"https:\/\/roveyayinevi.com.tr\/index.php\/urun\/bir-dunya-siir\/"},"modified":"2026-04-16T02:52:35","modified_gmt":"2026-04-15T23:52:35","slug":"bir-dunya-siir","status":"publish","type":"product","link":"https:\/\/roveyayinevi.com.tr\/index.php\/urun\/bir-dunya-siir\/","title":{"rendered":"Bir D\u00fcnya \u015eiir"},"content":{"rendered":"<p>Simyac\u0131, Evliya \u00c7elebi ile tan\u0131\u015f\u0131r.\u201cPeki \u015fimdi ne olacakt\u0131, ne olmas\u0131 gerekiyordu? Yeni bir pozisyona ba\u015fvurup kurumsal hayatta m\u0131 kalsam? Son \u00fc\u00e7 y\u0131ld\u0131r bundan da emin de\u011fildim. Kurumsal hayattan ilk zamanlar ald\u0131\u011f\u0131m zevki kaybetmi\u015ftim. Yeni bir y\u00f6n ar\u0131yordum kendime, fakat i\u015fim rahat ve maa\u015f\u0131m g\u00fczel oldu\u011fu i\u00e7in, \u00e7ok da \u00e7aba sarf etmemi\u015ftim yeni bir alana y\u00f6nelmeye. Akl\u0131mdan \u00f6\u011fretmen olmak ge\u00e7iyordu. \u00c7ocuklar ile \u00e7al\u0131\u015fmak. Bu f\u0131rsat o f\u0131rsat m\u0131yd\u0131? Sadece unvan ve paran\u0131n insan\u0131 mutlu etmeye yetmedi\u011fini \u00e7oktan anlam\u0131\u015ft\u0131m zaten. Para sadece g\u00fcven ve rahatl\u0131k vermi\u015fti, fakat mutlu etmemi\u015fti beni. Son birka\u00e7 senedir bir \u015feyin eksikli\u011fini hissediyordum hayat\u0131mda.\u201dHakan Y\u0131ld\u0131r\u0131m Bir D\u00fcnya \u015eiir kitab\u0131yla d\u00fcnya seyahatinin kendisinde b\u0131rakt\u0131\u011f\u0131 derin izleri \u015fiirleriyle, d\u00fcz yaz\u0131lar\u0131yla okurlar\u0131na aktar\u0131yor. Bunu yaparken de okurlar\u0131ndan cesur olmalar\u0131n\u0131 ve ilhamlar\u0131n\u0131 bulmalar\u0131n\u0131 bekliyor. \u00c7\u00fcnk\u00fc Hakan Y\u0131ld\u0131r\u0131m \u00f6ncelikle cesur bir insan. Kurumsal hayattan ayr\u0131ld\u0131ktan sonra sonu bilinmez bir ke\u015fif yolculu\u011funa \u00e7\u0131karak bunu kan\u0131tlam\u0131\u015f. Yazar seyahatini tamamlad\u0131ktan sonraysa deneyimlerini, ke\u015fif yolculu\u011funu ba\u015fkalar\u0131yla payla\u015fmak i\u00e7in yaz\u0131ya d\u00f6kerek bir ba\u015fka cesaret \u00f6rne\u011fi daha sergiliyor ve bir yandan da yolculuk etmenin de\u011ferini vurguluyor. Fakat bu yolculuk sadece d\u00fcnyayla ilgili de\u011fil, insanla, ruhla, \u00f6zle de ilgili.Seyahat\/yolculuk temal\u0131 kitaplar her zaman \u00f6zeldir. Yolculuk de\u011fi\u015fimi, geli\u015fimi, kendine bak\u0131\u015f\u0131 da simgeler. Hakan Y\u0131ld\u0131r\u0131m da bunlar\u0131n olduk\u00e7a fark\u0131nda bir yazar. Kitab\u0131 okuduktan sonra siz de yazar\u0131n yolculu\u011funa e\u015flik etti\u011finiz i\u00e7in mutluluk duyacaks\u0131n\u0131z; ayn\u0131 zamanda kendinizle, insanl\u0131\u011f\u0131n\u0131zla, d\u00fcnyayla ilgili d\u00fc\u015f\u00fcnmediklerinizi d\u00fc\u015f\u00fcnecek, hissetmediklerinizi hissedeceksiniz. <\/p>\n","protected":false},"excerpt":{"rendered":"<p>Simyac\u0131, Evliya \u00c7elebi ile tan\u0131\u015f\u0131r.\u201cPeki \u015fimdi ne olacakt\u0131, ne olmas\u0131 gerekiyordu? Yeni bir pozisyona ba\u015fvurup kurumsal hayatta m\u0131 kalsam? Son \u00fc\u00e7 y\u0131ld\u0131r bundan da emin de\u011fildim.<span class=\"excerpt-hellip\"> [\u2026]<\/span><\/p>\n","protected":false},"featured_media":0,"template":"","meta":{"_monsterinsights_skip_tracking":false,"_monsterinsights_sitenote_active":false,"_monsterinsights_sitenote_note":"","_monsterinsights_sitenote_category":0},"product_brand":[],"product_cat":[12291,12509],"product_tag":[],"class_list":{"0":"post-741305","1":"product","2":"type-product","3":"status-publish","5":"product_cat-edebiyat","6":"product_cat-siir","7":"pa_cilt-ciltsiz","8":"pa_tur-kitap","9":"pa_yayinevi-abakus-kitap","10":"pa_yazar-hakan-yildirim","12":"first","13":"instock","14":"sale","15":"shipping-taxable","16":"purchasable","17":"product-type-simple"},"_links":{"self":[{"href":"https:\/\/roveyayinevi.com.tr\/index.php\/wp-json\/wp\/v2\/product\/741305","targetHints":{"allow":["GET"]}}],"collection":[{"href":"https:\/\/roveyayinevi.com.tr\/index.php\/wp-json\/wp\/v2\/product"}],"about":[{"href":"https:\/\/roveyayinevi.com.tr\/index.php\/wp-json\/wp\/v2\/types\/product"}],"wp:attachment":[{"href":"https:\/\/roveyayinevi.com.tr\/index.php\/wp-json\/wp\/v2\/media?parent=741305"}],"wp:term":[{"taxonomy":"product_brand","embeddable":true,"href":"https:\/\/roveyayinevi.com.tr\/index.php\/wp-json\/wp\/v2\/product_brand?post=741305"},{"taxonomy":"product_cat","embeddable":true,"href":"https:\/\/roveyayinevi.com.tr\/index.php\/wp-json\/wp\/v2\/product_cat?post=741305"},{"taxonomy":"product_tag","embeddable":true,"href":"https:\/\/roveyayinevi.com.tr\/index.php\/wp-json\/wp\/v2\/product_tag?post=741305"}],"curies":[{"name":"wp","href":"https:\/\/api.w.org\/{rel}","templated":true}]}}