{"id":741301,"date":"2025-08-28T00:46:43","date_gmt":"2025-08-27T21:46:43","guid":{"rendered":"https:\/\/roveyayinevi.com.tr\/index.php\/urun\/okumanin-riski\/"},"modified":"2026-04-16T02:52:35","modified_gmt":"2026-04-15T23:52:35","slug":"okumanin-riski","status":"publish","type":"product","link":"https:\/\/roveyayinevi.com.tr\/index.php\/urun\/okumanin-riski\/","title":{"rendered":"Okuman\u0131n Riski"},"content":{"rendered":"<p>Edebiyat Kendimizi ve D\u00fcnyam\u0131z\u0131 Anlamam\u0131za Nas\u0131l Yard\u0131m Eder?Bir ya\u015fam hik\u00e2yesi yaratma amac\u0131 g\u00fcderek kendimizle ve \u00f6tekilerle, kendi hik\u00e2yelerimizle ve \u00f6tekilerin hik\u00e2yeleriyle diyalo\u011fa dayal\u0131 bir ili\u015fki i\u00e7inde ya\u015far\u0131z. Alasdair MacIntyre \u015f\u00f6yle demi\u015ftir: \u201c\u2018Ne yapaca\u011f\u0131m?&#8217; sorusuna cevap verebilmem i\u00e7in \u00f6ncelikle \u015fu soruya cevap vermem gerekir: \u2018Kendimi hangi hik\u00e2yenin veya hik\u00e2yelerin bir par\u00e7as\u0131 olarak g\u00f6r\u00fcyorum?&#8217;\u201dOkuman\u0131n Riski, edebiyat\u0131 derinden, yak\u0131ndan okuman\u0131n kendimizi ve \u00e7evremizdeki d\u00fcnyay\u0131 anlamam\u0131za yard\u0131mc\u0131 olabilece\u011fi fikrinin bir savunmas\u0131&#8230; Nitelikli eserlerin derinlemesine okunmas\u0131 yoluyla modern ya\u015fam\u0131n \u00e7o\u011fu a\u00e7\u0131dan daha anlaml\u0131 k\u0131l\u0131nabilece\u011fini \u00f6ne s\u00fcren Waxler, bu kitapla s\u00f6zde \u201cger\u00e7ek ya\u015fam\u201d\u0131m\u0131za anlam vermek i\u00e7in \u201ckurguya\u201d ihtiyac\u0131m\u0131z oldu\u011funu, kurgu okuman\u0131n insanc\u0131l ve demokratik bir toplum in\u015fa etmek i\u00e7in \u00f6nemini vurguluyor.\u0130nsanlar\u0131n \u201cdilsel varl\u0131klar\u201d oldu\u011funun alt\u0131n\u0131 \u00e7izen yazar, kutsal metinlerdeki Yarat\u0131l\u0131\u015f k\u00fclt\u00fcnden Frankenstein&#8217;a, D\u00f6v\u00fc\u015f Kul\u00fcb\u00fc&#8217;nden Ya\u015fl\u0131 Adam ve Deniz&#8217;e dek pek \u00e7ok metni analiz ederken, \u00f6l\u00fcml\u00fcl\u00fc\u011f\u00fcm\u00fcz \u00fczerine d\u00fc\u015f\u00fcnmemizi sa\u011flayacak benzersiz bir kap\u0131 aral\u0131yor.<\/p>\n","protected":false},"excerpt":{"rendered":"<p>Edebiyat Kendimizi ve D\u00fcnyam\u0131z\u0131 Anlamam\u0131za Nas\u0131l Yard\u0131m Eder?Bir ya\u015fam hik\u00e2yesi yaratma amac\u0131 g\u00fcderek kendimizle ve \u00f6tekilerle, kendi hik\u00e2yelerimizle ve \u00f6tekilerin hik\u00e2yeleriyle diyalo\u011fa dayal\u0131 bir ili\u015fki i\u00e7inde<span class=\"excerpt-hellip\"> [\u2026]<\/span><\/p>\n","protected":false},"featured_media":0,"template":"","meta":{"_monsterinsights_skip_tracking":false,"_monsterinsights_sitenote_active":false,"_monsterinsights_sitenote_note":"","_monsterinsights_sitenote_category":0},"product_brand":[],"product_cat":[13072,12291],"product_tag":[],"class_list":{"0":"post-741301","1":"product","2":"type-product","3":"status-publish","5":"product_cat-arastirma-inceleme-referans","6":"product_cat-edebiyat","7":"pa_cilt-ciltsiz","8":"pa_tur-kitap","9":"pa_yayinevi-kafka-yayinevi","10":"pa_yazar-robert-p-waxler","12":"first","13":"instock","14":"sale","15":"shipping-taxable","16":"purchasable","17":"product-type-simple"},"_links":{"self":[{"href":"https:\/\/roveyayinevi.com.tr\/index.php\/wp-json\/wp\/v2\/product\/741301","targetHints":{"allow":["GET"]}}],"collection":[{"href":"https:\/\/roveyayinevi.com.tr\/index.php\/wp-json\/wp\/v2\/product"}],"about":[{"href":"https:\/\/roveyayinevi.com.tr\/index.php\/wp-json\/wp\/v2\/types\/product"}],"wp:attachment":[{"href":"https:\/\/roveyayinevi.com.tr\/index.php\/wp-json\/wp\/v2\/media?parent=741301"}],"wp:term":[{"taxonomy":"product_brand","embeddable":true,"href":"https:\/\/roveyayinevi.com.tr\/index.php\/wp-json\/wp\/v2\/product_brand?post=741301"},{"taxonomy":"product_cat","embeddable":true,"href":"https:\/\/roveyayinevi.com.tr\/index.php\/wp-json\/wp\/v2\/product_cat?post=741301"},{"taxonomy":"product_tag","embeddable":true,"href":"https:\/\/roveyayinevi.com.tr\/index.php\/wp-json\/wp\/v2\/product_tag?post=741301"}],"curies":[{"name":"wp","href":"https:\/\/api.w.org\/{rel}","templated":true}]}}