{"id":741298,"date":"2025-08-28T00:46:39","date_gmt":"2025-08-27T21:46:39","guid":{"rendered":"https:\/\/roveyayinevi.com.tr\/index.php\/urun\/yasalardan-arindirilmis-kayyum-belediyeleri\/"},"modified":"2026-04-16T02:52:35","modified_gmt":"2026-04-15T23:52:35","slug":"yasalardan-arindirilmis-kayyum-belediyeleri","status":"publish","type":"product","link":"https:\/\/roveyayinevi.com.tr\/index.php\/urun\/yasalardan-arindirilmis-kayyum-belediyeleri\/","title":{"rendered":"Yasalardan Ar\u0131nd\u0131r\u0131lm\u0131\u015f Kayyum Belediyeleri"},"content":{"rendered":"<p>Se\u00e7imle kazanamad\u0131\u011f\u0131n\u0131, hukuksuzluk ile ele ge\u00e7irmeye \u00e7al\u0131\u015fan siyasi iktidar, se\u00e7me ve se\u00e7ilme hakk\u0131n\u0131 \u00e7i\u011fneyip, halk\u0131n yerel se\u00e7imlerde ortaya koydu\u011fu iradeyi kayyum y\u00f6netimiyle gasp ediyor. \u0130ktidar, bir y\u00f6netme bi\u00e7imi h\u00e2line getirdi\u011fi kayyum atamalar\u0131n\u0131, siyasi muhalefeti bask\u0131 alt\u0131na almak, yerel halk iradesini yok etmek, halk\u0131n yerelde \u00f6rg\u00fctlenmesini engellemek i\u00e7in kullan\u0131yor. Kayy\u0131mlar, yolsuzluklar\u0131n\u0131n gizlenmesi, kirliliklerin \u00f6rt\u00fclmesi, \u00fclkedeki muhalefeti tehdit ederek susturma g\u00f6revi de g\u00f6rmektedir. Judith Butler, devlet ile ilgili, \u201cDevlet, geri \u00e7ekme edimi \u00fczerinden hukuk olmayan bir hukuk, mahkeme olmayan bir mahkeme, yasal i\u015flem olmayan bir yasal i\u015flem \u00fcretir. Ola\u011fan\u00fcst\u00fc h\u00e2l, iktidar\u0131n i\u015fleyi\u015fini bir dizi yasadan bir dizi kaideye geri ta\u015f\u0131r ve kaideler egemen iktidar\u0131 eski yerine ta\u015f\u0131r.\u201d der. Belediyelerdeki kayyum uygulamas\u0131 bu analizin en \u00e7arp\u0131c\u0131 \u00f6rneklerinden birisidir. Dr. Necdet \u0130PEKY\u00dcZ HDP Batman Milletvekili   Kayyum sistemi, K\u00fcrt iradesine, tarihine, diline, k\u00fclt\u00fcr\u00fcne, folkloruna yap\u0131lan bir m\u00fcdahaledir. Bir haf\u0131za k\u0131r\u0131m\u0131d\u0131r. Yolsuzlu\u011fun, h\u0131rs\u0131zl\u0131\u011f\u0131n, hukuksuzlu\u011fun, adaletsizli\u011fin cezas\u0131zl\u0131kla hukuki g\u00fcvenceye ba\u011fland\u0131\u011f\u0131 sistemdir. 21. y\u00fczy\u0131l\u0131n modern \u015fehir soygunudur. Bu kitap, kayyum sisteminin ger\u00e7ekli\u011fini te\u015fhir eden bu alandaki ilk \u00e7al\u0131\u015fma olmas\u0131 a\u00e7\u0131s\u0131ndan k\u0131ymetlidir. Dr. Mehmet DEM\u0130R Batman Belediyesi E\u015f Ba\u015fkan\u0131 <\/p>\n","protected":false},"excerpt":{"rendered":"<p>Se\u00e7imle kazanamad\u0131\u011f\u0131n\u0131, hukuksuzluk ile ele ge\u00e7irmeye \u00e7al\u0131\u015fan siyasi iktidar, se\u00e7me ve se\u00e7ilme hakk\u0131n\u0131 \u00e7i\u011fneyip, halk\u0131n yerel se\u00e7imlerde ortaya koydu\u011fu iradeyi kayyum y\u00f6netimiyle gasp ediyor. \u0130ktidar, bir<span class=\"excerpt-hellip\"> [\u2026]<\/span><\/p>\n","protected":false},"featured_media":0,"template":"","meta":{"_monsterinsights_skip_tracking":false,"_monsterinsights_sitenote_active":false,"_monsterinsights_sitenote_note":"","_monsterinsights_sitenote_category":0},"product_brand":[],"product_cat":[13590,12337],"product_tag":[],"class_list":{"0":"post-741298","1":"product","2":"type-product","3":"status-publish","5":"product_cat-arastirma-inceleme-politika-siyaset","6":"product_cat-politika-siyaset","7":"pa_cilt-ciltsiz","8":"pa_tur-kitap","9":"pa_yayinevi-karina-yayinevi","10":"pa_yazar-mustafa-yildiz","12":"first","13":"instock","14":"sale","15":"shipping-taxable","16":"purchasable","17":"product-type-simple"},"_links":{"self":[{"href":"https:\/\/roveyayinevi.com.tr\/index.php\/wp-json\/wp\/v2\/product\/741298","targetHints":{"allow":["GET"]}}],"collection":[{"href":"https:\/\/roveyayinevi.com.tr\/index.php\/wp-json\/wp\/v2\/product"}],"about":[{"href":"https:\/\/roveyayinevi.com.tr\/index.php\/wp-json\/wp\/v2\/types\/product"}],"wp:attachment":[{"href":"https:\/\/roveyayinevi.com.tr\/index.php\/wp-json\/wp\/v2\/media?parent=741298"}],"wp:term":[{"taxonomy":"product_brand","embeddable":true,"href":"https:\/\/roveyayinevi.com.tr\/index.php\/wp-json\/wp\/v2\/product_brand?post=741298"},{"taxonomy":"product_cat","embeddable":true,"href":"https:\/\/roveyayinevi.com.tr\/index.php\/wp-json\/wp\/v2\/product_cat?post=741298"},{"taxonomy":"product_tag","embeddable":true,"href":"https:\/\/roveyayinevi.com.tr\/index.php\/wp-json\/wp\/v2\/product_tag?post=741298"}],"curies":[{"name":"wp","href":"https:\/\/api.w.org\/{rel}","templated":true}]}}