{"id":741295,"date":"2025-08-28T00:46:34","date_gmt":"2025-08-27T21:46:34","guid":{"rendered":"https:\/\/roveyayinevi.com.tr\/index.php\/urun\/gonulden-dokulenler\/"},"modified":"2026-04-16T02:52:35","modified_gmt":"2026-04-15T23:52:35","slug":"gonulden-dokulenler","status":"publish","type":"product","link":"https:\/\/roveyayinevi.com.tr\/index.php\/urun\/gonulden-dokulenler\/","title":{"rendered":"G\u00f6n\u00fclden D\u00f6k\u00fclenler"},"content":{"rendered":"<p>1956, Erzurum Hasankale do\u011fumluyum. \u0130lk ve orta \u00f6\u011frenimimi Erzurum\u2019da tamamlad\u0131ktan sonra yine Erzurum Kaz\u0131m Karabekir E\u011fitim Enstit\u00fcs\u00fc\u2019nden 1979 y\u0131l\u0131nda mezun olup, ayn\u0131 y\u0131l \u00f6\u011fretmenli\u011fe ba\u015flad\u0131m. Erzurum 23 Temmuz Ortaokulu, Uzundere Lisesi, Pasinler Lisesi, daha sonra Elaz\u0131\u011f Maden \u0130mam Hatip Lisesi\u2019nde \u00f6\u011fretmenlik yapt\u0131m. Ankara \u015eerefliko\u00e7hisar Sar\u0131yah\u015fi kasabas\u0131nda bir s\u00fcre \u00f6\u011fretmenlik yapt\u0131ktan sonra, 1986-1992 y\u0131llar\u0131 aras\u0131nda \u015eerefliko\u00e7hisar Milli E\u011fitim \u015fube m\u00fcd\u00fcrl\u00fc\u011f\u00fc g\u00f6revinde bulundum. Daha sonra Ankara G\u00f6lba\u015f\u0131 Doktor \u015eerafettin Tombulo\u011flu Lisesi\u2019nde \u00f6\u011fretmenlik ve y\u00f6neticilik, Sincan S\u00fcleyman Demirel Anadolu Lisesi\u2019nde \u00f6\u011fretmenlik, Sincan Ahmet Andi\u00e7en Ticaret Meslek Lisesi\u2019nde \u00f6\u011fretmenlik ve y\u00f6neticilik yapt\u0131ktan sonra, uzun y\u0131llar Sincan Lisesi m\u00fcd\u00fcr\u00fc ve Sincan Selahattin Akbilek Lisesi m\u00fcd\u00fcr\u00fc olarak y\u00f6neticilik yapt\u0131m. Daha sonra Ankara Kahramankazan Ak\u0131nc\u0131-TA\u0130\u2019de, \u015eahin Ortaokulu\u2019ndaki g\u00f6revimden sonra, Ankara Polatl\u0131 13 Eyl\u00fcl Ortaokulu m\u00fcd\u00fcrl\u00fc\u011f\u00fc g\u00f6revini y\u00fcr\u00fctt\u00fc\u011f\u00fcm s\u0131rada, 2021 y\u0131l\u0131nda ya\u015f haddinden emekli olarak 42 y\u0131ll\u0131k meslek hayat\u0131ma noktay\u0131 koydum.   D\u00fcnyalar i\u00e7inde bir d\u00fcnyas\u0131n sen Ak\u0131llar\u0131 ba\u015ftan al\u0131\u015f\u0131n g\u00fczel \u00d6m\u00fcrde g\u00f6r\u00fclen tek r\u00fcyas\u0131n sen \u0130nsan\u0131 sevdaya sal\u0131\u015f\u0131n g\u00fczel.   <\/p>\n","protected":false},"excerpt":{"rendered":"<p>1956, Erzurum Hasankale do\u011fumluyum. \u0130lk ve orta \u00f6\u011frenimimi Erzurum\u2019da tamamlad\u0131ktan sonra yine Erzurum Kaz\u0131m Karabekir E\u011fitim Enstit\u00fcs\u00fc\u2019nden 1979 y\u0131l\u0131nda mezun olup, ayn\u0131 y\u0131l \u00f6\u011fretmenli\u011fe ba\u015flad\u0131m. Erzurum<span class=\"excerpt-hellip\"> [\u2026]<\/span><\/p>\n","protected":false},"featured_media":0,"template":"","meta":{"_monsterinsights_skip_tracking":false,"_monsterinsights_sitenote_active":false,"_monsterinsights_sitenote_note":"","_monsterinsights_sitenote_category":0},"product_brand":[],"product_cat":[12291,12509],"product_tag":[],"class_list":{"0":"post-741295","1":"product","2":"type-product","3":"status-publish","5":"product_cat-edebiyat","6":"product_cat-siir","7":"pa_cilt-ciltsiz","8":"pa_tur-kitap","9":"pa_yayinevi-karina-yayinevi","10":"pa_yazar-naci-gozeler","12":"first","13":"instock","14":"sale","15":"shipping-taxable","16":"purchasable","17":"product-type-simple"},"_links":{"self":[{"href":"https:\/\/roveyayinevi.com.tr\/index.php\/wp-json\/wp\/v2\/product\/741295","targetHints":{"allow":["GET"]}}],"collection":[{"href":"https:\/\/roveyayinevi.com.tr\/index.php\/wp-json\/wp\/v2\/product"}],"about":[{"href":"https:\/\/roveyayinevi.com.tr\/index.php\/wp-json\/wp\/v2\/types\/product"}],"wp:attachment":[{"href":"https:\/\/roveyayinevi.com.tr\/index.php\/wp-json\/wp\/v2\/media?parent=741295"}],"wp:term":[{"taxonomy":"product_brand","embeddable":true,"href":"https:\/\/roveyayinevi.com.tr\/index.php\/wp-json\/wp\/v2\/product_brand?post=741295"},{"taxonomy":"product_cat","embeddable":true,"href":"https:\/\/roveyayinevi.com.tr\/index.php\/wp-json\/wp\/v2\/product_cat?post=741295"},{"taxonomy":"product_tag","embeddable":true,"href":"https:\/\/roveyayinevi.com.tr\/index.php\/wp-json\/wp\/v2\/product_tag?post=741295"}],"curies":[{"name":"wp","href":"https:\/\/api.w.org\/{rel}","templated":true}]}}