{"id":741294,"date":"2025-08-28T00:46:32","date_gmt":"2025-08-27T21:46:32","guid":{"rendered":"https:\/\/roveyayinevi.com.tr\/index.php\/urun\/dikenli-kuyruk\/"},"modified":"2026-04-08T03:00:54","modified_gmt":"2026-04-08T00:00:54","slug":"dikenli-kuyruk","status":"publish","type":"product","link":"https:\/\/roveyayinevi.com.tr\/index.php\/urun\/dikenli-kuyruk\/","title":{"rendered":"Dikenli Kuyruk"},"content":{"rendered":"<p>Bir g\u00fcn bir yerlerde u\u00e7amayan, bilge bir ejderha g\u00f6r\u00fcrseniz, bilin ki o Dikenli Kuyruk&#8217;tur&#8230; <\/p>\n","protected":false},"excerpt":{"rendered":"<p>Bir g\u00fcn bir yerlerde u\u00e7amayan, bilge bir ejderha g\u00f6r\u00fcrseniz, bilin ki o Dikenli Kuyruk&#8217;tur&#8230;<\/p>\n","protected":false},"featured_media":0,"template":"","meta":{"_monsterinsights_skip_tracking":false,"_monsterinsights_sitenote_active":false,"_monsterinsights_sitenote_note":"","_monsterinsights_sitenote_category":0},"product_brand":[],"product_cat":[12291,12711],"product_tag":[],"class_list":{"0":"post-741294","1":"product","2":"type-product","3":"status-publish","5":"product_cat-edebiyat","6":"product_cat-roman-oyku","7":"pa_cilt-ciltsiz","8":"pa_tur-kitap","9":"pa_yayinevi-karina-yayinevi","10":"pa_yazar-nur-aktunc","12":"first","13":"instock","14":"sale","15":"shipping-taxable","16":"purchasable","17":"product-type-simple"},"_links":{"self":[{"href":"https:\/\/roveyayinevi.com.tr\/index.php\/wp-json\/wp\/v2\/product\/741294","targetHints":{"allow":["GET"]}}],"collection":[{"href":"https:\/\/roveyayinevi.com.tr\/index.php\/wp-json\/wp\/v2\/product"}],"about":[{"href":"https:\/\/roveyayinevi.com.tr\/index.php\/wp-json\/wp\/v2\/types\/product"}],"wp:attachment":[{"href":"https:\/\/roveyayinevi.com.tr\/index.php\/wp-json\/wp\/v2\/media?parent=741294"}],"wp:term":[{"taxonomy":"product_brand","embeddable":true,"href":"https:\/\/roveyayinevi.com.tr\/index.php\/wp-json\/wp\/v2\/product_brand?post=741294"},{"taxonomy":"product_cat","embeddable":true,"href":"https:\/\/roveyayinevi.com.tr\/index.php\/wp-json\/wp\/v2\/product_cat?post=741294"},{"taxonomy":"product_tag","embeddable":true,"href":"https:\/\/roveyayinevi.com.tr\/index.php\/wp-json\/wp\/v2\/product_tag?post=741294"}],"curies":[{"name":"wp","href":"https:\/\/api.w.org\/{rel}","templated":true}]}}