{"id":741293,"date":"2025-08-28T00:46:31","date_gmt":"2025-08-27T21:46:31","guid":{"rendered":"https:\/\/roveyayinevi.com.tr\/index.php\/urun\/ejderha-puskururken\/"},"modified":"2026-04-03T02:56:53","modified_gmt":"2026-04-02T23:56:53","slug":"ejderha-puskururken","status":"publish","type":"product","link":"https:\/\/roveyayinevi.com.tr\/index.php\/urun\/ejderha-puskururken\/","title":{"rendered":"Ejderha P\u00fcsk\u00fcr\u00fcrken"},"content":{"rendered":"<p>Bug\u00fcn i\u00e7in \u00e7ok bekledi. \u00d6nce sadece bir hayaldi. Kimin rahmine d\u00fc\u015fece\u011fini bekledi. Sonra bir tohum oldu. Kendi kendisini besledi. Sonra yumurtaya evrildi. Yumurtadan beslenmesi gerekti. Beden b\u00fct\u00fcnlenince, Kabuk i\u00e7erden \u00e7atlad\u0131. Kanatlan\u0131ncaya dek olgunla\u015ft\u0131. Art\u0131k o bir Ejderhayd\u0131. Kendi kanatlar\u0131yla u\u00e7maya haz\u0131rd\u0131. Kanatlar\u0131n\u0131 kocaman a\u00e7t\u0131. \u00d6zg\u00fcrce u\u00e7abilmek i\u00e7in kendisini mavi derinli\u011fe b\u0131rakt\u0131. Sen de onunla u\u00e7mak ister misin? Hayata bir de onun perspektifinden bakmak ister misin? Biraz irtifa kaydedeceksin. \u00dcst\u00fcnde bir a\u011f\u0131rl\u0131k olacak, bilmelisin. Sen ona \u201dG kuvveti\u201d diyebilirsin. Gidebildi\u011fin yere kadar gidersin, dayanamad\u0131\u011f\u0131n yerde inersin. Onu da \u00f6zg\u00fcrl\u00fc\u011f\u00fcne sal\u0131verirsin. U\u00e7 Ejderha\u2026 <\/p>\n","protected":false},"excerpt":{"rendered":"<p>Bug\u00fcn i\u00e7in \u00e7ok bekledi. \u00d6nce sadece bir hayaldi. Kimin rahmine d\u00fc\u015fece\u011fini bekledi. Sonra bir tohum oldu. Kendi kendisini besledi. Sonra yumurtaya evrildi. Yumurtadan beslenmesi gerekti. Beden<span class=\"excerpt-hellip\"> [\u2026]<\/span><\/p>\n","protected":false},"featured_media":0,"template":"","meta":{"_monsterinsights_skip_tracking":false,"_monsterinsights_sitenote_active":false,"_monsterinsights_sitenote_note":"","_monsterinsights_sitenote_category":0},"product_brand":[],"product_cat":[12364,12376],"product_tag":[],"class_list":{"0":"post-741293","1":"product","2":"type-product","3":"status-publish","5":"product_cat-genel-konular","6":"product_cat-kisisel-gelisim","7":"pa_cilt-ciltsiz","8":"pa_tur-kitap","9":"pa_yayinevi-karina-yayinevi","10":"pa_yazar-seda-ozkazanc","12":"first","13":"instock","14":"sale","15":"shipping-taxable","16":"purchasable","17":"product-type-simple"},"_links":{"self":[{"href":"https:\/\/roveyayinevi.com.tr\/index.php\/wp-json\/wp\/v2\/product\/741293","targetHints":{"allow":["GET"]}}],"collection":[{"href":"https:\/\/roveyayinevi.com.tr\/index.php\/wp-json\/wp\/v2\/product"}],"about":[{"href":"https:\/\/roveyayinevi.com.tr\/index.php\/wp-json\/wp\/v2\/types\/product"}],"wp:attachment":[{"href":"https:\/\/roveyayinevi.com.tr\/index.php\/wp-json\/wp\/v2\/media?parent=741293"}],"wp:term":[{"taxonomy":"product_brand","embeddable":true,"href":"https:\/\/roveyayinevi.com.tr\/index.php\/wp-json\/wp\/v2\/product_brand?post=741293"},{"taxonomy":"product_cat","embeddable":true,"href":"https:\/\/roveyayinevi.com.tr\/index.php\/wp-json\/wp\/v2\/product_cat?post=741293"},{"taxonomy":"product_tag","embeddable":true,"href":"https:\/\/roveyayinevi.com.tr\/index.php\/wp-json\/wp\/v2\/product_tag?post=741293"}],"curies":[{"name":"wp","href":"https:\/\/api.w.org\/{rel}","templated":true}]}}