{"id":741290,"date":"2025-08-28T00:46:27","date_gmt":"2025-08-27T21:46:27","guid":{"rendered":"https:\/\/roveyayinevi.com.tr\/index.php\/urun\/ragmen-5-raki\/"},"modified":"2026-04-16T02:52:35","modified_gmt":"2026-04-15T23:52:35","slug":"ragmen-5-raki","status":"publish","type":"product","link":"https:\/\/roveyayinevi.com.tr\/index.php\/urun\/ragmen-5-raki\/","title":{"rendered":"Ra\u011fmen 5 &#8211; Rak\u0131"},"content":{"rendered":"<p>Annesine olan borcunu \u00f6demek i\u00e7in babas\u0131n\u0131n \u00f6l\u00fcm\u00fcne \u00fcz\u00fclemeyenlerin, k\u00fc\u00e7\u00fcc\u00fck bir odaya kalabal\u0131k bir masay\u0131 s\u0131\u011fd\u0131ranlar\u0131n, k\u0131z\u0131n\u0131n s\u00f6z\u00fcn\u00fc dinleyerek yolunu bulan annelerin, kalbinin varl\u0131\u011f\u0131ndan bihaber ya\u015farken aniden fark edenlerin, kepenkleri kapanana kadar i\u00e7inde terapi seanslar\u0131 yap\u0131lan meyhanelerin, ilk kar\u015f\u0131la\u015fmada \u201cSeninle nas\u0131l da mutluyduk\u2026\u201d diye i\u00e7 ge\u00e7iren mutsuzlar\u0131n, hayatlar\u0131n\u0131n kara kedisinden bir t\u00fcrl\u00fc ka\u00e7amayanlar\u0131n, sevdi\u011fi \u015fark\u0131n\u0131n gelmeyen nakarat\u0131n\u0131 bekleyenlerin, i\u00e7meyi babas\u0131ndan \u00f6\u011frenmeyenlerin, \u00f6lemeyenlerin hik\u00e2yeleri\u2026 Burada. \u015eerefe!   Bu kitab\u0131n telif geliri Derin Yoksulluk A\u011f\u0131\u2019na ba\u011f\u0131\u015flanacakt\u0131r. <\/p>\n","protected":false},"excerpt":{"rendered":"<p>Annesine olan borcunu \u00f6demek i\u00e7in babas\u0131n\u0131n \u00f6l\u00fcm\u00fcne \u00fcz\u00fclemeyenlerin, k\u00fc\u00e7\u00fcc\u00fck bir odaya kalabal\u0131k bir masay\u0131 s\u0131\u011fd\u0131ranlar\u0131n, k\u0131z\u0131n\u0131n s\u00f6z\u00fcn\u00fc dinleyerek yolunu bulan annelerin, kalbinin varl\u0131\u011f\u0131ndan bihaber ya\u015farken aniden<span class=\"excerpt-hellip\"> [\u2026]<\/span><\/p>\n","protected":false},"featured_media":0,"template":"","meta":{"_monsterinsights_skip_tracking":false,"_monsterinsights_sitenote_active":false,"_monsterinsights_sitenote_note":"","_monsterinsights_sitenote_category":0},"product_brand":[],"product_cat":[30023,13527],"product_tag":[],"class_list":{"0":"post-741290","1":"product","2":"type-product","3":"status-publish","5":"product_cat-edebiyat-sureli-yayinlar","6":"product_cat-sureli-yayinlar","7":"pa_cilt-ciltsiz","8":"pa_tur-dergi","9":"pa_yayinevi-kara-karga-yayinlari","10":"pa_yazar-kara-karga-yayinlari-kolektif","12":"first","13":"instock","14":"sale","15":"shipping-taxable","16":"purchasable","17":"product-type-simple"},"_links":{"self":[{"href":"https:\/\/roveyayinevi.com.tr\/index.php\/wp-json\/wp\/v2\/product\/741290","targetHints":{"allow":["GET"]}}],"collection":[{"href":"https:\/\/roveyayinevi.com.tr\/index.php\/wp-json\/wp\/v2\/product"}],"about":[{"href":"https:\/\/roveyayinevi.com.tr\/index.php\/wp-json\/wp\/v2\/types\/product"}],"wp:attachment":[{"href":"https:\/\/roveyayinevi.com.tr\/index.php\/wp-json\/wp\/v2\/media?parent=741290"}],"wp:term":[{"taxonomy":"product_brand","embeddable":true,"href":"https:\/\/roveyayinevi.com.tr\/index.php\/wp-json\/wp\/v2\/product_brand?post=741290"},{"taxonomy":"product_cat","embeddable":true,"href":"https:\/\/roveyayinevi.com.tr\/index.php\/wp-json\/wp\/v2\/product_cat?post=741290"},{"taxonomy":"product_tag","embeddable":true,"href":"https:\/\/roveyayinevi.com.tr\/index.php\/wp-json\/wp\/v2\/product_tag?post=741290"}],"curies":[{"name":"wp","href":"https:\/\/api.w.org\/{rel}","templated":true}]}}