{"id":741289,"date":"2025-08-28T00:46:26","date_gmt":"2025-08-27T21:46:26","guid":{"rendered":"https:\/\/roveyayinevi.com.tr\/index.php\/urun\/kayip-insan\/"},"modified":"2026-04-11T14:10:24","modified_gmt":"2026-04-11T11:10:24","slug":"kayip-insan","status":"publish","type":"product","link":"https:\/\/roveyayinevi.com.tr\/index.php\/urun\/kayip-insan\/","title":{"rendered":"Kay\u0131p \u0130nsan"},"content":{"rendered":"<p>KEND\u0130 HAYATINIZDA S\u0130Z NE KADAR VARSINIZ?   Ne kadar kendinizsiniz? Bir \u00e7ocuk \u00f6zg\u00fcrl\u00fc\u011f\u00fcnde ya\u015fayabiliyor musunuz hayat\u0131? Yoksa birbiriyle konu\u015fmayan iki yabanc\u0131 m\u0131 var bedeninizde? Ba\u015fkalar\u0131na tan\u0131d\u0131k, kendinize yabanc\u0131 olmay\u0131n! Bu kitap, kay\u0131p insan\u0131 anlat\u0131yor. Kendi hayat\u0131nda kaybolanlar\u0131&#8230; Her insan biraz kay\u0131pt\u0131r. Kazanmak istiyorsan\u0131z, \u00f6nce kendinizi yan\u0131n\u0131za alman\u0131z gerekir. Aksi halde, g\u00fc\u00e7l\u00fc bir \u00f6zg\u00fcrl\u00fck sava\u015f\u00e7\u0131s\u0131 olamazs\u0131n\u0131z. Ger\u00e7ek ba\u015far\u0131, kendi olma cesaretini g\u00f6stermektir. Kitab\u0131n kapa\u011f\u0131n\u0131 a\u00e7t\u0131\u011f\u0131n\u0131zda, kendi i\u00e7inize gireceksiniz! \u0130\u00e7inizdeki o kay\u0131p par\u00e7alar\u0131 ke\u015ffedeceksiniz. Her \u015feyi a\u00e7\u0131k se\u00e7ik konu\u015faca\u011f\u0131z. Bu b\u00fcy\u00fcl\u00fc sohbetle \u00f6yle bir d\u00f6n\u00fc\u015feceksiniz ki gelece\u011finiz size te\u015fekk\u00fcr edecek. Art\u0131k kay\u0131p y\u00f6n\u00fcm\u00fczle y\u00fczle\u015fme zaman\u0131.   <\/p>\n","protected":false},"excerpt":{"rendered":"<p>KEND\u0130 HAYATINIZDA S\u0130Z NE KADAR VARSINIZ? Ne kadar kendinizsiniz? Bir \u00e7ocuk \u00f6zg\u00fcrl\u00fc\u011f\u00fcnde ya\u015fayabiliyor musunuz hayat\u0131? Yoksa birbiriyle konu\u015fmayan iki yabanc\u0131 m\u0131 var bedeninizde? Ba\u015fkalar\u0131na tan\u0131d\u0131k, kendinize<span class=\"excerpt-hellip\"> [\u2026]<\/span><\/p>\n","protected":false},"featured_media":0,"template":"","meta":{"_monsterinsights_skip_tracking":false,"_monsterinsights_sitenote_active":false,"_monsterinsights_sitenote_note":"","_monsterinsights_sitenote_category":0},"product_brand":[],"product_cat":[12364,12376],"product_tag":[],"class_list":{"0":"post-741289","1":"product","2":"type-product","3":"status-publish","5":"product_cat-genel-konular","6":"product_cat-kisisel-gelisim","7":"pa_cilt-ciltsiz","8":"pa_tur-kitap","9":"pa_yayinevi-destek-yayinlari","10":"pa_yazar-serap-serenat","12":"first","13":"instock","14":"sale","15":"shipping-taxable","16":"purchasable","17":"product-type-simple"},"_links":{"self":[{"href":"https:\/\/roveyayinevi.com.tr\/index.php\/wp-json\/wp\/v2\/product\/741289","targetHints":{"allow":["GET"]}}],"collection":[{"href":"https:\/\/roveyayinevi.com.tr\/index.php\/wp-json\/wp\/v2\/product"}],"about":[{"href":"https:\/\/roveyayinevi.com.tr\/index.php\/wp-json\/wp\/v2\/types\/product"}],"wp:attachment":[{"href":"https:\/\/roveyayinevi.com.tr\/index.php\/wp-json\/wp\/v2\/media?parent=741289"}],"wp:term":[{"taxonomy":"product_brand","embeddable":true,"href":"https:\/\/roveyayinevi.com.tr\/index.php\/wp-json\/wp\/v2\/product_brand?post=741289"},{"taxonomy":"product_cat","embeddable":true,"href":"https:\/\/roveyayinevi.com.tr\/index.php\/wp-json\/wp\/v2\/product_cat?post=741289"},{"taxonomy":"product_tag","embeddable":true,"href":"https:\/\/roveyayinevi.com.tr\/index.php\/wp-json\/wp\/v2\/product_tag?post=741289"}],"curies":[{"name":"wp","href":"https:\/\/api.w.org\/{rel}","templated":true}]}}