{"id":741288,"date":"2025-08-28T00:46:25","date_gmt":"2025-08-27T21:46:25","guid":{"rendered":"https:\/\/roveyayinevi.com.tr\/index.php\/urun\/ilk-namaz-3\/"},"modified":"2026-04-16T02:52:35","modified_gmt":"2026-04-15T23:52:35","slug":"ilk-namaz-3","status":"publish","type":"product","link":"https:\/\/roveyayinevi.com.tr\/index.php\/urun\/ilk-namaz-3\/","title":{"rendered":"\u0130lk Namaz"},"content":{"rendered":"<p>Galiba yine b\u00f6yle bir k\u0131\u015ft\u0131. Onun odas\u0131na biti\u015fik olan k\u00fc\u00e7\u00fck odamdaki karyolamda uyurken, ate\u015fli ve u\u00e7ucu bir \u00f6p\u00fcc\u00fck gibi aln\u0131m\u0131 ok\u015fayan nazik eli ve ince parmaklar\u0131yla sa\u00e7lar\u0131m\u0131 tarayarak, \u201cHaydi, \u00d6merci\u011fim kalk,\u201d demi\u015fti, \u201cKalk haydi yavrucu\u011fum.\u201d Ben g\u00f6zlerimi a\u00e7m\u0131\u015ft\u0131m\u2026 \u201cFakat anneci\u011fim,\u201d demi\u015ftim, \u201cdaha gece!\u201d Her zaman \u00f6pt\u00fc\u011f\u00fc yerden, sol ka\u015f\u0131m\u0131n ucundan tekrar \u00f6perek, \u201cYok, yavrucu\u011fum, saat on iki sonra vakit ge\u00e7er,\u201d diye beni koltuklar\u0131mdan tutarak kald\u0131rd\u0131. \u0130\u00e7i y\u00fcnl\u00fc k\u00fc\u00e7\u00fck terliklerimi giyip g\u00f6zlerimi yumruklar\u0131mla ovu\u015fturarak onu takip ettim.T\u00fcrk edebiyat\u0131n\u0131n \u00f6nemli isimlerinden \u00d6mer Seyfettin\u2019in, ya\u015fad\u0131\u011f\u0131 d\u00f6nemi, ge\u00e7mi\u015fi ve gelecek hayallerini i\u00e7tenlikle anlatt\u0131\u011f\u0131 klasikle\u015fmi\u015f \u00f6yk\u00fclerinin derlendi\u011fi bu kitap, okuma yolculu\u011funda ilerleyen b\u00fct\u00fcn \u00e7ocuklar i\u00e7in bir hazine niteli\u011finde&#8230;(Tan\u0131t\u0131m B\u00fclteninden)<\/p>\n","protected":false},"excerpt":{"rendered":"<p>Galiba yine b\u00f6yle bir k\u0131\u015ft\u0131. Onun odas\u0131na biti\u015fik olan k\u00fc\u00e7\u00fck odamdaki karyolamda uyurken, ate\u015fli ve u\u00e7ucu bir \u00f6p\u00fcc\u00fck gibi aln\u0131m\u0131 ok\u015fayan nazik eli ve ince parmaklar\u0131yla<span class=\"excerpt-hellip\"> [\u2026]<\/span><\/p>\n","protected":false},"featured_media":0,"template":"","meta":{"_monsterinsights_skip_tracking":false,"_monsterinsights_sitenote_active":false,"_monsterinsights_sitenote_note":"","_monsterinsights_sitenote_category":0},"product_brand":[],"product_cat":[12274,18802],"product_tag":[],"class_list":{"0":"post-741288","1":"product","2":"type-product","3":"status-publish","5":"product_cat-cocuk-ve-genclik-kitaplari","6":"product_cat-din-egitimi","7":"pa_cilt-ciltsiz","8":"pa_tur-kitap","9":"pa_yayinevi-turkuvaz-kitap","10":"pa_yazar-omer-seyfettin","12":"first","13":"instock","14":"sale","15":"shipping-taxable","16":"purchasable","17":"product-type-simple"},"_links":{"self":[{"href":"https:\/\/roveyayinevi.com.tr\/index.php\/wp-json\/wp\/v2\/product\/741288","targetHints":{"allow":["GET"]}}],"collection":[{"href":"https:\/\/roveyayinevi.com.tr\/index.php\/wp-json\/wp\/v2\/product"}],"about":[{"href":"https:\/\/roveyayinevi.com.tr\/index.php\/wp-json\/wp\/v2\/types\/product"}],"wp:attachment":[{"href":"https:\/\/roveyayinevi.com.tr\/index.php\/wp-json\/wp\/v2\/media?parent=741288"}],"wp:term":[{"taxonomy":"product_brand","embeddable":true,"href":"https:\/\/roveyayinevi.com.tr\/index.php\/wp-json\/wp\/v2\/product_brand?post=741288"},{"taxonomy":"product_cat","embeddable":true,"href":"https:\/\/roveyayinevi.com.tr\/index.php\/wp-json\/wp\/v2\/product_cat?post=741288"},{"taxonomy":"product_tag","embeddable":true,"href":"https:\/\/roveyayinevi.com.tr\/index.php\/wp-json\/wp\/v2\/product_tag?post=741288"}],"curies":[{"name":"wp","href":"https:\/\/api.w.org\/{rel}","templated":true}]}}