{"id":741286,"date":"2025-08-28T00:46:21","date_gmt":"2025-08-27T21:46:21","guid":{"rendered":"https:\/\/roveyayinevi.com.tr\/index.php\/urun\/kurdun-oglu\/"},"modified":"2026-04-16T02:52:35","modified_gmt":"2026-04-15T23:52:35","slug":"kurdun-oglu","status":"publish","type":"product","link":"https:\/\/roveyayinevi.com.tr\/index.php\/urun\/kurdun-oglu\/","title":{"rendered":"Kurdun O\u011flu"},"content":{"rendered":"<p>Vah\u015fetin \u00c7a\u011fr\u0131s\u0131, Beyaz G\u00f6lge, Martin Eden gibi romanlar\u0131n yazar\u0131 Jack London ilk \u00fcn\u00fcn\u00fc, alt\u0131na h\u00fccum \u00e7a\u011f\u0131 \u00f6yk\u00fcleriyle kazanm\u0131\u015ft\u0131. \u0130nsan\u0131n vah\u015fi do\u011fada hayatta kalma m\u00fccadelesini anlatan Kurdun O\u011flu bu \u00f6yk\u00fclerin derlenmesinden olu\u015fan bir kitap.Miras\u0131n\u0131n pe\u015finden giden ve kemiklerini kutup dairesinin g\u00f6lgelerinde b\u0131rakan kurdun o\u011fullar\u0131na.(Tan\u0131t\u0131m B\u00fclteninden)<\/p>\n","protected":false},"excerpt":{"rendered":"<p>Vah\u015fetin \u00c7a\u011fr\u0131s\u0131, Beyaz G\u00f6lge, Martin Eden gibi romanlar\u0131n yazar\u0131 Jack London ilk \u00fcn\u00fcn\u00fc, alt\u0131na h\u00fccum \u00e7a\u011f\u0131 \u00f6yk\u00fcleriyle kazanm\u0131\u015ft\u0131. \u0130nsan\u0131n vah\u015fi do\u011fada hayatta kalma m\u00fccadelesini anlatan Kurdun<span class=\"excerpt-hellip\"> [\u2026]<\/span><\/p>\n","protected":false},"featured_media":0,"template":"","meta":{"_monsterinsights_skip_tracking":false,"_monsterinsights_sitenote_active":false,"_monsterinsights_sitenote_note":"","_monsterinsights_sitenote_category":0},"product_brand":[],"product_cat":[12291,12711],"product_tag":[],"class_list":{"0":"post-741286","1":"product","2":"type-product","3":"status-publish","5":"product_cat-edebiyat","6":"product_cat-roman-oyku","7":"pa_cilt-ciltsiz","8":"pa_tur-kitap","9":"pa_yayinevi-turkuvaz-kitap","10":"pa_yazar-jack-london","12":"first","13":"instock","14":"sale","15":"shipping-taxable","16":"purchasable","17":"product-type-simple"},"_links":{"self":[{"href":"https:\/\/roveyayinevi.com.tr\/index.php\/wp-json\/wp\/v2\/product\/741286","targetHints":{"allow":["GET"]}}],"collection":[{"href":"https:\/\/roveyayinevi.com.tr\/index.php\/wp-json\/wp\/v2\/product"}],"about":[{"href":"https:\/\/roveyayinevi.com.tr\/index.php\/wp-json\/wp\/v2\/types\/product"}],"wp:attachment":[{"href":"https:\/\/roveyayinevi.com.tr\/index.php\/wp-json\/wp\/v2\/media?parent=741286"}],"wp:term":[{"taxonomy":"product_brand","embeddable":true,"href":"https:\/\/roveyayinevi.com.tr\/index.php\/wp-json\/wp\/v2\/product_brand?post=741286"},{"taxonomy":"product_cat","embeddable":true,"href":"https:\/\/roveyayinevi.com.tr\/index.php\/wp-json\/wp\/v2\/product_cat?post=741286"},{"taxonomy":"product_tag","embeddable":true,"href":"https:\/\/roveyayinevi.com.tr\/index.php\/wp-json\/wp\/v2\/product_tag?post=741286"}],"curies":[{"name":"wp","href":"https:\/\/api.w.org\/{rel}","templated":true}]}}